{"id":2571,"date":"2026-01-22T09:34:46","date_gmt":"2026-01-22T08:34:46","guid":{"rendered":"https:\/\/shop.steel-containers.com\/produkt\/runde-auffangwanne-fuer-200-liter-fass\/"},"modified":"2026-03-13T10:55:05","modified_gmt":"2026-03-13T09:55:05","slug":"runde-auffangwanne-fuer-200-liter-fass","status":"publish","type":"product","link":"https:\/\/shop.steel-containers.com\/de\/produkt\/runde-auffangwanne-fuer-200-liter-fass\/","title":{"rendered":"Runde Auffangwanne f\u00fcr 200-Liter-Fass"},"content":{"rendered":"<p class=\"\" data-start=\"162\" data-end=\"568\">Runde Auffangwanne zur Sicherung eines einzelnen 200-Liter-Fasses, gefertigt aus widerstandsf\u00e4higem Kunststoff. Ausgestattet mit vier Einfahr\u00f6ffnungen f\u00fcr die Gabeln eines Gabelstaplers, erm\u00f6glicht sie den sicheren Transport von F\u00e4ssern. Sie sch\u00fctzt vor dem Austreten von Fl\u00fcssigkeiten, reduziert die Rutschgefahr f\u00fcr Mitarbeiter und erleichtert die Sauberkeit am Arbeitsplatz. Ideal zur tempor\u00e4ren Sicherung von F\u00e4ssern und anderen Beh\u00e4ltern mit Fl\u00fcssigkeiten.<\/p>\n<p class=\"\" data-start=\"570\" data-end=\"719\"><strong data-start=\"570\" data-end=\"595\">Technische Daten:<\/strong><br data-start=\"595\" data-end=\"598\" \/>Durchmesser 826 mm<br data-start=\"662\" data-end=\"665\" \/>H\u00f6he 220 mm<br \/>\nAuffangvolumen 55 l<br \/>\nStatische Tragf\u00e4higkeit 680 kg<br \/>\nDynamische Tragf\u00e4higkeit 350 kg<\/p>\n","protected":false},"excerpt":{"rendered":"<p><strong>Runde Kunststoff-Auffangwanne f\u00fcr ein 200-Liter-Fass mit 55 l Auffangvolumen. Sichere L\u00f6sung f\u00fcr Transport und tempor\u00e4re Lagerung von Fl\u00fcssigkeiten.<br \/>\n<\/strong><\/p>\n","protected":false},"featured_media":2572,"comment_status":"open","ping_status":"closed","template":"","meta":[],"product_brand":[],"product_cat":[396],"product_tag":[],"class_list":{"0":"post-2571","1":"product","2":"type-product","3":"status-publish","4":"has-post-thumbnail","6":"product_cat-auffangwannen-aus-polyethylen","7":"product_shipping_class-kurier-200","9":"first","10":"instock","11":"taxable","12":"shipping-taxable","13":"purchasable","14":"product-type-simple"},"_links":{"self":[{"href":"https:\/\/shop.steel-containers.com\/de\/wp-json\/wp\/v2\/product\/2571","targetHints":{"allow":["GET"]}}],"collection":[{"href":"https:\/\/shop.steel-containers.com\/de\/wp-json\/wp\/v2\/product"}],"about":[{"href":"https:\/\/shop.steel-containers.com\/de\/wp-json\/wp\/v2\/types\/product"}],"replies":[{"embeddable":true,"href":"https:\/\/shop.steel-containers.com\/de\/wp-json\/wp\/v2\/comments?post=2571"}],"wp:featuredmedia":[{"embeddable":true,"href":"https:\/\/shop.steel-containers.com\/de\/wp-json\/wp\/v2\/media\/2572"}],"wp:attachment":[{"href":"https:\/\/shop.steel-containers.com\/de\/wp-json\/wp\/v2\/media?parent=2571"}],"wp:term":[{"taxonomy":"product_brand","embeddable":true,"href":"https:\/\/shop.steel-containers.com\/de\/wp-json\/wp\/v2\/product_brand?post=2571"},{"taxonomy":"product_cat","embeddable":true,"href":"https:\/\/shop.steel-containers.com\/de\/wp-json\/wp\/v2\/product_cat?post=2571"},{"taxonomy":"product_tag","embeddable":true,"href":"https:\/\/shop.steel-containers.com\/de\/wp-json\/wp\/v2\/product_tag?post=2571"}],"curies":[{"name":"wp","href":"https:\/\/api.w.org\/{rel}","templated":true}]}}