{"id":2581,"date":"2026-01-22T09:34:45","date_gmt":"2026-01-22T08:34:45","guid":{"rendered":"https:\/\/shop.steel-containers.com\/produkt\/niedrige-auffangwanne-mit-ablassstopfen-fuer-2-faesser-volumen-83-150-l\/"},"modified":"2026-03-13T10:55:46","modified_gmt":"2026-03-13T09:55:46","slug":"niedrige-auffangwanne-mit-ablassstopfen-fuer-2-faesser-volumen-83-150-l","status":"publish","type":"product","link":"https:\/\/shop.steel-containers.com\/de\/produkt\/niedrige-auffangwanne-mit-ablassstopfen-fuer-2-faesser-volumen-83-150-l\/","title":{"rendered":"Niedrige Auffangwanne mit Ablassstopfen f\u00fcr 2 F\u00e4sser (Volumen 83 \/ 150 l)"},"content":{"rendered":"<p>Auffangwanne aus Kunststoff zur Lagerung von zwei 200-Liter-F\u00e4ssern. Erh\u00e4ltlich in zwei H\u00f6henvarianten \u2013 16,5 cm mit einem Auffangvolumen von 83 l sowie 30 cm mit einem Auffangvolumen von 150 l. Der Boden der Wanne ist mit einem abschraubbaren Ablassstopfen ausgestattet, der das Entleeren erleichtert. Die Wanne ist f\u00fcr die Handhabung mit Gabelstapler oder Palettenhubwagen geeignet.<\/p>\n<p>Produkteigenschaften:<\/p>\n<p>Sichere Lagerung verschiedener Stoffe und Schutz vor Leckagen<\/p>\n<p>Herausnehmbarer Gitterrost f\u00fcr einfache Reinigung und Entleerung der Wanne<\/p>\n<p>Abschraubbarer Ablassstopfen f\u00fcr komfortables Entfernen ausgelaufener Fl\u00fcssigkeiten<\/p>\n<p>Au\u00dfenabmessungen:<br \/>\n130 \u00d7 68 cm<br \/>\nTragf\u00e4higkeit:<br \/>\nStatisch 1200 kg<br \/>\nDynamisch 650 k<\/p>\n<p>Varianten:<\/p>\n<p>H\u00f6he 16,5 cm \u2013 Auffangvolumen 83 l<\/p>\n<p>H\u00f6he 30 cm \u2013 Auffangvolumen 150 l<\/p>\n<p>&nbsp;<\/p>\n","protected":false},"excerpt":{"rendered":"<p><strong>Niedrige Kunststoff-Auffangwanne f\u00fcr zwei 200-Liter-F\u00e4sser mit Ablassstopfen. Erh\u00e4ltlich in Varianten mit 83 oder 150 Litern Auffangvolumen. Sichere und praktische L\u00f6sung f\u00fcr die Lagerung von Fl\u00fcssigkeiten.<br \/>\n<\/strong><\/p>\n","protected":false},"featured_media":2582,"comment_status":"open","ping_status":"closed","template":"","meta":[],"product_brand":[],"product_cat":[396],"product_tag":[],"class_list":{"0":"post-2581","1":"product","2":"type-product","3":"status-publish","4":"has-post-thumbnail","6":"product_cat-auffangwannen-aus-polyethylen","8":"first","9":"outofstock","10":"taxable","11":"shipping-taxable","12":"product-type-variable"},"_links":{"self":[{"href":"https:\/\/shop.steel-containers.com\/de\/wp-json\/wp\/v2\/product\/2581","targetHints":{"allow":["GET"]}}],"collection":[{"href":"https:\/\/shop.steel-containers.com\/de\/wp-json\/wp\/v2\/product"}],"about":[{"href":"https:\/\/shop.steel-containers.com\/de\/wp-json\/wp\/v2\/types\/product"}],"replies":[{"embeddable":true,"href":"https:\/\/shop.steel-containers.com\/de\/wp-json\/wp\/v2\/comments?post=2581"}],"wp:featuredmedia":[{"embeddable":true,"href":"https:\/\/shop.steel-containers.com\/de\/wp-json\/wp\/v2\/media\/2582"}],"wp:attachment":[{"href":"https:\/\/shop.steel-containers.com\/de\/wp-json\/wp\/v2\/media?parent=2581"}],"wp:term":[{"taxonomy":"product_brand","embeddable":true,"href":"https:\/\/shop.steel-containers.com\/de\/wp-json\/wp\/v2\/product_brand?post=2581"},{"taxonomy":"product_cat","embeddable":true,"href":"https:\/\/shop.steel-containers.com\/de\/wp-json\/wp\/v2\/product_cat?post=2581"},{"taxonomy":"product_tag","embeddable":true,"href":"https:\/\/shop.steel-containers.com\/de\/wp-json\/wp\/v2\/product_tag?post=2581"}],"curies":[{"name":"wp","href":"https:\/\/api.w.org\/{rel}","templated":true}]}}