{"id":2630,"date":"2026-01-22T09:32:43","date_gmt":"2026-01-22T08:32:43","guid":{"rendered":"https:\/\/shop.steel-containers.com\/produkt\/kippbehaelter-ntk-hd-2500\/"},"modified":"2026-01-22T09:32:43","modified_gmt":"2026-01-22T08:32:43","slug":"kippbehaelter-ntk-hd-2500","status":"publish","type":"product","link":"https:\/\/shop.steel-containers.com\/de\/produkt\/kippbehaelter-ntk-hd-2500\/","title":{"rendered":"Kippbeh\u00e4lter NTK HD 2500"},"content":{"rendered":"<p data-path-to-node=\"10\">Der Kippbeh\u00e4lter NTK HD 2500 ist der gr\u00f6\u00dfte, breiteste und kapazit\u00e4tsst\u00e4rkste Beh\u00e4lter in unserem Sortiment, entwickelt f\u00fcr Unternehmen, die keine Kompromisse eingehen. Mit einem beeindruckenden Fassungsverm\u00f6gen von 2.500 Litern und einer Tragf\u00e4higkeit von 2.000 kg ist dieses Modell unverzichtbar beim Handling von sperrigen Abf\u00e4llen, leichtem volumin\u00f6sem Schrott und Sch\u00fcttg\u00fctern in gro\u00dfen Produktionsbetrieben. Sein Einsatz erm\u00f6glicht eine drastische Optimierung der internen Logistik durch Reduzierung der Staplerfahrten zu den Abfallsammelstellen.  <\/p>\n<h2 data-path-to-node=\"11\">Technische Parameter des Modells NTK HD 2500<\/h2>\n<p data-path-to-node=\"12\">Was dieses Modell von kleineren Versionen unterscheidet, sind seine Abmessungen, die f\u00fcr die Arbeit mit gro\u00dfen Materialmengen angepasst sind. Der Kippbeh\u00e4lter NTK HD 2500 hat eine Breite von stolzen 1.940 mm, was ihn zur idealen L\u00f6sung f\u00fcr die Sammlung breiter Abf\u00e4lle macht (z. B. lange Leisten, zerbrochene Paletten, gro\u00dfe Kunststoffplatten). Die Gesamtl\u00e4nge betr\u00e4gt 2.190 mm und die H\u00f6he 1.375 mm. <\/p>\n<p data-path-to-node=\"13\">Trotz des gro\u00dfen Volumens beh\u00e4lt die Konstruktion die f\u00fcr die Heavy-Duty-Klasse charakteristische Steifigkeit bei. Der Beh\u00e4lter ist aus 3 mm starkem Blech gefertigt, und der Grundrahmen wurde mit 4 mm Blech verst\u00e4rkt. Die Solidit\u00e4t der Verarbeitung wird durch das Eigengewicht des Beh\u00e4lters von 325 kg best\u00e4tigt. Die Oberkante verf\u00fcgt \u00fcber eine zus\u00e4tzliche umlaufende Verst\u00e4rkung, die ein \u201eAufbl\u00e4hen\u201c der Seitenw\u00e4nde unter dem Druck schwerer Lasten verhindert.   <\/p>\n<h3 data-path-to-node=\"14\">Dichtheit und Vielseitigkeit der Anwendungen<\/h3>\n<p data-path-to-node=\"15\">Jeder Kippbeh\u00e4lter NTK HD 2500 ist doppelseitig verschwei\u00dft. Die Verwendung von durchgehenden Schwei\u00dfn\u00e4hten garantiert eine 100%ige Dichtheit des Beh\u00e4lters. Dadurch eignet sich dieser Container trotz seiner Auslegung f\u00fcr sperrige G\u00fcter auch hervorragend f\u00fcr den Transport von:  <\/p>\n<ul data-path-to-node=\"16\">\n<li>\n<p data-path-to-node=\"16,0,0\">Gro\u00dfen Mengen \u00f6lhaltiger Sp\u00e4ne (ohne Risiko von Leckagen auf den Hallenboden),<\/p>\n<\/li>\n<li>\n<p data-path-to-node=\"16,1,0\">Halbfl\u00fcssigen Abf\u00e4llen und Industrieschl\u00e4mmen,<\/p>\n<\/li>\n<li>\n<p data-path-to-node=\"16,2,0\">Sch\u00fcttg\u00fctern und staubigen Materialien (S\u00e4gemehl, Granulat),<\/p>\n<\/li>\n<li>\n<p data-path-to-node=\"16,3,0\">Schwerem Produktionsschrott.<\/p>\n<\/li>\n<\/ul>\n<h2 data-path-to-node=\"17\">Dualer Entleerungsmechanismus \u2013 Bedienkomfort<\/h2>\n<p data-path-to-node=\"18\">Die Handhabung eines so gro\u00dfen Beh\u00e4lters erfordert L\u00f6sungen, die Sicherheit und Ergonomie garantieren. Daher ist dieses Modell mit zwei unabh\u00e4ngigen Entleerungssystemen ausgestattet: <\/p>\n<ol start=\"1\" data-path-to-node=\"19\">\n<li>\n<p data-path-to-node=\"19,0,0\">Stirnseitiger Ausl\u00f6ser (Automatik): Dies ist ein wartungsfreies System. Der Fahrer f\u00e4hrt mit dem Kipper gegen den Rand des Zielcontainers und dr\u00fcckt den an der Front angebrachten Ausl\u00f6ser. Dies l\u00f6st die Verriegelung und leitet den Kippvorgang ein. Dadurch muss der Fahrer die Staplerkabine nicht verlassen, was die Arbeit beschleunigt.   <\/p>\n<\/li>\n<li>\n<p data-path-to-node=\"19,1,0\">Handhebel (Manuell): In Situationen, die Pr\u00e4zision erfordern oder wenn der Einsatz des Ausl\u00f6sers nicht m\u00f6glich ist, kann der Fahrer den Hebel an der R\u00fcckwand des Kippers (auf der Mastseite) verwenden, um die Verriegelung manuell zu l\u00f6sen.<\/p>\n<\/li>\n<\/ol>\n<p data-path-to-node=\"20\">Nach der vollst\u00e4ndigen Entleerung kehrt der Kippbeh\u00e4lter NTK HD 2500 dank pr\u00e4ziser Ausbalancierung selbstst\u00e4ndig in die waagerechte Position zur\u00fcck und rastet in der Verriegelung ein, bereit f\u00fcr den weiteren Einsatz.<\/p>\n<h3 data-path-to-node=\"21\">Warum dieses Modell w\u00e4hlen?<\/h3>\n<p data-path-to-node=\"22\">Die Investition in ein Modell mit 2,5 m\u00b3 Fassungsverm\u00f6gen spart Zeit sowie Kraftstoff\/Energie der Gabelstapler. Anstatt drei Fahrten mit einem kleineren Beh\u00e4lter durchzuf\u00fchren, macht der Fahrer eine Fahrt mit dem Modell HD 2500. Zus\u00e4tzlich ist die Oberfl\u00e4che des Beh\u00e4lters mit Polyurethan-Lack spritzlackiert. Dieser bildet eine glatte, leicht zu reinigende Beschichtung, die resistent gegen Korrosion, \u00d6le und Fette ist.   <\/p>\n","protected":false},"excerpt":{"rendered":"<p data-path-to-node=\"34\">Maximieren Sie die Logistikeffizienz mit dem Kippbeh\u00e4lter NTK HD 2500. Dies ist der gr\u00f6\u00dfte dichte Beh\u00e4lter in unserem Sortiment mit 2.500 l Fassungsverm\u00f6gen und 2.000 kg Tragf\u00e4higkeit. <\/p>\n<p data-path-to-node=\"35\"><b>Wichtigste Merkmale des Modells HD 2500:<\/b><\/p>\n<ul data-path-to-node=\"36\">\n<li>\n<p data-path-to-node=\"36,0,0\">Enormes Fassungsverm\u00f6gen: 2.500 Liter f\u00fcr sperrige Abf\u00e4lle.<\/p>\n<\/li>\n<li>\n<p data-path-to-node=\"36,1,0\">olide Konstruktion: Gewicht 325 kg, Blech 3 mm \/ 4 mm.<\/p>\n<\/li>\n<li>\n<p data-path-to-node=\"36,2,0\">Abmessungen: Breite von 1.940 mm erleichtert das Einwerfen breiter Elemente.<\/p>\n<\/li>\n<li>\n<p data-path-to-node=\"36,3,0\">Dichtheit: Doppelseitige Schwei\u00dfn\u00e4hte (ideal f\u00fcr Fl\u00fcssigkeiten und Sp\u00e4ne).<\/p>\n<\/li>\n<li>\n<p data-path-to-node=\"36,4,0\">Duale Entleerung: Wartungsfreier Ausl\u00f6ser oder Hebel.<\/p>\n<\/li>\n<li>\n<p data-path-to-node=\"36,5,0\">PUR-Beschichtung: Korrosionsbest\u00e4ndigkeit und einfache Reinigung.<\/p>\n<\/li>\n<\/ul>\n<p data-path-to-node=\"37\">Ein Modell f\u00fcr gro\u00dfe Industriebetriebe und schwere Anwendungen.<\/p>\n","protected":false},"featured_media":2234,"comment_status":"open","ping_status":"closed","template":"","meta":[],"product_brand":[],"product_cat":[411],"product_tag":[],"class_list":{"0":"post-2630","1":"product","2":"type-product","3":"status-publish","4":"has-post-thumbnail","6":"product_cat-ntk-hd","7":"product_shipping_class-kurier-590","9":"first","10":"instock","11":"taxable","12":"shipping-taxable","13":"purchasable","14":"product-type-simple"},"_links":{"self":[{"href":"https:\/\/shop.steel-containers.com\/de\/wp-json\/wp\/v2\/product\/2630","targetHints":{"allow":["GET"]}}],"collection":[{"href":"https:\/\/shop.steel-containers.com\/de\/wp-json\/wp\/v2\/product"}],"about":[{"href":"https:\/\/shop.steel-containers.com\/de\/wp-json\/wp\/v2\/types\/product"}],"replies":[{"embeddable":true,"href":"https:\/\/shop.steel-containers.com\/de\/wp-json\/wp\/v2\/comments?post=2630"}],"wp:featuredmedia":[{"embeddable":true,"href":"https:\/\/shop.steel-containers.com\/de\/wp-json\/wp\/v2\/media\/2234"}],"wp:attachment":[{"href":"https:\/\/shop.steel-containers.com\/de\/wp-json\/wp\/v2\/media?parent=2630"}],"wp:term":[{"taxonomy":"product_brand","embeddable":true,"href":"https:\/\/shop.steel-containers.com\/de\/wp-json\/wp\/v2\/product_brand?post=2630"},{"taxonomy":"product_cat","embeddable":true,"href":"https:\/\/shop.steel-containers.com\/de\/wp-json\/wp\/v2\/product_cat?post=2630"},{"taxonomy":"product_tag","embeddable":true,"href":"https:\/\/shop.steel-containers.com\/de\/wp-json\/wp\/v2\/product_tag?post=2630"}],"curies":[{"name":"wp","href":"https:\/\/api.w.org\/{rel}","templated":true}]}}