{"id":2643,"date":"2026-01-22T09:32:43","date_gmt":"2026-01-22T08:32:43","guid":{"rendered":"https:\/\/shop.steel-containers.com\/produkt\/kippbehaelter-ntk-eco-300\/"},"modified":"2026-01-22T09:32:43","modified_gmt":"2026-01-22T08:32:43","slug":"kippbehaelter-ntk-eco-300","status":"publish","type":"product","link":"https:\/\/shop.steel-containers.com\/de\/produkt\/kippbehaelter-ntk-eco-300\/","title":{"rendered":"Kippbeh\u00e4lter NTK Eco 300"},"content":{"rendered":"<p data-path-to-node=\"4\">Der Kippbeh\u00e4lter NTK Eco 300 ist ein leichter und wendiger Beh\u00e4lter, der f\u00fcr den Einsatz mit Gabelstaplern konzipiert wurde. Er ist eine wirtschaftliche L\u00f6sung zur Optimierung der Abfalllogistik in Betrieben, in denen es auf Schnelligkeit und einfache Handhabung ankommt. <\/p>\n<h5>Konstruktion und Ausf\u00fchrung<\/h5>\n<p data-path-to-node=\"6\">Das Modell NTK 300 wurde als universelles Werkzeug f\u00fcr die t\u00e4gliche Arbeit entwickelt:<\/p>\n<ul data-path-to-node=\"7\">\n<li>\n<p data-path-to-node=\"7,0,0\">Optimale Stabilit\u00e4t: Die gesamte Konstruktion besteht aus einheitlichem 2 mm starkem Stahlblech. Dies bietet ausreichende Steifigkeit f\u00fcr den Transport von Standard-Produktionsabf\u00e4llen, Kartons, Folien oder leichten Elementen bei gleichzeitig geringerem Eigengewicht des Anbauger\u00e4ts. <\/p>\n<\/li>\n<li>\n<p data-path-to-node=\"7,1,0\">Korrosionsschutz: Der Beh\u00e4lter ist mit hochwertigem Polyurethan-Lack lackiert. Dieser bildet eine dichte Schicht, die den Stahl vor Korrosion und Witterungseinfl\u00fcssen sch\u00fctzt. <\/p>\n<\/li>\n<li>\n<p data-path-to-node=\"7,2,0\">Einfache Reinigung: Die glatte Struktur der Lackierung sorgt daf\u00fcr, dass das Innere des Beh\u00e4lters nicht anf\u00e4llig f\u00fcr Schmutzablagerungen ist und leicht zu reinigen ist.<\/p>\n<\/li>\n<\/ul>\n<h5>Dualer Entleerungsmechanismus (Arbeitskomfort)<\/h5>\n<p data-path-to-node=\"9\">Der NTK 300 setzt auf Bedienerergonomie und bietet zwei M\u00f6glichkeiten zur Entleerung des Inhalts:<\/p>\n<ol start=\"1\" data-path-to-node=\"10\">\n<li>\n<p data-path-to-node=\"10,0,0\">Stirnseitiger Ausl\u00f6ser (Automatik): Die schnellste Arbeitsmethode. Der Fahrer dr\u00fcckt die Ausl\u00f6seplatte (an der Vorderseite des Kippers) gegen den Rand eines Sammelbeh\u00e4lters. Der Mechanismus entriegelt sich selbstst\u00e4ndig und l\u00f6st den Kippvorgang aus.  <\/p>\n<\/li>\n<li>\n<p data-path-to-node=\"10,1,0\">Hebel mit Seilzug (Manuell\/Fernbedienung): Ein Hebel an der R\u00fcckseite erm\u00f6glicht die manuelle Entriegelung. Wichtig ist, dass am Griff ein Seil befestigt werden kann, was dem Fahrer erm\u00f6glicht, den Mechanismus von der Staplerkabine aus zu bedienen, selbst wenn der Beh\u00e4lter hoch angehoben ist. Dies sorgt f\u00fcr maximalen Komfort und Sicherheit.  <\/p>\n<\/li>\n<\/ol>\n<h5>Anwendung<\/h5>\n<p data-path-to-node=\"12\">Dank seiner Vielseitigkeit findet das Modell NTK 300 in fast jedem Industriezweig Anwendung:<\/p>\n<ul data-path-to-node=\"13\">\n<li>\n<p data-path-to-node=\"13,0,0\">Produktionsbetriebe (Abfallsammlung an Arbeitspl\u00e4tzen).<\/p>\n<\/li>\n<li>\n<p data-path-to-node=\"13,1,0\">Lagerhallen (Folie, Verpackungen).<\/p>\n<\/li>\n<li>\n<p data-path-to-node=\"13,2,0\">Baustellen (kleinerer Bauschutt, M\u00fcll).<\/p>\n<\/li>\n<\/ul>\n","protected":false},"excerpt":{"rendered":"<h5>Universeller Stapler-Kippbeh\u00e4lter NTK 300. Hergestellt aus 2 mm Blech, Polyurethan-lackiert. Dualer Entleerungsmechanismus (Ausl\u00f6ser + Seilzug).  <\/h5>\n","protected":false},"featured_media":2639,"comment_status":"open","ping_status":"closed","template":"","meta":[],"product_brand":[],"product_cat":[414],"product_tag":[],"class_list":{"0":"post-2643","1":"product","2":"type-product","3":"status-publish","4":"has-post-thumbnail","6":"product_cat-ntk","7":"product_shipping_class-kurier-390","9":"first","10":"instock","11":"taxable","12":"shipping-taxable","13":"purchasable","14":"product-type-simple"},"_links":{"self":[{"href":"https:\/\/shop.steel-containers.com\/de\/wp-json\/wp\/v2\/product\/2643","targetHints":{"allow":["GET"]}}],"collection":[{"href":"https:\/\/shop.steel-containers.com\/de\/wp-json\/wp\/v2\/product"}],"about":[{"href":"https:\/\/shop.steel-containers.com\/de\/wp-json\/wp\/v2\/types\/product"}],"replies":[{"embeddable":true,"href":"https:\/\/shop.steel-containers.com\/de\/wp-json\/wp\/v2\/comments?post=2643"}],"wp:featuredmedia":[{"embeddable":true,"href":"https:\/\/shop.steel-containers.com\/de\/wp-json\/wp\/v2\/media\/2639"}],"wp:attachment":[{"href":"https:\/\/shop.steel-containers.com\/de\/wp-json\/wp\/v2\/media?parent=2643"}],"wp:term":[{"taxonomy":"product_brand","embeddable":true,"href":"https:\/\/shop.steel-containers.com\/de\/wp-json\/wp\/v2\/product_brand?post=2643"},{"taxonomy":"product_cat","embeddable":true,"href":"https:\/\/shop.steel-containers.com\/de\/wp-json\/wp\/v2\/product_cat?post=2643"},{"taxonomy":"product_tag","embeddable":true,"href":"https:\/\/shop.steel-containers.com\/de\/wp-json\/wp\/v2\/product_tag?post=2643"}],"curies":[{"name":"wp","href":"https:\/\/api.w.org\/{rel}","templated":true}]}}