{"id":3095,"date":"2026-01-22T09:33:01","date_gmt":"2026-01-22T08:33:01","guid":{"rendered":"https:\/\/shop.steel-containers.com\/produkt\/kippbehaelter-pmmc-light-800\/"},"modified":"2026-01-22T09:33:01","modified_gmt":"2026-01-22T08:33:01","slug":"kippbehaelter-pmmc-light-800","status":"publish","type":"product","link":"https:\/\/shop.steel-containers.com\/de\/produkt\/kippbehaelter-pmmc-light-800\/","title":{"rendered":"Kippbeh\u00e4lter PMMC Light 800"},"content":{"rendered":"<p><span style=\"font-family: 'din-next-w01-light', 'din-next-w02-light', 'din-next-w10-light', sans-serif; font-size: 16px;\">Der Kippbeh\u00e4lter PMMC Light ist ein leichter Beh\u00e4lter f\u00fcr Gabelstapler und die manuelle Bedienung. Die Konstruktion besteht im Wannenbereich aus 2 mm Blech und im Grundrahmen aus 3 mm Blech. Er ist doppelseitig verschwei\u00dft und am oberen Rand verst\u00e4rkt, was die Stabilit\u00e4t und Dichtheit des Beh\u00e4lters gew\u00e4hrleistet. Er ist mit 3 R\u00e4dern ausgestattet, davon eine Lenkrolle mit Bremse, sowie mit Einfahrtaschen f\u00fcr die Gabeln. Dieses Modell verf\u00fcgt nicht \u00fcber einen Hebel, sondern \u00fcber einen manuellen Verschluss zum Entriegeln der Sperre, um das Kippen des Beh\u00e4lters auszul\u00f6sen. Der Container wird in der Regel in Lagerhallen als Wagen zum Sammeln oder Sortieren verschiedener Arten von Leichtabf\u00e4llen wie Folie, Papier oder Pappe eingesetzt. Die Wanne ist mit Polyurethan-Lack versehen, der als Korrosionsschutz dient und eine einfache Pflege erm\u00f6glicht.      <\/span><\/p>\n","protected":false},"excerpt":{"rendered":"<h3><strong>Kippbeh\u00e4lter<\/strong><\/h3>\n","protected":false},"featured_media":3012,"comment_status":"open","ping_status":"closed","template":"","meta":[],"product_brand":[],"product_cat":[429],"product_tag":[],"class_list":{"0":"post-3095","1":"product","2":"type-product","3":"status-publish","4":"has-post-thumbnail","6":"product_cat-pmmc-light","7":"product_shipping_class-kurier-450","9":"first","10":"instock","11":"taxable","12":"shipping-taxable","13":"purchasable","14":"product-type-simple"},"_links":{"self":[{"href":"https:\/\/shop.steel-containers.com\/de\/wp-json\/wp\/v2\/product\/3095","targetHints":{"allow":["GET"]}}],"collection":[{"href":"https:\/\/shop.steel-containers.com\/de\/wp-json\/wp\/v2\/product"}],"about":[{"href":"https:\/\/shop.steel-containers.com\/de\/wp-json\/wp\/v2\/types\/product"}],"replies":[{"embeddable":true,"href":"https:\/\/shop.steel-containers.com\/de\/wp-json\/wp\/v2\/comments?post=3095"}],"wp:featuredmedia":[{"embeddable":true,"href":"https:\/\/shop.steel-containers.com\/de\/wp-json\/wp\/v2\/media\/3012"}],"wp:attachment":[{"href":"https:\/\/shop.steel-containers.com\/de\/wp-json\/wp\/v2\/media?parent=3095"}],"wp:term":[{"taxonomy":"product_brand","embeddable":true,"href":"https:\/\/shop.steel-containers.com\/de\/wp-json\/wp\/v2\/product_brand?post=3095"},{"taxonomy":"product_cat","embeddable":true,"href":"https:\/\/shop.steel-containers.com\/de\/wp-json\/wp\/v2\/product_cat?post=3095"},{"taxonomy":"product_tag","embeddable":true,"href":"https:\/\/shop.steel-containers.com\/de\/wp-json\/wp\/v2\/product_tag?post=3095"}],"curies":[{"name":"wp","href":"https:\/\/api.w.org\/{rel}","templated":true}]}}