{"id":3395,"date":"2026-01-22T09:33:51","date_gmt":"2026-01-22T08:33:51","guid":{"rendered":"https:\/\/shop.steel-containers.com\/produkt\/klappbodencontainer-pmdc-mini\/"},"modified":"2026-01-22T09:33:51","modified_gmt":"2026-01-22T08:33:51","slug":"klappbodencontainer-pmdc-mini","status":"publish","type":"product","link":"https:\/\/shop.steel-containers.com\/de\/produkt\/klappbodencontainer-pmdc-mini\/","title":{"rendered":"Klappbodencontainer PMDC mini"},"content":{"rendered":"<p>Der PMDC mini ist ein Stahlbeh\u00e4lter mit einem Klappbodensystem. Er kann mit Gabelstaplern, Hubwagen und Kr\u00e4nen bedient werden. Im oberen Bereich befinden sich Kran\u00f6sen, und im Grundrahmen sind Niederprofilrollen mit einem Durchmesser von 80 mm und einer Bauh\u00f6he von 11,5 cm montiert. Der Beh\u00e4lter wird aus Blech mit einer St\u00e4rke von 3 mm an den Seiten und 4 mm im Boden gefertigt. Dank seiner soliden Konstruktion weist der Container trotz seiner kompakten Abmessungen eine sehr hohe Tragf\u00e4higkeit auf. Zur Entleerung des Inhalts dient ein Mechanismus, der \u00fcber einen Hebel an der Seite der Wanne entriegelt wird. Dieser kann auch \u00fcber ein Stahlseil von der Sitzposition des Fahrers aus bedient werden. Der Container ist doppelt mit Grundierung und Polyurethan-Lack beschichtet, was einen Korrosionsschutz bietet und dank der glatten Oberfl\u00e4che die Reinigung des Beh\u00e4lters erleichtert.       <\/p>\n","protected":false},"excerpt":{"rendered":"<p>Klappbodencontainer<\/p>\n","protected":false},"featured_media":561,"comment_status":"open","ping_status":"closed","template":"","meta":[],"product_brand":[],"product_cat":[341],"product_tag":[],"class_list":{"0":"post-3395","1":"product","2":"type-product","3":"status-publish","4":"has-post-thumbnail","6":"product_cat-pmdc-mini","7":"product_shipping_class-kurier-390","9":"first","10":"instock","11":"taxable","12":"shipping-taxable","13":"purchasable","14":"product-type-simple"},"_links":{"self":[{"href":"https:\/\/shop.steel-containers.com\/de\/wp-json\/wp\/v2\/product\/3395","targetHints":{"allow":["GET"]}}],"collection":[{"href":"https:\/\/shop.steel-containers.com\/de\/wp-json\/wp\/v2\/product"}],"about":[{"href":"https:\/\/shop.steel-containers.com\/de\/wp-json\/wp\/v2\/types\/product"}],"replies":[{"embeddable":true,"href":"https:\/\/shop.steel-containers.com\/de\/wp-json\/wp\/v2\/comments?post=3395"}],"wp:featuredmedia":[{"embeddable":true,"href":"https:\/\/shop.steel-containers.com\/de\/wp-json\/wp\/v2\/media\/561"}],"wp:attachment":[{"href":"https:\/\/shop.steel-containers.com\/de\/wp-json\/wp\/v2\/media?parent=3395"}],"wp:term":[{"taxonomy":"product_brand","embeddable":true,"href":"https:\/\/shop.steel-containers.com\/de\/wp-json\/wp\/v2\/product_brand?post=3395"},{"taxonomy":"product_cat","embeddable":true,"href":"https:\/\/shop.steel-containers.com\/de\/wp-json\/wp\/v2\/product_cat?post=3395"},{"taxonomy":"product_tag","embeddable":true,"href":"https:\/\/shop.steel-containers.com\/de\/wp-json\/wp\/v2\/product_tag?post=3395"}],"curies":[{"name":"wp","href":"https:\/\/api.w.org\/{rel}","templated":true}]}}