{"id":3949,"date":"2026-01-22T09:33:47","date_gmt":"2026-01-22T08:33:47","guid":{"rendered":"https:\/\/shop.steel-containers.com\/produkt\/gitter-palettenaufsatz-oc-400\/"},"modified":"2026-01-22T09:33:47","modified_gmt":"2026-01-22T08:33:47","slug":"gitter-palettenaufsatz-oc-400","status":"publish","type":"product","link":"https:\/\/shop.steel-containers.com\/de\/produkt\/gitter-palettenaufsatz-oc-400\/","title":{"rendered":"Gitter-Palettenaufsatz OC 400"},"content":{"rendered":"<p>Der Palettenaufsatz ist ein Gitterkorb, der f\u00fcr die Verwendung mit Holz- und Metallpaletten der Ma\u00dfe 1200\u00d7800 mm ausgelegt ist. Er besteht aus 3,8 mm starkem Draht, der zu einem Gitter mit einer Maschenweite von 100&#215;50 mm verschwei\u00dft ist, sowie aus Stahlrohren. Die Aufgabe des Beh\u00e4lters ist die Sicherung, Lagerung und der sichere Transport von Waren. Dieser Gitteraufsatz ist langlebiger als sein h\u00f6lzernes Gegenst\u00fcck. Die Aufs\u00e4tze sind zudem \u00e4u\u00dferst praktisch<span style=\"font-family: 'din-next-w01-light', 'din-next-w02-light', 'din-next-w10-light', sans-serif; font-size: 16px;\"> <\/span><span style=\"font-family: 'din-next-w01-light', 'din-next-w02-light', 'din-next-w10-light', sans-serif; font-size: 16px;\">Ihre hohe Tragf\u00e4higkeit und die klappbare Konstruktion garantieren Platzersparnis im Lager, Komfort und eine langfristige Nutzung. Die Montage und Demontage des Korbes erfolgt schnell und werkzeuglos. Die Vorderwand ist zur H\u00e4lfte klappbar, was einen leichteren Zugang zu den gelagerten Materialien erm\u00f6glicht. Die Konstruktion kann im Verh\u00e4ltnis 1+3 gestapelt werden.   <\/span><\/p>\n","protected":false},"excerpt":{"rendered":"<p><strong>Lager- und Transportkorb<\/strong><\/p>\n","protected":false},"featured_media":524,"comment_status":"open","ping_status":"closed","template":"","meta":[],"product_brand":[],"product_cat":[497],"product_tag":[],"class_list":{"0":"post-3949","1":"product","2":"type-product","3":"status-publish","4":"has-post-thumbnail","6":"product_cat-palettenaufsatzrahmen","8":"first","9":"instock","10":"taxable","11":"shipping-taxable","12":"purchasable","13":"product-type-simple"},"_links":{"self":[{"href":"https:\/\/shop.steel-containers.com\/de\/wp-json\/wp\/v2\/product\/3949","targetHints":{"allow":["GET"]}}],"collection":[{"href":"https:\/\/shop.steel-containers.com\/de\/wp-json\/wp\/v2\/product"}],"about":[{"href":"https:\/\/shop.steel-containers.com\/de\/wp-json\/wp\/v2\/types\/product"}],"replies":[{"embeddable":true,"href":"https:\/\/shop.steel-containers.com\/de\/wp-json\/wp\/v2\/comments?post=3949"}],"wp:featuredmedia":[{"embeddable":true,"href":"https:\/\/shop.steel-containers.com\/de\/wp-json\/wp\/v2\/media\/524"}],"wp:attachment":[{"href":"https:\/\/shop.steel-containers.com\/de\/wp-json\/wp\/v2\/media?parent=3949"}],"wp:term":[{"taxonomy":"product_brand","embeddable":true,"href":"https:\/\/shop.steel-containers.com\/de\/wp-json\/wp\/v2\/product_brand?post=3949"},{"taxonomy":"product_cat","embeddable":true,"href":"https:\/\/shop.steel-containers.com\/de\/wp-json\/wp\/v2\/product_cat?post=3949"},{"taxonomy":"product_tag","embeddable":true,"href":"https:\/\/shop.steel-containers.com\/de\/wp-json\/wp\/v2\/product_tag?post=3949"}],"curies":[{"name":"wp","href":"https:\/\/api.w.org\/{rel}","templated":true}]}}