{"id":4032,"date":"2026-02-23T13:26:38","date_gmt":"2026-02-23T12:26:38","guid":{"rendered":"https:\/\/shop.steel-containers.com\/produkt\/kos-na-odpad-s-striskou-dual-70-v-cerne-barve-volne-stojici-ocelovy-mestsky-kos-s-vlozkou-70-l-pro-verejne-prostory\/"},"modified":"2026-03-18T11:27:38","modified_gmt":"2026-03-18T10:27:38","slug":"kos-na-odpad-s-striskou-dual-70-v-cerne-barve-volne-stojici-ocelovy-mestsky-kos-s-vlozkou-70-l-pro-verejne-prostory","status":"publish","type":"product","link":"https:\/\/shop.steel-containers.com\/de\/produkt\/kos-na-odpad-s-striskou-dual-70-v-cerne-barve-volne-stojici-ocelovy-mestsky-kos-s-vlozkou-70-l-pro-verejne-prostory\/","title":{"rendered":"Abfallbeh\u00e4lter mit Dach DUAL 70"},"content":{"rendered":"<p data-start=\"346\" data-end=\"675\"><strong data-start=\"366\" data-end=\"403\">Der Abfallbeh\u00e4lter mit Dach DUAL 70<\/strong> ist ein robuster freistehender Abfallbeh\u00e4lter, der f\u00fcr den Einsatz in st\u00e4dtischen Bereichen, auf Firmengel\u00e4nden sowie in \u00f6ffentlichen Einrichtungen konzipiert wurde. Die schlichte geometrische Form und die \u00e4sthetische Verarbeitung sorgen daf\u00fcr, dass er sich perfekt in moderne Architektur und Au\u00dfeninfrastruktur einf\u00fcgt. <\/p>\n<p data-start=\"677\" data-end=\"1000\">Das Dach sch\u00fctzt den Innenraum des Beh\u00e4lters wirksam vor Regen, Schnee und dem Zugriff von V\u00f6geln, wodurch das Verteilen von Abf\u00e4llen sowie die Entstehung unangenehmer Ger\u00fcche reduziert werden. Die Stahlkonstruktion gew\u00e4hrleistet eine hohe Widerstandsf\u00e4higkeit gegen mechanische Besch\u00e4digungen und Witterungseinfl\u00fcsse, w\u00e4hrend der ger\u00e4umige Stahleinsatz das Entleeren erleichtert. <\/p>\n<p data-start=\"1002\" data-end=\"1241\">Der Beh\u00e4lter ist mit einem praktischen Schlie\u00dfsystem ausgestattet, das die Nutzungssicherheit erh\u00f6ht, sowie mit einer stabilen Konstruktion, die eine Bodenmontage erm\u00f6glicht. Standardm\u00e4\u00dfig ist er in schwarzer Farbe erh\u00e4ltlich, mit der M\u00f6glichkeit einer individuellen Farbgestaltung auf Anfrage. <\/p>\n<p data-start=\"1243\" data-end=\"1269\"><strong data-start=\"1243\" data-end=\"1267\">Zusammenfassung:<\/strong><\/p>\n<ul data-start=\"1270\" data-end=\"1567\">\n<li data-start=\"1270\" data-end=\"1334\">\n<p data-start=\"1272\" data-end=\"1334\">robuste Stahlkonstruktion, witterungsbest\u00e4ndig<\/p>\n<\/li>\n<li data-start=\"1335\" data-end=\"1380\">\n<p data-start=\"1337\" data-end=\"1380\">Dach zum Schutz vor Niederschlag und V\u00f6geln<\/p>\n<\/li>\n<li data-start=\"1381\" data-end=\"1435\">\n<p data-start=\"1383\" data-end=\"1435\">ger\u00e4umiger Stahleinsatz 70 l f\u00fcr komfortables Entleeren<\/p>\n<\/li>\n<li data-start=\"1436\" data-end=\"1496\">\n<p data-start=\"1438\" data-end=\"1496\">\u00e4sthetisches, modernes Design f\u00fcr \u00f6ffentliche Bereiche<\/p>\n<\/li>\n<li data-start=\"1497\" data-end=\"1538\">\n<p data-start=\"1499\" data-end=\"1538\">individuelle Farbauswahl m\u00f6glich<\/p>\n<\/li>\n<li data-start=\"1539\" data-end=\"1567\">\n<p data-start=\"1541\" data-end=\"1567\">Option zur Bodenmontage<\/p>\n<\/li>\n<\/ul>\n","protected":false},"excerpt":{"rendered":"<p>Der Abfallbeh\u00e4lter mit Dach DUAL 70 ist ein moderner Stadtm\u00fclleimer mit minimalistischer Form und robuster Stahlkonstruktion. Er sch\u00fctzt Abf\u00e4lle wirksam vor Niederschlag und V\u00f6geln, bietet hohen Nutzungskomfort und lange Lebensdauer im \u00f6ffentlichen Raum. Standardm\u00e4\u00dfig in Schwarz erh\u00e4ltlich, mit individueller Farbauswahl.  <\/p>\n","protected":false},"featured_media":4030,"comment_status":"open","ping_status":"closed","template":"","meta":[],"product_brand":[],"product_cat":[544],"product_tag":[],"class_list":{"0":"post-4032","1":"product","2":"type-product","3":"status-publish","4":"has-post-thumbnail","6":"product_cat-abfalltrennung","7":"product_shipping_class-kurier-200","9":"first","10":"instock","11":"taxable","12":"shipping-taxable","13":"purchasable","14":"product-type-simple"},"_links":{"self":[{"href":"https:\/\/shop.steel-containers.com\/de\/wp-json\/wp\/v2\/product\/4032","targetHints":{"allow":["GET"]}}],"collection":[{"href":"https:\/\/shop.steel-containers.com\/de\/wp-json\/wp\/v2\/product"}],"about":[{"href":"https:\/\/shop.steel-containers.com\/de\/wp-json\/wp\/v2\/types\/product"}],"replies":[{"embeddable":true,"href":"https:\/\/shop.steel-containers.com\/de\/wp-json\/wp\/v2\/comments?post=4032"}],"wp:featuredmedia":[{"embeddable":true,"href":"https:\/\/shop.steel-containers.com\/de\/wp-json\/wp\/v2\/media\/4030"}],"wp:attachment":[{"href":"https:\/\/shop.steel-containers.com\/de\/wp-json\/wp\/v2\/media?parent=4032"}],"wp:term":[{"taxonomy":"product_brand","embeddable":true,"href":"https:\/\/shop.steel-containers.com\/de\/wp-json\/wp\/v2\/product_brand?post=4032"},{"taxonomy":"product_cat","embeddable":true,"href":"https:\/\/shop.steel-containers.com\/de\/wp-json\/wp\/v2\/product_cat?post=4032"},{"taxonomy":"product_tag","embeddable":true,"href":"https:\/\/shop.steel-containers.com\/de\/wp-json\/wp\/v2\/product_tag?post=4032"}],"curies":[{"name":"wp","href":"https:\/\/api.w.org\/{rel}","templated":true}]}}