{"id":4104,"date":"2026-01-22T09:33:49","date_gmt":"2026-01-22T08:33:49","guid":{"rendered":"https:\/\/shop.steel-containers.com\/produkt\/starrer-gitterbox-niedrige-ausfuehrung\/"},"modified":"2026-01-22T09:33:49","modified_gmt":"2026-01-22T08:33:49","slug":"starrer-gitterbox-niedrige-ausfuehrung","status":"publish","type":"product","link":"https:\/\/shop.steel-containers.com\/de\/produkt\/starrer-gitterbox-niedrige-ausfuehrung\/","title":{"rendered":"Starrer Gitterbox \u2013 Niedrige Ausf\u00fchrung"},"content":{"rendered":"<p>Eine Gitterbox ist ein Transport- und Lagergitterbeh\u00e4lter mit einem Metall-Holz-Unterbau. Sie besteht aus Stahlprofilen, Draht und Brettern. Sie ist mit einer Klappklappe ausgestattet, die auf halber H\u00f6he von unten und von oben ge\u00f6ffnet werden kann, was das Be- und Entladen von Waren erleichtert. Im oberen Bereich verf\u00fcgt der Beh\u00e4lter \u00fcber Arretierungen, die der Stabilisierung der K\u00f6rbe beim \u00dcbereinanderstapeln dienen. Die Beh\u00e4lter k\u00f6nnen im Verh\u00e4ltnis 1+3 gestapelt werden. Im Unterbau befinden sich hohe F\u00fc\u00dfe, dank derer die Gitterbox mit Handhubwagen bedient werden kann.<\/p>\n<p data-path-to-node=\"12\">Die starre Gitterbox in niedriger Ausf\u00fchrung ist ein robuster Gitterbeh\u00e4lter, der f\u00fcr die effiziente Lagerung und den Transport von Waren bei gleichzeitiger Optimierung der Ladeh\u00f6he konzipiert wurde. Seine Konstruktion ist eine bew\u00e4hrte Kombination aus einem steifen Stahlprofilrahmen, starkem Drahtgitter und einer soliden Basis aus Brettern. Der Holzboden bietet eine stabile Unterst\u00fctzung f\u00fcr das Sortiment und erh\u00f6ht die mechanische Langlebigkeit des gesamten Ladungstr\u00e4gers, wodurch er resistent gegen intensive industrielle Nutzung ist.  <\/p>\n<h2 data-path-to-node=\"13\">Einfacher Zugang und universelle Handhabung<\/h2>\n<p data-path-to-node=\"14\">Der Beh\u00e4lter zeichnet sich durch hohe Ergonomie aus. An der Vorderwand ist eine Klappklappe montiert, die auf halber H\u00f6he (sowohl von unten als auch von oben) ge\u00f6ffnet werden kann. Diese L\u00f6sung gew\u00e4hrleistet einen bequemen Zugriff auf das Innere des Korbes, was die Be- und Entladevorg\u00e4nge erheblich beschleunigt. Ein wesentlicher Vorteil dieses Modells sind die hohen F\u00fc\u00dfe im Unterbau. Dank dieser kann die niedrige Gitterbox nicht nur mit Gabelstaplern, sondern auch mit handels\u00fcblichen Handhubwagen transportiert werden, was die logistische Flexibilit\u00e4t innerhalb des Lagers erh\u00f6ht.    <\/p>\n<h2 data-path-to-node=\"15\">Sicheres Stapeln und Platzersparnis<\/h2>\n<p data-path-to-node=\"16\">Das niedrige Profil des Beh\u00e4lters erm\u00f6glicht eine bessere Raumausnutzung bei kleineren Waren. Die Konstruktion wurde mit oberen Arretierungen (Ecken) ausgestattet, die die \u00fcbereinander gestellten K\u00f6rbe stabilisieren. Dies erm\u00f6glicht ein sicheres Stapeln im Verh\u00e4ltnis 1+3, wodurch das verf\u00fcgbare Hallenvolumen maximal ausgenutzt werden kann, w\u00e4hrend die volle Stabilit\u00e4t des Stapels erhalten bleibt.  <\/p>\n","protected":false},"excerpt":{"rendered":"<p>Lager-Gitterbox in niedriger Ausf\u00fchrung. Solide Konstruktion aus Stahlprofilen und Gitter, verst\u00e4rkt durch einen Bretterboden. Verf\u00fcgt \u00fcber eine Klappklappe f\u00fcr den einfachen Warenzugriff. Geeignet f\u00fcr die sichere Stapelung im Verh\u00e4ltnis 1+3 und das Handling mit Handhubwagen.   <\/p>\n","protected":false},"featured_media":4086,"comment_status":"open","ping_status":"closed","template":"","meta":[],"product_brand":[],"product_cat":[509],"product_tag":[],"class_list":{"0":"post-4104","1":"product","2":"type-product","3":"status-publish","4":"has-post-thumbnail","6":"product_cat-git","7":"product_shipping_class-kurier-450","9":"first","10":"instock","11":"taxable","12":"shipping-taxable","13":"purchasable","14":"product-type-simple"},"_links":{"self":[{"href":"https:\/\/shop.steel-containers.com\/de\/wp-json\/wp\/v2\/product\/4104","targetHints":{"allow":["GET"]}}],"collection":[{"href":"https:\/\/shop.steel-containers.com\/de\/wp-json\/wp\/v2\/product"}],"about":[{"href":"https:\/\/shop.steel-containers.com\/de\/wp-json\/wp\/v2\/types\/product"}],"replies":[{"embeddable":true,"href":"https:\/\/shop.steel-containers.com\/de\/wp-json\/wp\/v2\/comments?post=4104"}],"wp:featuredmedia":[{"embeddable":true,"href":"https:\/\/shop.steel-containers.com\/de\/wp-json\/wp\/v2\/media\/4086"}],"wp:attachment":[{"href":"https:\/\/shop.steel-containers.com\/de\/wp-json\/wp\/v2\/media?parent=4104"}],"wp:term":[{"taxonomy":"product_brand","embeddable":true,"href":"https:\/\/shop.steel-containers.com\/de\/wp-json\/wp\/v2\/product_brand?post=4104"},{"taxonomy":"product_cat","embeddable":true,"href":"https:\/\/shop.steel-containers.com\/de\/wp-json\/wp\/v2\/product_cat?post=4104"},{"taxonomy":"product_tag","embeddable":true,"href":"https:\/\/shop.steel-containers.com\/de\/wp-json\/wp\/v2\/product_tag?post=4104"}],"curies":[{"name":"wp","href":"https:\/\/api.w.org\/{rel}","templated":true}]}}