{"id":4119,"date":"2026-01-22T09:33:49","date_gmt":"2026-01-22T08:33:49","guid":{"rendered":"https:\/\/shop.steel-containers.com\/produkt\/faltbare-gitterbox-mit-hd-holzboden\/"},"modified":"2026-01-22T09:33:49","modified_gmt":"2026-01-22T08:33:49","slug":"faltbare-gitterbox-mit-hd-holzboden","status":"publish","type":"product","link":"https:\/\/shop.steel-containers.com\/de\/produkt\/faltbare-gitterbox-mit-hd-holzboden\/","title":{"rendered":"Faltbare Gitterbox mit HD-Holzboden"},"content":{"rendered":"<p>Eine Gitterbox ist ein Transport- und Lagergitterbeh\u00e4lter mit einem Metall-Holz-Unterbau. Sie besteht aus Stahlprofilen, Draht und Brettern. Sie ist mit einer Klappklappe ausgestattet, die auf halber H\u00f6he von unten und von oben ge\u00f6ffnet werden kann, was das Be- und Entladen von Waren erleichtert. Im oberen Bereich verf\u00fcgt der Beh\u00e4lter \u00fcber Arretierungen, die der Stabilisierung der K\u00f6rbe beim \u00dcbereinanderstapeln dienen. Die Beh\u00e4lter k\u00f6nnen im Verh\u00e4ltnis 1+3 gestapelt werden. Im Unterbau befinden sich hohe F\u00fc\u00dfe, dank derer die Gitterbox mit Handhubwagen bedient werden kann.<\/p>\n","protected":false},"excerpt":{"rendered":"<p><strong>Lager- und Transportkorb<\/strong><\/p>\n","protected":false},"featured_media":559,"comment_status":"open","ping_status":"closed","template":"","meta":[],"product_brand":[],"product_cat":[512],"product_tag":[],"class_list":{"0":"post-4119","1":"product","2":"type-product","3":"status-publish","4":"has-post-thumbnail","6":"product_cat-klappbarer-gitterbox","7":"product_shipping_class-kurier-450","9":"first","10":"instock","11":"taxable","12":"shipping-taxable","13":"purchasable","14":"product-type-simple"},"_links":{"self":[{"href":"https:\/\/shop.steel-containers.com\/de\/wp-json\/wp\/v2\/product\/4119","targetHints":{"allow":["GET"]}}],"collection":[{"href":"https:\/\/shop.steel-containers.com\/de\/wp-json\/wp\/v2\/product"}],"about":[{"href":"https:\/\/shop.steel-containers.com\/de\/wp-json\/wp\/v2\/types\/product"}],"replies":[{"embeddable":true,"href":"https:\/\/shop.steel-containers.com\/de\/wp-json\/wp\/v2\/comments?post=4119"}],"wp:featuredmedia":[{"embeddable":true,"href":"https:\/\/shop.steel-containers.com\/de\/wp-json\/wp\/v2\/media\/559"}],"wp:attachment":[{"href":"https:\/\/shop.steel-containers.com\/de\/wp-json\/wp\/v2\/media?parent=4119"}],"wp:term":[{"taxonomy":"product_brand","embeddable":true,"href":"https:\/\/shop.steel-containers.com\/de\/wp-json\/wp\/v2\/product_brand?post=4119"},{"taxonomy":"product_cat","embeddable":true,"href":"https:\/\/shop.steel-containers.com\/de\/wp-json\/wp\/v2\/product_cat?post=4119"},{"taxonomy":"product_tag","embeddable":true,"href":"https:\/\/shop.steel-containers.com\/de\/wp-json\/wp\/v2\/product_tag?post=4119"}],"curies":[{"name":"wp","href":"https:\/\/api.w.org\/{rel}","templated":true}]}}