{"id":4145,"date":"2026-01-22T09:34:00","date_gmt":"2026-01-22T08:34:00","guid":{"rendered":"https:\/\/shop.steel-containers.com\/produkt\/mobiler-felgenstaender\/"},"modified":"2026-01-22T09:34:00","modified_gmt":"2026-01-22T08:34:00","slug":"mobiler-felgenstaender","status":"publish","type":"product","link":"https:\/\/shop.steel-containers.com\/de\/produkt\/mobiler-felgenstaender\/","title":{"rendered":"Mobiler Felgenst\u00e4nder"},"content":{"rendered":"<p data-path-to-node=\"12\">Ein Felgenst\u00e4nder ist ein unverzichtbares Zubeh\u00f6r f\u00fcr jede professionelle Werkstatt, jeden Reifenservice und jede Garage eines Autoliebhabers. Dieses mobile Regal, das f\u00fcr die Lagerung von Rads\u00e4tzen konzipiert wurde, verbindet solide Verarbeitung mit hoher \u00c4sthetik, wodurch es sich auch hervorragend als Display in Verkaufsstellen eignet. <\/p>\n<h2 data-path-to-node=\"13\">Warum sollten Sie unseren mobilen Felgenst\u00e4nder w\u00e4hlen?<\/h2>\n<p data-path-to-node=\"14\">Das angebotene Produkt ist nicht nur ein Mittel zur Ordnung, sondern vor allem zur richtigen Pflege der Ware. Der Felgenst\u00e4nder wurde so konstruiert, dass er 8 Felgen oder Komplettr\u00e4der (Reifen mit Felgen) aufnehmen kann.<\/p>\n<h3 data-path-to-node=\"15\">Schutz und Sicherheit der Reifen<\/h3>\n<p data-path-to-node=\"16\">Eine unsachgem\u00e4\u00dfe Lagerung der R\u00e4der (z. B. gestapelt auf dem Boden) f\u00fchrt zu Sch\u00e4den. Unser Regal eliminiert diese Gefahren: <\/p>\n<ul data-path-to-node=\"17\">\n<li>\n<p data-path-to-node=\"17,0,0\">Keine Verformungen: Die Reifen werden nicht unter ihrem eigenen Gewicht gequetscht, was Verformungen und Luftverlust verhindert.<\/p>\n<\/li>\n<li>\n<p data-path-to-node=\"17,1,0\">Schutz vor Besch\u00e4digungen: Die Felgen haben keinen Kontakt zum Betonboden, was sie vor Reibung, Kratzern sowie Feuchtigkeit und Schmutz sch\u00fctzt.<\/p>\n<\/li>\n<\/ul>\n<h3 data-path-to-node=\"18\">Solide Konstruktion und Mobilit\u00e4t<\/h3>\n<p data-path-to-node=\"19\">Das Regal besteht aus hochwertigen Hohlprofilen. Die Verwendung von Materialien mit entsprechender Wandst\u00e4rke gew\u00e4hrleistet eine hohe Tragf\u00e4higkeit und Langlebigkeit \u2013 der St\u00e4nder h\u00e4lt problemlos das Gewicht von 8 massiven R\u00e4dern. Ein weiterer Vorteil ist die Mobilit\u00e4t. Der Felgenst\u00e4nder ist mit einem Rollensatz ausgestattet, der ein einfaches Verschieben an jeden beliebigen Ort in der Werkstatt oder im Gesch\u00e4ft erm\u00f6glicht, selbst bei voller Beladung. Dies ist eine enorme logistische Erleichterung w\u00e4hrend des saisonalen Reifenwechsels.   <\/p>\n<h2 data-path-to-node=\"20\">Universeller Einsatz: Lagerung und Pr\u00e4sentation<\/h2>\n<p data-path-to-node=\"21\">Dank seines tadellosen Aussehens und der \u00e4sthetischen Verarbeitung erf\u00fcllt dieses Regal eine Doppelfunktion:<\/p>\n<ol start=\"1\" data-path-to-node=\"22\">\n<li>\n<p data-path-to-node=\"22,0,0\">Lagerfunktion: Erleichtert die Klassifizierung der Ware und sorgt f\u00fcr perfekte Ordnung. Die R\u00e4der sind immer einsatzbereit. <\/p>\n<\/li>\n<li>\n<p data-path-to-node=\"22,1,0\">Pr\u00e4sentationsfunktion: Pr\u00e4sentiert das Sortiment optimal f\u00fcr Kunden in Autogesch\u00e4ften und Felgen-Showrooms und regt zum Kauf an.<\/p>\n<\/li>\n<\/ol>\n<p data-path-to-node=\"23\">Investieren Sie in einen professionellen Felgenst\u00e4nder, um Platz zu sparen und die h\u00f6chste Qualit\u00e4t Ihrer gelagerten R\u00e4der zu gew\u00e4hrleisten.<\/p>\n","protected":false},"excerpt":{"rendered":"<p>Mobiler Felgenst\u00e4nder mit einer Kapazit\u00e4t von 8 St\u00fcck. Hergestellt aus robusten Hohlprofilen, garantiert er Stabilit\u00e4t und hohe Tragf\u00e4higkeit. Sch\u00fctzt Reifen vor Verformung und Felgen vor Kratzern. Ausgestattet mit R\u00e4dern f\u00fcr einfachen Transport. Ideal als Werkstattregal oder Verkaufsdisplay.    <\/p>\n","protected":false},"featured_media":608,"comment_status":"open","ping_status":"closed","template":"","meta":[],"product_brand":[],"product_cat":[382],"product_tag":[],"class_list":{"0":"post-4145","1":"product","2":"type-product","3":"status-publish","4":"has-post-thumbnail","6":"product_cat-felgenstaender","7":"product_shipping_class-kurier-390","9":"first","10":"instock","11":"taxable","12":"shipping-taxable","13":"purchasable","14":"product-type-simple"},"_links":{"self":[{"href":"https:\/\/shop.steel-containers.com\/de\/wp-json\/wp\/v2\/product\/4145","targetHints":{"allow":["GET"]}}],"collection":[{"href":"https:\/\/shop.steel-containers.com\/de\/wp-json\/wp\/v2\/product"}],"about":[{"href":"https:\/\/shop.steel-containers.com\/de\/wp-json\/wp\/v2\/types\/product"}],"replies":[{"embeddable":true,"href":"https:\/\/shop.steel-containers.com\/de\/wp-json\/wp\/v2\/comments?post=4145"}],"wp:featuredmedia":[{"embeddable":true,"href":"https:\/\/shop.steel-containers.com\/de\/wp-json\/wp\/v2\/media\/608"}],"wp:attachment":[{"href":"https:\/\/shop.steel-containers.com\/de\/wp-json\/wp\/v2\/media?parent=4145"}],"wp:term":[{"taxonomy":"product_brand","embeddable":true,"href":"https:\/\/shop.steel-containers.com\/de\/wp-json\/wp\/v2\/product_brand?post=4145"},{"taxonomy":"product_cat","embeddable":true,"href":"https:\/\/shop.steel-containers.com\/de\/wp-json\/wp\/v2\/product_cat?post=4145"},{"taxonomy":"product_tag","embeddable":true,"href":"https:\/\/shop.steel-containers.com\/de\/wp-json\/wp\/v2\/product_tag?post=4145"}],"curies":[{"name":"wp","href":"https:\/\/api.w.org\/{rel}","templated":true}]}}