{"id":4351,"date":"2026-01-22T09:34:01","date_gmt":"2026-01-22T08:34:01","guid":{"rendered":"https:\/\/shop.steel-containers.com\/produkt\/metall-stapelbehaelter-modell-pmpb\/"},"modified":"2026-01-22T09:34:01","modified_gmt":"2026-01-22T08:34:01","slug":"metall-stapelbehaelter-modell-pmpb","status":"publish","type":"product","link":"https:\/\/shop.steel-containers.com\/de\/produkt\/metall-stapelbehaelter-modell-pmpb\/","title":{"rendered":"Metall-Stapelbeh\u00e4lter Modell PMPB"},"content":{"rendered":"<p data-path-to-node=\"12\">Die Metall-Boxpalette Modell PMPB ist ein professioneller Lagerbeh\u00e4lter, der extreme Robustheit mit hoher Ergonomie verbindet. Die Konstruktion besteht aus solidem, 2 mm starkem Kantblech \u2013 dies gilt sowohl f\u00fcr die W\u00e4nde des Beh\u00e4lters als auch f\u00fcr dessen Boden. Die beidseitige Schwei\u00dftechnologie garantiert Langlebigkeit und Widerstandsf\u00e4higkeit gegen\u00fcber extremen Industriebedingungen und macht diesen Container zu einem \u00e4u\u00dferst stabilen und sicheren Tr\u00e4ger f\u00fcr schwere G\u00fcter.  <\/p>\n<h2 data-path-to-node=\"13\">Klappbare Bordwand \u2013 einfacher Warenzugriff<\/h2>\n<p data-path-to-node=\"14\">Ein entscheidender Vorteil des Modells PMPB ist die funktionale L\u00f6sung in Form einer klappbaren Bordwand. An einer der L\u00e4ngsseiten befindet sich eine auf halber H\u00f6he klappbare Klappe, die den Zugriff auf Materialien am Boden des Beh\u00e4lters erheblich erleichtert. Dank dieser L\u00f6sung erfolgt die Be- und Entladung (manuell oder mechanisch) wesentlich schneller und ergonomischer, da ein tiefes B\u00fccken \u00fcber die Kante einer geschlossenen Seite entf\u00e4llt.  <\/p>\n<h2 data-path-to-node=\"15\">Vielseitigkeit in Transport und Lagerung<\/h2>\n<p data-path-to-node=\"16\">Der Beh\u00e4lter wurde f\u00fcr die Zusammenarbeit mit verschiedenen Flurf\u00f6rderzeugen entwickelt. Die mit F\u00fc\u00dfen ausgestattete Basis erm\u00f6glicht das freie Rangieren sowohl mit Gabelstaplern als auch mit Handhubwagen (&#8222;Ameisen&#8220;). Zudem verf\u00fcgt der obere Rand der Boxpalette \u00fcber spezielle Stapelecken (Trichter) mit Bohrungen, die zwei Funktionen erf\u00fcllen: Sie erm\u00f6glichen das stabile Stapeln der Beh\u00e4lter \u00fcbereinander und dienen als Anschlagpunkte f\u00fcr den Transport mit Kran oder Hebezeug.  <\/p>\n","protected":false},"excerpt":{"rendered":"<p>Solide Metall-Boxpalette PMPB aus 2 mm Kantblech. Zeichnet sich durch eine klappbare Bordwand an der L\u00e4ngsseite aus, die den Zugriff auf den Inhalt erleichtert. Beidseitig verschwei\u00dfte Konstruktion, geeignet f\u00fcr den Transport mit Kran, Gabelstapler und Hubwagen. Sichere Stapelung m\u00f6glich.   <\/p>\n","protected":false},"featured_media":621,"comment_status":"open","ping_status":"closed","template":"","meta":[],"product_brand":[],"product_cat":[477],"product_tag":[],"class_list":{"0":"post-4351","1":"product","2":"type-product","3":"status-publish","4":"has-post-thumbnail","6":"product_cat-pmpb","7":"product_shipping_class-kurier-390","9":"first","10":"instock","11":"taxable","12":"shipping-taxable","13":"purchasable","14":"product-type-simple"},"_links":{"self":[{"href":"https:\/\/shop.steel-containers.com\/de\/wp-json\/wp\/v2\/product\/4351","targetHints":{"allow":["GET"]}}],"collection":[{"href":"https:\/\/shop.steel-containers.com\/de\/wp-json\/wp\/v2\/product"}],"about":[{"href":"https:\/\/shop.steel-containers.com\/de\/wp-json\/wp\/v2\/types\/product"}],"replies":[{"embeddable":true,"href":"https:\/\/shop.steel-containers.com\/de\/wp-json\/wp\/v2\/comments?post=4351"}],"wp:featuredmedia":[{"embeddable":true,"href":"https:\/\/shop.steel-containers.com\/de\/wp-json\/wp\/v2\/media\/621"}],"wp:attachment":[{"href":"https:\/\/shop.steel-containers.com\/de\/wp-json\/wp\/v2\/media?parent=4351"}],"wp:term":[{"taxonomy":"product_brand","embeddable":true,"href":"https:\/\/shop.steel-containers.com\/de\/wp-json\/wp\/v2\/product_brand?post=4351"},{"taxonomy":"product_cat","embeddable":true,"href":"https:\/\/shop.steel-containers.com\/de\/wp-json\/wp\/v2\/product_cat?post=4351"},{"taxonomy":"product_tag","embeddable":true,"href":"https:\/\/shop.steel-containers.com\/de\/wp-json\/wp\/v2\/product_tag?post=4351"}],"curies":[{"name":"wp","href":"https:\/\/api.w.org\/{rel}","templated":true}]}}