{"id":4432,"date":"2026-01-22T09:34:00","date_gmt":"2026-01-22T08:34:00","guid":{"rendered":"https:\/\/shop.steel-containers.com\/produkt\/manurack-stapelbare-stahlpalette\/"},"modified":"2026-01-22T09:34:00","modified_gmt":"2026-01-22T08:34:00","slug":"manurack-stapelbare-stahlpalette","status":"publish","type":"product","link":"https:\/\/shop.steel-containers.com\/de\/produkt\/manurack-stapelbare-stahlpalette\/","title":{"rendered":"Manurack \u2013 Stapelbare Stahlpalette"},"content":{"rendered":"<p><span style=\"font-family: 'din-next-w01-light', 'din-next-w02-light', 'din-next-w10-light', sans-serif; font-size: 16px;\">Das Manurack ist eine Stahlpalette, die speziell f\u00fcr den Gabelstaplertransport entwickelt wurde. Die Konstruktion aus robusten Hohlprofilen garantiert h\u00f6chste Stabilit\u00e4t und Langlebigkeit. Im Unterbau integrierte Transportb\u00fcgel verhindern ein Verrutschen des Tr\u00e4gers auf den Zinken w\u00e4hrend der Fahrt.<br \/>Modulares Regalsystem Die Basis verf\u00fcgt \u00fcber Rundf\u00fc\u00dfe, w\u00e4hrend sich im oberen Teil Aufnahmen f\u00fcr Stahlrohre befinden. Durch das Einsetzen dieser Rohre lassen sich die Paletten schnell und einfach \u00fcbereinanderstapeln und so in ein zerlegbares Regalsystem verwandeln. Dies ist die ideale L\u00f6sung zur Platzoptimierung in Produktionshallen oder Lagern, da es eine bessere Fl\u00e4chennutzung, einfache Produktidentifikation und einen schnelleren Zugriff erm\u00f6glicht.          <\/span><\/p>\n","protected":false},"excerpt":{"rendered":"<p><strong>F\u00fcr Transport und Lagerung<\/strong><\/p>\n","protected":false},"featured_media":576,"comment_status":"open","ping_status":"closed","template":"","meta":[],"product_brand":[],"product_cat":[500],"product_tag":[],"class_list":{"0":"post-4432","1":"product","2":"type-product","3":"status-publish","4":"has-post-thumbnail","6":"product_cat-stapelpaletten-mit-steckpfosten","7":"product_shipping_class-kurier-450","9":"first","10":"instock","11":"taxable","12":"shipping-taxable","13":"purchasable","14":"product-type-simple"},"_links":{"self":[{"href":"https:\/\/shop.steel-containers.com\/de\/wp-json\/wp\/v2\/product\/4432","targetHints":{"allow":["GET"]}}],"collection":[{"href":"https:\/\/shop.steel-containers.com\/de\/wp-json\/wp\/v2\/product"}],"about":[{"href":"https:\/\/shop.steel-containers.com\/de\/wp-json\/wp\/v2\/types\/product"}],"replies":[{"embeddable":true,"href":"https:\/\/shop.steel-containers.com\/de\/wp-json\/wp\/v2\/comments?post=4432"}],"wp:featuredmedia":[{"embeddable":true,"href":"https:\/\/shop.steel-containers.com\/de\/wp-json\/wp\/v2\/media\/576"}],"wp:attachment":[{"href":"https:\/\/shop.steel-containers.com\/de\/wp-json\/wp\/v2\/media?parent=4432"}],"wp:term":[{"taxonomy":"product_brand","embeddable":true,"href":"https:\/\/shop.steel-containers.com\/de\/wp-json\/wp\/v2\/product_brand?post=4432"},{"taxonomy":"product_cat","embeddable":true,"href":"https:\/\/shop.steel-containers.com\/de\/wp-json\/wp\/v2\/product_cat?post=4432"},{"taxonomy":"product_tag","embeddable":true,"href":"https:\/\/shop.steel-containers.com\/de\/wp-json\/wp\/v2\/product_tag?post=4432"}],"curies":[{"name":"wp","href":"https:\/\/api.w.org\/{rel}","templated":true}]}}