{"id":4466,"date":"2026-01-22T09:34:59","date_gmt":"2026-01-22T08:34:59","guid":{"rendered":"https:\/\/shop.steel-containers.com\/produkt\/mobiler-behaelter-pmmc-light-150\/"},"modified":"2026-01-22T09:34:59","modified_gmt":"2026-01-22T08:34:59","slug":"mobiler-behaelter-pmmc-light-150","status":"publish","type":"product","link":"https:\/\/shop.steel-containers.com\/de\/produkt\/mobiler-behaelter-pmmc-light-150\/","title":{"rendered":"Mobiler Beh\u00e4lter PMMC LIGHT 150"},"content":{"rendered":"<p>Der PMMC LIGHT 150 ist ein leichter und wendiger mobiler Beh\u00e4lter f\u00fcr den Transport und die vor\u00fcbergehende Lagerung von Produktionsabf\u00e4llen, Schrott und Sch\u00fcttg\u00fctern. Seine kompakten Abmessungen in Kombination mit einem ergonomischen Griff und Lenkrollen machen ihn ideal f\u00fcr Bereiche mit begrenztem Man\u00f6vrierraum. <\/p>\n<p>Die trichterf\u00f6rmige Konstruktion erleichtert das Entleeren des Inhalts, und die optimal gew\u00e4hlte H\u00f6he erm\u00f6glicht eine komfortable Bedienung ohne den Einsatz von speziellen F\u00f6rderger\u00e4ten. Dank der soliden Verarbeitung und der Verwendung langlebiger Materialien ist der Beh\u00e4lter resistent gegen mechanische Besch\u00e4digungen und f\u00fcr den Einsatz in industriellen Umgebungen bestens geeignet. <\/p>\n<p>In blauer Farbe mit deutlichen Warnstreifen ausgef\u00fchrt, verbindet der PMMC LIGHT 150 Funktionalit\u00e4t mit Anwendungssicherheit.<\/p>\n","protected":false},"excerpt":{"rendered":"<p>Der PMMC LIGHT 150 ist ein leichter und wendiger mobiler Beh\u00e4lter f\u00fcr den Transport und die vor\u00fcbergehende Lagerung von Produktionsabf\u00e4llen, Schrott und Sch\u00fcttg\u00fctern. Seine kompakten Abmessungen in Kombination mit einem ergonomischen Griff und Lenkrollen machen ihn ideal f\u00fcr Bereiche mit begrenztem Man\u00f6vrierraum. Die trichterf\u00f6rmige Konstruktion erleichtert das Entleeren des Inhalts, und die optimal gew\u00e4hlte H\u00f6he [&hellip;]<\/p>\n","protected":false},"featured_media":4461,"comment_status":"open","ping_status":"closed","template":"","meta":[],"product_brand":[],"product_cat":[429],"product_tag":[],"class_list":{"0":"post-4466","1":"product","2":"type-product","3":"status-publish","4":"has-post-thumbnail","6":"product_cat-pmmc-light","7":"product_shipping_class-kurier-390","9":"first","10":"instock","11":"taxable","12":"shipping-taxable","13":"purchasable","14":"product-type-simple"},"_links":{"self":[{"href":"https:\/\/shop.steel-containers.com\/de\/wp-json\/wp\/v2\/product\/4466","targetHints":{"allow":["GET"]}}],"collection":[{"href":"https:\/\/shop.steel-containers.com\/de\/wp-json\/wp\/v2\/product"}],"about":[{"href":"https:\/\/shop.steel-containers.com\/de\/wp-json\/wp\/v2\/types\/product"}],"replies":[{"embeddable":true,"href":"https:\/\/shop.steel-containers.com\/de\/wp-json\/wp\/v2\/comments?post=4466"}],"wp:featuredmedia":[{"embeddable":true,"href":"https:\/\/shop.steel-containers.com\/de\/wp-json\/wp\/v2\/media\/4461"}],"wp:attachment":[{"href":"https:\/\/shop.steel-containers.com\/de\/wp-json\/wp\/v2\/media?parent=4466"}],"wp:term":[{"taxonomy":"product_brand","embeddable":true,"href":"https:\/\/shop.steel-containers.com\/de\/wp-json\/wp\/v2\/product_brand?post=4466"},{"taxonomy":"product_cat","embeddable":true,"href":"https:\/\/shop.steel-containers.com\/de\/wp-json\/wp\/v2\/product_cat?post=4466"},{"taxonomy":"product_tag","embeddable":true,"href":"https:\/\/shop.steel-containers.com\/de\/wp-json\/wp\/v2\/product_tag?post=4466"}],"curies":[{"name":"wp","href":"https:\/\/api.w.org\/{rel}","templated":true}]}}