{"id":4563,"date":"2026-01-22T09:33:19","date_gmt":"2026-01-22T08:33:19","guid":{"rendered":"https:\/\/shop.steel-containers.com\/produkt\/lagergestell\/"},"modified":"2026-01-22T09:33:19","modified_gmt":"2026-01-22T08:33:19","slug":"lagergestell","status":"publish","type":"product","link":"https:\/\/shop.steel-containers.com\/de\/produkt\/lagergestell\/","title":{"rendered":"Lagergestell"},"content":{"rendered":"<p>Das Lagergestell ist eine Konstruktion aus Stahlprofilen. Es ist doppelseitig und sehr stabil. An den Seitenteilen ist es mit gro\u00dfen Griffen f\u00fcr ein einfacheres Man\u00f6vrieren ausgestattet. Es besteht die M\u00f6glichkeit, Rollen anzuschrauben, damit es ohne den Einsatz zus\u00e4tzlicher Ger\u00e4te bewegt werden kann. Seine Aufgabe ist der sichere Transport und die Lagerung von Waren. Es besteht die M\u00f6glichkeit, die gesamte Einheit mit Holzbrettern zu verkleiden, die mittels Schrauben am Gestell montiert werden. Dadurch ist ein eventueller Austausch oder eine Demontage schnell und effizient durchf\u00fchrbar. Die Konstruktion wurde mit Polyurethan-Lack versehen, der als Korrosionsschutz dient.<\/p>\n","protected":false},"excerpt":{"rendered":"<p><strong>F\u00fcr Transport und Lagerung<\/strong><\/p>\n","protected":false},"featured_media":443,"comment_status":"open","ping_status":"closed","template":"","meta":[],"product_brand":[],"product_cat":[377],"product_tag":[],"class_list":{"0":"post-4563","1":"product","2":"type-product","3":"status-publish","4":"has-post-thumbnail","6":"product_cat-lagergestelle","7":"product_shipping_class-kurier-450","9":"first","10":"instock","11":"taxable","12":"shipping-taxable","13":"purchasable","14":"product-type-simple"},"_links":{"self":[{"href":"https:\/\/shop.steel-containers.com\/de\/wp-json\/wp\/v2\/product\/4563","targetHints":{"allow":["GET"]}}],"collection":[{"href":"https:\/\/shop.steel-containers.com\/de\/wp-json\/wp\/v2\/product"}],"about":[{"href":"https:\/\/shop.steel-containers.com\/de\/wp-json\/wp\/v2\/types\/product"}],"replies":[{"embeddable":true,"href":"https:\/\/shop.steel-containers.com\/de\/wp-json\/wp\/v2\/comments?post=4563"}],"wp:featuredmedia":[{"embeddable":true,"href":"https:\/\/shop.steel-containers.com\/de\/wp-json\/wp\/v2\/media\/443"}],"wp:attachment":[{"href":"https:\/\/shop.steel-containers.com\/de\/wp-json\/wp\/v2\/media?parent=4563"}],"wp:term":[{"taxonomy":"product_brand","embeddable":true,"href":"https:\/\/shop.steel-containers.com\/de\/wp-json\/wp\/v2\/product_brand?post=4563"},{"taxonomy":"product_cat","embeddable":true,"href":"https:\/\/shop.steel-containers.com\/de\/wp-json\/wp\/v2\/product_cat?post=4563"},{"taxonomy":"product_tag","embeddable":true,"href":"https:\/\/shop.steel-containers.com\/de\/wp-json\/wp\/v2\/product_tag?post=4563"}],"curies":[{"name":"wp","href":"https:\/\/api.w.org\/{rel}","templated":true}]}}