{"id":4571,"date":"2026-01-22T09:33:59","date_gmt":"2026-01-22T08:33:59","guid":{"rendered":"https:\/\/shop.steel-containers.com\/produkt\/steinregal-tpm\/"},"modified":"2026-01-22T09:33:59","modified_gmt":"2026-01-22T08:33:59","slug":"steinregal-tpm","status":"publish","type":"product","link":"https:\/\/shop.steel-containers.com\/de\/produkt\/steinregal-tpm\/","title":{"rendered":"Steinregal TPM"},"content":{"rendered":"<p>Das Steinregal TPM ist eine solide Konstruktion zur Lagerung von Steinplatten. Es besteht aus 2 Stahlschienen mit einer L\u00e4nge von 3000 mm. In jeder von ihnen befinden sich 41 Bohrungen. Diese dienen zur Montage von Pfosten, von denen insgesamt 16 St\u00fcck im Set enthalten sind. Alle sind aus einem Profil 60x60x3 gefertigt und haben eine H\u00f6he von 1500 mm. Ein zus\u00e4tzlicher Vorteil ist, dass sich die St\u00fctzen zusammen mit der gelagerten Ware in einem geringen Winkel neigen. Auf diese Weise st\u00fctzen sie die gesamte Oberfl\u00e4che der Platten ab, was das Risiko von Plattenbr\u00fcchen oder Verformungen minimiert. Alle Elemente sind durch Feuerverzinkung korrosionsgesch\u00fctzt, was Langlebigkeit und eine langj\u00e4hrige Nutzung garantiert.       <\/p>\n","protected":false},"excerpt":{"rendered":"<p>Steinregal TPM<\/p>\n","protected":false},"featured_media":4572,"comment_status":"open","ping_status":"closed","template":"","meta":[],"product_brand":[],"product_cat":[377],"product_tag":[],"class_list":{"0":"post-4571","1":"product","2":"type-product","3":"status-publish","4":"has-post-thumbnail","6":"product_cat-lagergestelle","7":"product_shipping_class-kurier-690","9":"first","10":"instock","11":"taxable","12":"shipping-taxable","13":"purchasable","14":"product-type-simple"},"_links":{"self":[{"href":"https:\/\/shop.steel-containers.com\/de\/wp-json\/wp\/v2\/product\/4571","targetHints":{"allow":["GET"]}}],"collection":[{"href":"https:\/\/shop.steel-containers.com\/de\/wp-json\/wp\/v2\/product"}],"about":[{"href":"https:\/\/shop.steel-containers.com\/de\/wp-json\/wp\/v2\/types\/product"}],"replies":[{"embeddable":true,"href":"https:\/\/shop.steel-containers.com\/de\/wp-json\/wp\/v2\/comments?post=4571"}],"wp:featuredmedia":[{"embeddable":true,"href":"https:\/\/shop.steel-containers.com\/de\/wp-json\/wp\/v2\/media\/4572"}],"wp:attachment":[{"href":"https:\/\/shop.steel-containers.com\/de\/wp-json\/wp\/v2\/media?parent=4571"}],"wp:term":[{"taxonomy":"product_brand","embeddable":true,"href":"https:\/\/shop.steel-containers.com\/de\/wp-json\/wp\/v2\/product_brand?post=4571"},{"taxonomy":"product_cat","embeddable":true,"href":"https:\/\/shop.steel-containers.com\/de\/wp-json\/wp\/v2\/product_cat?post=4571"},{"taxonomy":"product_tag","embeddable":true,"href":"https:\/\/shop.steel-containers.com\/de\/wp-json\/wp\/v2\/product_tag?post=4571"}],"curies":[{"name":"wp","href":"https:\/\/api.w.org\/{rel}","templated":true}]}}