{"id":28,"date":"2026-01-19T12:26:26","date_gmt":"2026-01-19T11:26:26","guid":{"rendered":"http:\/\/shop.steel-containers.com\/koszyk\/"},"modified":"2026-01-28T13:21:22","modified_gmt":"2026-01-28T12:21:22","slug":"koszyk","status":"publish","type":"page","link":"https:\/\/shop.steel-containers.com\/pl\/koszyk\/","title":{"rendered":"Koszyk"},"content":{"rendered":"\n<div data-block-name=\"woocommerce\/cart\" class=\"wp-block-woocommerce-cart alignwide is-loading\">\n<div data-block-name=\"woocommerce\/filled-cart-block\" class=\"wp-block-woocommerce-filled-cart-block\">\n<div data-block-name=\"woocommerce\/cart-items-block\" class=\"wp-block-woocommerce-cart-items-block\">\n<div data-block-name=\"woocommerce\/cart-line-items-block\" class=\"wp-block-woocommerce-cart-line-items-block\"><\/div>\n\n\n<\/div>\n\n\n\n<div data-block-name=\"woocommerce\/cart-totals-block\" class=\"wp-block-woocommerce-cart-totals-block\">\n<div data-block-name=\"woocommerce\/cart-order-summary-block\" class=\"wp-block-woocommerce-cart-order-summary-block\">\n<div data-block-name=\"woocommerce\/cart-order-summary-heading-block\" data-content=\"Podsumowanie koszyka\" class=\"wp-block-woocommerce-cart-order-summary-heading-block\"><\/div>\n\n\n\n<div data-block-name=\"woocommerce\/cart-order-summary-coupon-form-block\" class=\"wp-block-woocommerce-cart-order-summary-coupon-form-block\"><\/div>\n\n\n\n<div data-block-name=\"woocommerce\/cart-order-summary-totals-block\" class=\"wp-block-woocommerce-cart-order-summary-totals-block\">\n<div data-block-name=\"woocommerce\/cart-order-summary-subtotal-block\" class=\"wp-block-woocommerce-cart-order-summary-subtotal-block\"><\/div>\n\n\n\n<div data-block-name=\"woocommerce\/cart-order-summary-fee-block\" class=\"wp-block-woocommerce-cart-order-summary-fee-block\"><\/div>\n\n\n\n<div data-block-name=\"woocommerce\/cart-order-summary-discount-block\" class=\"wp-block-woocommerce-cart-order-summary-discount-block\"><\/div>\n\n\n\n<div data-block-name=\"woocommerce\/cart-order-summary-shipping-block\" class=\"wp-block-woocommerce-cart-order-summary-shipping-block\"><\/div>\n\n\n\n<div data-block-name=\"woocommerce\/cart-order-summary-taxes-block\" class=\"wp-block-woocommerce-cart-order-summary-taxes-block\"><\/div>\n<\/div>\n<\/div>\n\n\n\n<div data-block-name=\"woocommerce\/cart-express-payment-block\" class=\"wp-block-woocommerce-cart-express-payment-block\"><\/div>\n\n\n\n<div data-block-name=\"woocommerce\/proceed-to-checkout-block\" class=\"wp-block-woocommerce-proceed-to-checkout-block\"><\/div>\n\n\n\n<div data-block-name=\"woocommerce\/cart-accepted-payment-methods-block\" class=\"wp-block-woocommerce-cart-accepted-payment-methods-block\"><\/div>\n<\/div>\n<\/div>\n\n\n\n<div data-block-name=\"woocommerce\/empty-cart-block\" class=\"wp-block-woocommerce-empty-cart-block\">\n<h2 class=\"wp-block-heading has-text-align-center with-empty-cart-icon wc-block-cart__empty-cart__title\">Tw\u00f3j koszyk jest obecnie pusty!<\/h2>\n\n\n\n<hr class=\"wp-block-separator has-alpha-channel-opacity is-style-dots\"\/>\n\n\n\n<h2 class=\"wp-block-heading has-text-align-center\">Nowe w sklepie<\/h2>\n\n\n<div data-block-name=\"woocommerce\/product-new\" data-columns=\"4\" data-rows=\"1\" class=\"wc-block-grid wp-block-product-new wp-block-woocommerce-product-new wc-block-product-new has-4-columns\"><ul class=\"wc-block-grid__products\"><li class=\"wc-block-grid__product\"><span class=\"gtm4wp_productdata\" style=\"display:none; visibility:hidden;\" data-gtm4wp_product_data=\"{&quot;internal_id&quot;:5582,&quot;item_id&quot;:5582,&quot;item_name&quot;:&quot;Mobilna suwnica bramowa&quot;,&quot;sku&quot;:5582,&quot;price&quot;:3688.77,&quot;stocklevel&quot;:null,&quot;stockstatus&quot;:&quot;instock&quot;,&quot;google_business_vertical&quot;:&quot;retail&quot;,&quot;item_category&quot;:&quot;Wyposa\\u017cenie magazynowo-transportowe&quot;,&quot;id&quot;:5582,&quot;productlink&quot;:&quot;https:\\\/\\\/shop.steel-containers.com\\\/pl\\\/produkt\\\/mobilna-suwnica-bramowa\\\/&quot;,&quot;item_list_name&quot;:&quot;General Product List&quot;,&quot;index&quot;:0,&quot;product_type&quot;:&quot;variable&quot;,&quot;item_brand&quot;:&quot;&quot;}\"><\/span>\n\t\t\t\t<a href=\"https:\/\/shop.steel-containers.com\/pl\/produkt\/mobilna-suwnica-bramowa\/\" class=\"wc-block-grid__product-link\">\n\t\t\t\t\t\n\t\t\t\t\t<div class=\"wc-block-grid__product-image\"><img decoding=\"async\" width=\"300\" height=\"300\" src=\"https:\/\/shop.steel-containers.com\/wp-content\/uploads\/2026\/04\/mobilna_suwnica_bramowa_1-300x300.png\" class=\"attachment-woocommerce_thumbnail size-woocommerce_thumbnail\" alt=\"Mobilna suwnica bramowa\" srcset=\"https:\/\/shop.steel-containers.com\/wp-content\/uploads\/2026\/04\/mobilna_suwnica_bramowa_1-300x300.png 300w, https:\/\/shop.steel-containers.com\/wp-content\/uploads\/2026\/04\/mobilna_suwnica_bramowa_1-1024x1024.png 1024w, https:\/\/shop.steel-containers.com\/wp-content\/uploads\/2026\/04\/mobilna_suwnica_bramowa_1-150x150.png 150w, https:\/\/shop.steel-containers.com\/wp-content\/uploads\/2026\/04\/mobilna_suwnica_bramowa_1-768x768.png 768w, https:\/\/shop.steel-containers.com\/wp-content\/uploads\/2026\/04\/mobilna_suwnica_bramowa_1-1536x1536.png 1536w, https:\/\/shop.steel-containers.com\/wp-content\/uploads\/2026\/04\/mobilna_suwnica_bramowa_1-600x600.png 600w, https:\/\/shop.steel-containers.com\/wp-content\/uploads\/2026\/04\/mobilna_suwnica_bramowa_1-100x100.png 100w, https:\/\/shop.steel-containers.com\/wp-content\/uploads\/2026\/04\/mobilna_suwnica_bramowa_1.png 1920w\" sizes=\"(max-width: 300px) 100vw, 300px\" \/><\/div>\n\t\t\t\t\t<div class=\"wc-block-grid__product-title\">Mobilna suwnica bramowa<\/div>\n\t\t\t\t<\/a>\n\t\t\t\t<div class=\"wc-block-grid__product-price price\"><span class=\"woocommerce-Price-amount amount\" aria-hidden=\"true\">3 688,77&nbsp;<span class=\"woocommerce-Price-currencySymbol\">&#122;&#322;<\/span><\/span> <span aria-hidden=\"true\">&ndash;<\/span> <span class=\"woocommerce-Price-amount amount\" aria-hidden=\"true\">4 920,00&nbsp;<span class=\"woocommerce-Price-currencySymbol\">&#122;&#322;<\/span><\/span><span class=\"screen-reader-text\">Zakres cen: od 3 688,77&nbsp;&#122;&#322; do 4 920,00&nbsp;&#122;&#322;<\/span><\/div>\n\t\t\t\t\n\t\t\t\t<div class=\"wp-block-button wc-block-grid__product-add-to-cart\"><a href=\"https:\/\/shop.steel-containers.com\/pl\/produkt\/mobilna-suwnica-bramowa\/\" aria-label=\"Wybierz opcje dla &bdquo;Mobilna suwnica bramowa&rdquo;\" data-quantity=\"1\" data-product_id=\"5582\" data-product_sku=\"\" data-price=\"3688.77\" rel=\"nofollow\" class=\"wp-block-button__link wp-element-button add_to_cart_button\">Wybierz opcje<\/a><\/div>\n\t\t\t<\/li><li class=\"wc-block-grid__product\"><span class=\"gtm4wp_productdata\" style=\"display:none; visibility:hidden;\" data-gtm4wp_product_data=\"{&quot;internal_id&quot;:4144,&quot;item_id&quot;:4144,&quot;item_name&quot;:&quot;Ocynkowany kojec dla psa 3\\u00d72&quot;,&quot;sku&quot;:4144,&quot;price&quot;:2091,&quot;stocklevel&quot;:null,&quot;stockstatus&quot;:&quot;instock&quot;,&quot;google_business_vertical&quot;:&quot;retail&quot;,&quot;item_category&quot;:&quot;Ma\\u0142a architektura&quot;,&quot;id&quot;:4144,&quot;productlink&quot;:&quot;https:\\\/\\\/shop.steel-containers.com\\\/pl\\\/produkt\\\/ocynkowany-kojec-dla-psa-3x2\\\/&quot;,&quot;item_list_name&quot;:&quot;General Product List&quot;,&quot;index&quot;:0,&quot;product_type&quot;:&quot;simple&quot;,&quot;item_brand&quot;:&quot;&quot;}\"><\/span>\n\t\t\t\t<a href=\"https:\/\/shop.steel-containers.com\/pl\/produkt\/ocynkowany-kojec-dla-psa-3x2\/\" class=\"wc-block-grid__product-link\">\n\t\t\t\t\t\n\t\t\t\t\t<div class=\"wc-block-grid__product-image\"><img decoding=\"async\" width=\"300\" height=\"300\" src=\"https:\/\/shop.steel-containers.com\/wp-content\/uploads\/2026\/02\/1-8-300x300.jpg\" class=\"attachment-woocommerce_thumbnail size-woocommerce_thumbnail\" alt=\"Ocynkowany kojec dla psa 3\u00d72 z dachem jednospadowym, stalowa konstrukcja ocynkowana z pionowymi szczebelkami\" srcset=\"https:\/\/shop.steel-containers.com\/wp-content\/uploads\/2026\/02\/1-8-300x300.jpg 300w, https:\/\/shop.steel-containers.com\/wp-content\/uploads\/2026\/02\/1-8-150x150.jpg 150w, https:\/\/shop.steel-containers.com\/wp-content\/uploads\/2026\/02\/1-8-100x100.jpg 100w\" sizes=\"(max-width: 300px) 100vw, 300px\" \/><\/div>\n\t\t\t\t\t<div class=\"wc-block-grid__product-title\">Ocynkowany kojec dla psa 3\u00d72<\/div>\n\t\t\t\t<\/a>\n\t\t\t\t<div class=\"wc-block-grid__product-price price\"><span class=\"woocommerce-Price-amount amount\">2 091,00&nbsp;<span class=\"woocommerce-Price-currencySymbol\">&#122;&#322;<\/span><\/span> <small class=\"woocommerce-price-suffix\">netto: <span class=\"woocommerce-Price-amount amount\">1 700,00&nbsp;<span class=\"woocommerce-Price-currencySymbol\">&#122;&#322;<\/span><\/span><\/small><\/div>\n\t\t\t\t\n\t\t\t\t<div class=\"wp-block-button wc-block-grid__product-add-to-cart\"><a href=\"\/pl\/wp-json\/wp\/v2\/pages\/28?add-to-cart=4144\" aria-label=\"Dodaj do koszyka: &bdquo;Ocynkowany kojec dla psa 3\u00d72&rdquo;\" data-quantity=\"1\" data-product_id=\"4144\" data-product_sku=\"\" data-price=\"2091\" rel=\"nofollow\" class=\"wp-block-button__link wp-element-button add_to_cart_button ajax_add_to_cart\">Dodaj do koszyka<\/a><\/div>\n\t\t\t<\/li><li class=\"wc-block-grid__product\"><span class=\"gtm4wp_productdata\" style=\"display:none; visibility:hidden;\" data-gtm4wp_product_data=\"{&quot;internal_id&quot;:4090,&quot;item_id&quot;:4090,&quot;item_name&quot;:&quot;Boks gara\\u017cowy&quot;,&quot;sku&quot;:4090,&quot;price&quot;:0,&quot;stocklevel&quot;:null,&quot;stockstatus&quot;:&quot;instock&quot;,&quot;google_business_vertical&quot;:&quot;retail&quot;,&quot;item_category&quot;:&quot;Ma\\u0142a architektura&quot;,&quot;id&quot;:4090,&quot;productlink&quot;:&quot;https:\\\/\\\/shop.steel-containers.com\\\/pl\\\/produkt\\\/boks-garazowy\\\/&quot;,&quot;item_list_name&quot;:&quot;General Product List&quot;,&quot;index&quot;:0,&quot;product_type&quot;:&quot;simple&quot;,&quot;item_brand&quot;:&quot;&quot;}\"><\/span>\n\t\t\t\t<a href=\"https:\/\/shop.steel-containers.com\/pl\/produkt\/boks-garazowy\/\" class=\"wc-block-grid__product-link\">\n\t\t\t\t\t\n\t\t\t\t\t<div class=\"wc-block-grid__product-image\"><img decoding=\"async\" width=\"300\" height=\"300\" src=\"https:\/\/shop.steel-containers.com\/wp-content\/uploads\/2026\/02\/1-7-300x300.jpg\" class=\"attachment-woocommerce_thumbnail size-woocommerce_thumbnail\" alt=\"Boks gara\u017cowy czarny do przechowywania rower\u00f3w przy domu jednorodzinnym, stalowa konstrukcja z rolet\u0105 aluminiow\u0105\" srcset=\"https:\/\/shop.steel-containers.com\/wp-content\/uploads\/2026\/02\/1-7-300x300.jpg 300w, https:\/\/shop.steel-containers.com\/wp-content\/uploads\/2026\/02\/1-7-150x150.jpg 150w, https:\/\/shop.steel-containers.com\/wp-content\/uploads\/2026\/02\/1-7-768x768.jpg 768w, https:\/\/shop.steel-containers.com\/wp-content\/uploads\/2026\/02\/1-7-600x600.jpg 600w, https:\/\/shop.steel-containers.com\/wp-content\/uploads\/2026\/02\/1-7-100x100.jpg 100w, https:\/\/shop.steel-containers.com\/wp-content\/uploads\/2026\/02\/1-7.jpg 1024w\" sizes=\"(max-width: 300px) 100vw, 300px\" \/><\/div>\n\t\t\t\t\t<div class=\"wc-block-grid__product-title\">Boks gara\u017cowy<\/div>\n\t\t\t\t<\/a>\n\t\t\t\t<div class=\"wc-block-grid__product-price price\"><\/div>\n\t\t\t\t\n\t\t\t\t<div class=\"wp-block-button wc-block-grid__product-add-to-cart\"><a href=\"https:\/\/shop.steel-containers.com\/pl\/produkt\/boks-garazowy\/\" aria-label=\"Przeczytaj wi\u0119cej o &bdquo;Boks gara\u017cowy&rdquo;\" data-quantity=\"1\" data-product_id=\"4090\" data-product_sku=\"\" data-price=\"0\" rel=\"nofollow\" class=\"wp-block-button__link wp-element-button add_to_cart_button\">Dowiedz si\u0119 wi\u0119cej<\/a><\/div>\n\t\t\t<\/li><li class=\"wc-block-grid__product\"><span class=\"gtm4wp_productdata\" style=\"display:none; visibility:hidden;\" data-gtm4wp_product_data=\"{&quot;internal_id&quot;:4073,&quot;item_id&quot;:4073,&quot;item_name&quot;:&quot;Kosz na odpady z daszkiem SLIM 50&quot;,&quot;sku&quot;:4073,&quot;price&quot;:1722,&quot;stocklevel&quot;:null,&quot;stockstatus&quot;:&quot;instock&quot;,&quot;google_business_vertical&quot;:&quot;retail&quot;,&quot;item_category&quot;:&quot;Segregacja odpad\\u00f3w&quot;,&quot;id&quot;:4073,&quot;productlink&quot;:&quot;https:\\\/\\\/shop.steel-containers.com\\\/pl\\\/produkt\\\/kosz-na-odpady-z-daszkiem-slim-50\\\/&quot;,&quot;item_list_name&quot;:&quot;General Product List&quot;,&quot;index&quot;:0,&quot;product_type&quot;:&quot;simple&quot;,&quot;item_brand&quot;:&quot;&quot;}\"><\/span>\n\t\t\t\t<a href=\"https:\/\/shop.steel-containers.com\/pl\/produkt\/kosz-na-odpady-z-daszkiem-slim-50\/\" class=\"wc-block-grid__product-link\">\n\t\t\t\t\t\n\t\t\t\t\t<div class=\"wc-block-grid__product-image\"><img decoding=\"async\" width=\"300\" height=\"300\" src=\"https:\/\/shop.steel-containers.com\/wp-content\/uploads\/2026\/02\/1-6-300x300.jpg\" class=\"attachment-woocommerce_thumbnail size-woocommerce_thumbnail\" alt=\"Kosz na odpady z daszkiem SLIM 50 czarny ze stali ocynkowanej malowanej proszkowo \u2013 kosz zewn\u0119trzny 50 l\" srcset=\"https:\/\/shop.steel-containers.com\/wp-content\/uploads\/2026\/02\/1-6-300x300.jpg 300w, https:\/\/shop.steel-containers.com\/wp-content\/uploads\/2026\/02\/1-6-150x150.jpg 150w, https:\/\/shop.steel-containers.com\/wp-content\/uploads\/2026\/02\/1-6-100x100.jpg 100w\" sizes=\"(max-width: 300px) 100vw, 300px\" \/><\/div>\n\t\t\t\t\t<div class=\"wc-block-grid__product-title\">Kosz na odpady z daszkiem SLIM 50<\/div>\n\t\t\t\t<\/a>\n\t\t\t\t<div class=\"wc-block-grid__product-price price\"><span class=\"woocommerce-Price-amount amount\">1 722,00&nbsp;<span class=\"woocommerce-Price-currencySymbol\">&#122;&#322;<\/span><\/span> <small class=\"woocommerce-price-suffix\">netto: <span class=\"woocommerce-Price-amount amount\">1 400,00&nbsp;<span class=\"woocommerce-Price-currencySymbol\">&#122;&#322;<\/span><\/span><\/small><\/div>\n\t\t\t\t\n\t\t\t\t<div class=\"wp-block-button wc-block-grid__product-add-to-cart\"><a href=\"\/pl\/wp-json\/wp\/v2\/pages\/28?add-to-cart=4073\" aria-label=\"Dodaj do koszyka: &bdquo;Kosz na odpady z daszkiem SLIM 50&rdquo;\" data-quantity=\"1\" data-product_id=\"4073\" data-product_sku=\"\" data-price=\"1722\" rel=\"nofollow\" class=\"wp-block-button__link wp-element-button add_to_cart_button ajax_add_to_cart\">Dodaj do koszyka<\/a><\/div>\n\t\t\t<\/li><\/ul><\/div><\/div>\n<\/div>\n","protected":false},"excerpt":{"rendered":"","protected":false},"author":1,"featured_media":0,"parent":0,"menu_order":0,"comment_status":"closed","ping_status":"closed","template":"page-cart","meta":{"footnotes":""},"class_list":["post-28","page","type-page","status-publish","hentry"],"_links":{"self":[{"href":"https:\/\/shop.steel-containers.com\/pl\/wp-json\/wp\/v2\/pages\/28","targetHints":{"allow":["GET"]}}],"collection":[{"href":"https:\/\/shop.steel-containers.com\/pl\/wp-json\/wp\/v2\/pages"}],"about":[{"href":"https:\/\/shop.steel-containers.com\/pl\/wp-json\/wp\/v2\/types\/page"}],"author":[{"embeddable":true,"href":"https:\/\/shop.steel-containers.com\/pl\/wp-json\/wp\/v2\/users\/1"}],"replies":[{"embeddable":true,"href":"https:\/\/shop.steel-containers.com\/pl\/wp-json\/wp\/v2\/comments?post=28"}],"version-history":[{"count":4,"href":"https:\/\/shop.steel-containers.com\/pl\/wp-json\/wp\/v2\/pages\/28\/revisions"}],"predecessor-version":[{"id":2227,"href":"https:\/\/shop.steel-containers.com\/pl\/wp-json\/wp\/v2\/pages\/28\/revisions\/2227"}],"wp:attachment":[{"href":"https:\/\/shop.steel-containers.com\/pl\/wp-json\/wp\/v2\/media?parent=28"}],"curies":[{"name":"wp","href":"https:\/\/api.w.org\/{rel}","templated":true}]}}