{"id":4610,"date":"2026-01-23T14:28:48","date_gmt":"2026-01-23T13:28:48","guid":{"rendered":"https:\/\/shop.steel-containers.com\/informacja-prawna\/"},"modified":"2026-04-22T10:11:35","modified_gmt":"2026-04-22T08:11:35","slug":"informacja-prawna","status":"publish","type":"page","link":"https:\/\/shop.steel-containers.com\/pl\/informacja-prawna\/","title":{"rendered":"Informacja prawna"},"content":{"rendered":"\n<h2 class=\"wp-block-heading\"><strong>Informacja prawna<\/strong><\/h2>\n\n\n\n<h3 class=\"wp-block-heading\"><strong>Dane us\u0142ugodawcy<br><\/strong><\/h3>\n\n\n\n<p>WIM Micha\u0142 Olejarz<br>Jednoosobowa dzia\u0142alno\u015b\u0107 gospodarcza<\/p>\n\n\n\n<p>Rondo Ignacego Daszy\u0144skiego 2B<br>00-843 Warszawa<br>Polska<\/p>\n\n\n\n<p>Bartk\u00f3w 71a<br>26-050 Bartk\u00f3w<br>Polska<br>(Magazyn)<\/p>\n\n\n\n<hr class=\"wp-block-separator has-alpha-channel-opacity\"\/>\n\n\n\n<h3 class=\"wp-block-heading\"><strong>Kontakt<\/strong><\/h3>\n\n\n\n<p>E-Mail: <strong><a>sales@steel-containers.com<\/a><\/strong><br>Telefon: <strong>+48 602 678 859<\/strong><\/p>\n\n\n\n<hr class=\"wp-block-separator has-alpha-channel-opacity\"\/>\n\n\n\n<h3 class=\"wp-block-heading\"><strong>Rejestracja dzia\u0142alno\u015bci<br><\/strong><\/h3>\n\n\n\n<p>Jednoosobowa dzia\u0142alno\u015b\u0107 gospodarcza wpisana do <strong>Centralnej Ewidencji i Informacji o Dzia\u0142alno\u015bci Gospodarczej Rzeczypospolitej Polskiej (CEIDG).<\/strong><br>Organ rejestrowy: Minister Rozwoju i Technologii Rzeczypospolitej Polskiej.<\/p>\n\n\n\n<hr class=\"wp-block-separator has-alpha-channel-opacity\"\/>\n\n\n\n<h3 class=\"wp-block-heading\"><strong>Numer identyfikacji podatkowej VAT<br><\/strong><\/h3>\n\n\n\n<p>Numer VAT UE: PL6572571770<br> <\/p>\n\n\n\n<hr class=\"wp-block-separator has-alpha-channel-opacity\"\/>\n\n\n\n<h3 class=\"wp-block-heading\"><strong>Odpowiedzialno\u015b\u0107 za tre\u015bci<br><\/strong><\/h3>\n\n\n\n<p>Jako us\u0142ugodawca odpowiadamy za w\u0142asne tre\u015bci zamieszczone na tych stronach zgodnie z obowi\u0105zuj\u0105cymi przepisami prawa. Nie ponosimy jednak odpowiedzialno\u015bci za tre\u015bci zewn\u0119trznych stron internetowych, do kt\u00f3rych prowadz\u0105 bezpo\u015brednie lub po\u015brednie odno\u015bniki, o ile w momencie ich zamieszczenia nie mieli\u015bmy wiedzy o ich bezprawnym charakterze. <\/p>\n\n\n\n<hr class=\"wp-block-separator has-alpha-channel-opacity\"\/>\n\n\n\n<h3 class=\"wp-block-heading\"><strong>Prawa autorskie<br><\/strong><\/h3>\n\n\n\n<p>Tre\u015bci, teksty, zdj\u0119cia i grafiki stworzone przez operatora strony podlegaj\u0105 ochronie prawnoautorskiej. Jakiekolwiek powielanie, modyfikowanie, rozpowszechnianie lub inne wykorzystanie wykraczaj\u0105ce poza granice prawa autorskiego wymaga uprzedniej pisemnej zgody w\u0142a\u015bciciela praw. <\/p>\n\n\n\n<hr class=\"wp-block-separator has-alpha-channel-opacity\"\/>\n\n\n\n<h3 class=\"wp-block-heading\"><strong>Zakres obowi\u0105zywania<br><\/strong><\/h3>\n\n\n\n<p>Niniejsza informacja prawna dotyczy strony internetowej:<br><strong>shop.steel-containers.com<\/strong>.<\/p>\n","protected":false},"excerpt":{"rendered":"<p>Informacja prawna Dane us\u0142ugodawcy WIM Micha\u0142 OlejarzJednoosobowa dzia\u0142alno\u015b\u0107 gospodarcza Rondo Ignacego Daszy\u0144skiego 2B00-843 WarszawaPolska Bartk\u00f3w 71a26-050 Bartk\u00f3wPolska(Magazyn) Kontakt E-Mail: sales@steel-containers.comTelefon: +48 602 678 859 Rejestracja dzia\u0142alno\u015bci Jednoosobowa dzia\u0142alno\u015b\u0107 gospodarcza wpisana do Centralnej Ewidencji i Informacji o Dzia\u0142alno\u015bci Gospodarczej Rzeczypospolitej Polskiej (CEIDG).Organ rejestrowy: Minister Rozwoju i Technologii Rzeczypospolitej Polskiej. Numer identyfikacji podatkowej VAT Numer VAT UE: [&hellip;]<\/p>\n","protected":false},"author":1,"featured_media":0,"parent":0,"menu_order":0,"comment_status":"closed","ping_status":"closed","template":"no-title","meta":{"footnotes":""},"class_list":["post-4610","page","type-page","status-publish","hentry"],"_links":{"self":[{"href":"https:\/\/shop.steel-containers.com\/pl\/wp-json\/wp\/v2\/pages\/4610","targetHints":{"allow":["GET"]}}],"collection":[{"href":"https:\/\/shop.steel-containers.com\/pl\/wp-json\/wp\/v2\/pages"}],"about":[{"href":"https:\/\/shop.steel-containers.com\/pl\/wp-json\/wp\/v2\/types\/page"}],"author":[{"embeddable":true,"href":"https:\/\/shop.steel-containers.com\/pl\/wp-json\/wp\/v2\/users\/1"}],"replies":[{"embeddable":true,"href":"https:\/\/shop.steel-containers.com\/pl\/wp-json\/wp\/v2\/comments?post=4610"}],"version-history":[{"count":4,"href":"https:\/\/shop.steel-containers.com\/pl\/wp-json\/wp\/v2\/pages\/4610\/revisions"}],"predecessor-version":[{"id":5712,"href":"https:\/\/shop.steel-containers.com\/pl\/wp-json\/wp\/v2\/pages\/4610\/revisions\/5712"}],"wp:attachment":[{"href":"https:\/\/shop.steel-containers.com\/pl\/wp-json\/wp\/v2\/media?parent=4610"}],"curies":[{"name":"wp","href":"https:\/\/api.w.org\/{rel}","templated":true}]}}