{"id":4672,"date":"2026-02-04T09:53:11","date_gmt":"2026-02-04T08:53:11","guid":{"rendered":"https:\/\/shop.steel-containers.com\/projekty-niestandardowe\/"},"modified":"2026-03-24T11:00:36","modified_gmt":"2026-03-24T10:00:36","slug":"projekty-niestandardowe","status":"publish","type":"page","link":"https:\/\/shop.steel-containers.com\/pl\/projekty-niestandardowe\/","title":{"rendered":"Projekty niestandardowe"},"content":{"rendered":"\n<div class=\"wp-block-group alignfull is-style-ext-preset--group--natural-1--section has-background-background-color has-background has-global-padding is-layout-constrained wp-block-group-is-layout-constrained\" style=\"margin-top:0;margin-bottom:0;padding-top:var(--wp--preset--spacing--50);padding-bottom:var(--wp--preset--spacing--70)\">\n<div class=\"wp-block-columns alignwide are-vertically-aligned-center is-layout-flex wp-container-core-columns-is-layout-174606dc wp-block-columns-is-layout-flex\">\n<div class=\"wp-block-column is-vertically-aligned-center is-layout-flow wp-block-column-is-layout-flow\">\n<figure class=\"wp-block-image size-large is-style-ext-preset--image--natural-1--image-1--content-right is-style-ext-preset--image--natural-1--image-1--content-right--2\"><img decoding=\"async\" width=\"2560\" height=\"2560\" src=\"https:\/\/shop.steel-containers.com\/wp-content\/uploads\/2026\/02\/IMG_0423-edited-scaled.jpg\" alt=\"\" class=\"wp-image-3227\" style=\"aspect-ratio:1;object-fit:cover\" srcset=\"https:\/\/shop.steel-containers.com\/wp-content\/uploads\/2026\/02\/IMG_0423-edited-scaled.jpg 2560w, https:\/\/shop.steel-containers.com\/wp-content\/uploads\/2026\/02\/IMG_0423-edited-300x300.jpg 300w, https:\/\/shop.steel-containers.com\/wp-content\/uploads\/2026\/02\/IMG_0423-edited-1024x1024.jpg 1024w, https:\/\/shop.steel-containers.com\/wp-content\/uploads\/2026\/02\/IMG_0423-edited-150x150.jpg 150w, https:\/\/shop.steel-containers.com\/wp-content\/uploads\/2026\/02\/IMG_0423-edited-768x768.jpg 768w, https:\/\/shop.steel-containers.com\/wp-content\/uploads\/2026\/02\/IMG_0423-edited-1536x1536.jpg 1536w, https:\/\/shop.steel-containers.com\/wp-content\/uploads\/2026\/02\/IMG_0423-edited-2048x2048.jpg 2048w, https:\/\/shop.steel-containers.com\/wp-content\/uploads\/2026\/02\/IMG_0423-edited-600x600.jpg 600w, https:\/\/shop.steel-containers.com\/wp-content\/uploads\/2026\/02\/IMG_0423-edited-100x100.jpg 100w\" sizes=\"(max-width: 2560px) 100vw, 2560px\" \/><\/figure>\n<\/div>\n\n\n\n<div class=\"wp-block-column is-vertically-aligned-center is-layout-flow wp-block-column-is-layout-flow\">\n<div class=\"wp-block-group alignwide is-vertical is-layout-flex wp-container-core-group-is-layout-c35747d5 wp-block-group-is-layout-flex\">\n<div class=\"wp-block-group has-global-padding is-layout-constrained wp-container-core-group-is-layout-dd32767c wp-block-group-is-layout-constrained\">\n<h1 class=\"wp-block-heading\">Odkryj nasze niestandardowe projekty.<\/h1>\n\n\n\n<p>W Steel Containers zdajemy sobie spraw\u0119, \u017ce wyj\u0105tkowe wyzwania operacyjne cz\u0119sto wymagaj\u0105 czego\u015b wi\u0119cej ni\u017c tylko standardowego sprz\u0119tu. Nasza us\u0142uga Custom Projects, wykorzystuj\u0105ca dekad\u0119 do\u015bwiadczenia w produkcji, pozwala projektowa\u0107 i budowa\u0107 niestandardowe metalowe kontenery i osprz\u0119t do w\u00f3zk\u00f3w wid\u0142owych, dopasowane do Pa\u0144stwa dok\u0142adnych specyfikacji. Od zmodyfikowanych kontener\u00f3w samowy\u0142adowczych po specjalistyczne koparki przemys\u0142owe, nasz zesp\u00f3\u0142 in\u017cynier\u00f3w \u0142\u0105czy precyzj\u0119 techniczn\u0105 z wysokiej jako\u015bci materia\u0142ami, aby dostarcza\u0107 trwa\u0142e, niepowtarzalne rozwi\u0105zania.  <\/p>\n<\/div>\n\n\n\n<div class=\"wp-block-buttons is-layout-flex wp-block-buttons-is-layout-flex\"><\/div>\n<\/div>\n<\/div>\n<\/div>\n<\/div>\n\n\n\n<div class=\"wp-block-group alignfull is-style-ext-preset--group--natural-1--section has-background-background-color has-background has-global-padding is-layout-constrained wp-container-core-group-is-layout-e955bbaf wp-block-group-is-layout-constrained\" style=\"margin-top:0;margin-bottom:0;padding-top:var(--wp--preset--spacing--70);padding-bottom:var(--wp--preset--spacing--70)\">\n<div class=\"wp-block-group alignwide is-vertical is-content-justification-center is-layout-flex wp-container-core-group-is-layout-c9ee0c5a wp-block-group-is-layout-flex\">\n<div class=\"wp-block-group has-global-padding is-layout-constrained wp-container-core-group-is-layout-5e05634a wp-block-group-is-layout-constrained\">\n<h2 class=\"wp-block-heading has-text-align-center\">Nasz niestandardowy proces<\/h2>\n\n\n\n<p class=\"has-text-align-center\">U\u0142atwiamy przej\u015bcie od wyzwania technicznego do rozwi\u0105zania o wysokiej trwa\u0142o\u015bci. Odkryj nasze proste, trzyetapowe podej\u015bcie do produkcji specjalistycznej. <\/p>\n<\/div>\n<\/div>\n\n\n\n<div class=\"wp-block-columns alignwide is-layout-flex wp-container-core-columns-is-layout-08c01c1c wp-block-columns-is-layout-flex\">\n<div class=\"wp-block-column is-vertically-aligned-stretch is-layout-flow wp-container-core-column-is-layout-f5bb311e wp-block-column-is-layout-flow\">\n<div class=\"wp-block-group is-style-ext-preset--group--natural-1--item-card-1--align-center has-global-padding is-layout-constrained wp-block-group-is-layout-constrained is-style-ext-preset--group--natural-1--item-card-1--align-center--4\">\n<div class=\"wp-block-group is-style-default has-global-padding is-layout-constrained wp-block-group-is-layout-constrained\">\n<figure class=\"wp-block-image aligncenter size-large ext-aspect-landscape wp-duotone-primary-foreground\"><img decoding=\"async\" src=\"data:image\/svg+xml;base64,PHN2ZyB4bWxucz0iaHR0cDovL3d3dy53My5vcmcvMjAwMC9zdmciIHdpZHRoPSI0OCIgaGVpZ2h0PSI0OCIgZmlsbD0iIzAwMDAwMCIgdmlld0JveD0iMCAwIDI1NiAyNTYiPjxwYXRoIGQ9Ik0xMjgsMjRBMTA0LDEwNCwwLDEsMCwyMzIsMTI4LDEwNC4xMSwxMDQuMTEsMCwwLDAsMTI4LDI0Wm0wLDE5MmE4OCw4OCwwLDEsMSw4OC04OEE4OC4xLDg4LjEsMCwwLDEsMTI4LDIxNlpNMTQwLDgwdjk2YTgsOCwwLDAsMS0xNiwwVjk1bC0xMS41Niw3LjcxYTgsOCwwLDEsMS04Ljg4LTEzLjMybDI0LTE2QTgsOCwwLDAsMSwxNDAsODBaIj48L3BhdGg+PC9zdmc+\" alt=\"\" style=\"object-fit:cover\"\/><\/figure>\n\n\n\n<h3 class=\"wp-block-heading has-text-align-center\">Konsultacje i projektowanie<\/h3>\n\n\n\n<p class=\"has-text-align-center\">Podziel si\u0119 z nami swoimi szczeg\u00f3\u0142owymi wymaganiami. Nasz zesp\u00f3\u0142 in\u017cynier\u00f3w przeanalizuje Twoje potrzeby logistyczne, aby zaprojektowa\u0107 niestandardowy kontener lub osprz\u0119t, idealnie dopasowany do Twojego procesu pracy. <\/p>\n<\/div>\n<\/div>\n<\/div>\n\n\n\n<div class=\"wp-block-column is-vertically-aligned-stretch is-layout-flow wp-container-core-column-is-layout-f5bb311e wp-block-column-is-layout-flow\">\n<div class=\"wp-block-group is-style-ext-preset--group--natural-1--item-card-1--align-center has-global-padding is-layout-constrained wp-block-group-is-layout-constrained is-style-ext-preset--group--natural-1--item-card-1--align-center--5\">\n<div class=\"wp-block-group is-style-default has-global-padding is-layout-constrained wp-block-group-is-layout-constrained\">\n<figure class=\"wp-block-image aligncenter size-large ext-aspect-landscape wp-duotone-primary-foreground\"><img decoding=\"async\" src=\"data:image\/svg+xml;base64,PHN2ZyB4bWxucz0iaHR0cDovL3d3dy53My5vcmcvMjAwMC9zdmciIHdpZHRoPSI0OCIgaGVpZ2h0PSI0OCIgZmlsbD0iIzAwMDAwMCIgdmlld0JveD0iMCAwIDI1NiAyNTYiPjxwYXRoIGQ9Ik0xMjgsMjRBMTA0LDEwNCwwLDEsMCwyMzIsMTI4LDEwNC4xMSwxMDQuMTEsMCwwLDAsMTI4LDI0Wm0wLDE5MmE4OCw4OCwwLDEsMSw4OC04OEE4OC4xLDg4LjEsMCwwLDEsMTI4LDIxNlptMjUuNTYtOTIuNzRMMTIwLDE2OGgzMmE4LDgsMCwwLDEsMCwxNkgxMDRhOCw4LDAsMCwxLTYuNC0xMi44bDQzLjE3LTU3LjU2YTE2LDE2LDAsMSwwLTI3Ljg2LTE1LDgsOCwwLDAsMS0xNS4wOS01LjM0LDMyLDMyLDAsMSwxLDU1Ljc0LDI5LjkzWiI+PC9wYXRoPjwvc3ZnPg==\" alt=\"\" style=\"object-fit:cover\"\/><\/figure>\n\n\n\n<h3 class=\"wp-block-heading has-text-align-center\">Produkcja precyzyjna<\/h3>\n\n\n\n<p class=\"has-text-align-center\">Po sfinalizowaniu projektu rozpoczynamy produkcj\u0119, wykorzystuj\u0105c wysokiej jako\u015bci materia\u0142y i precyzj\u0119 techniczn\u0105. B\u0119dziemy Ci\u0119 informowa\u0107 na bie\u017c\u0105co o post\u0119pach w budowie Twojego trwa\u0142ego sprz\u0119tu klasy przemys\u0142owej. <\/p>\n<\/div>\n<\/div>\n<\/div>\n\n\n\n<div class=\"wp-block-column is-vertically-aligned-stretch is-layout-flow wp-container-core-column-is-layout-f5bb311e wp-block-column-is-layout-flow\">\n<div class=\"wp-block-group is-style-ext-preset--group--natural-1--item-card-1--align-center has-global-padding is-layout-constrained wp-block-group-is-layout-constrained is-style-ext-preset--group--natural-1--item-card-1--align-center--6\">\n<div class=\"wp-block-group is-style-default has-global-padding is-layout-constrained wp-block-group-is-layout-constrained\">\n<figure class=\"wp-block-image aligncenter size-large ext-aspect-landscape wp-duotone-primary-foreground\"><img decoding=\"async\" src=\"data:image\/svg+xml;base64,PHN2ZyB4bWxucz0iaHR0cDovL3d3dy53My5vcmcvMjAwMC9zdmciIHdpZHRoPSI0OCIgaGVpZ2h0PSI0OCIgZmlsbD0iIzAwMDAwMCIgdmlld0JveD0iMCAwIDI1NiAyNTYiPjxwYXRoIGQ9Ik0xMjgsMjRBMTA0LDEwNCwwLDEsMCwyMzIsMTI4LDEwNC4xMSwxMDQuMTEsMCwwLDAsMTI4LDI0Wm0wLDE5MmE4OCw4OCwwLDEsMSw4OC04OEE4OC4xLDg4LjEsMCwwLDEsMTI4LDIxNlptMzItNjRhMzYsMzYsMCwwLDEtNjEuNzEsMjUuMTlBOCw4LDAsMSwxLDEwOS43MSwxNjYsMjAsMjAsMCwxLDAsMTI0LDEzMmE4LDgsMCwwLDEtNi41NS0xMi41OUwxMzYuNjMsOTJIMTA0YTgsOCwwLDAsMSwwLTE2aDQ4YTgsOCwwLDAsMSw2LjU1LDEyLjU5bC0yMSwzMEEzNi4wNywzNi4wNywwLDAsMSwxNjAsMTUyWiI+PC9wYXRoPjwvc3ZnPg==\" alt=\"\" style=\"object-fit:cover\"\/><\/figure>\n\n\n\n<h3 class=\"wp-block-heading has-text-align-center\">Dostawa i integracja<\/h3>\n\n\n\n<p class=\"has-text-align-center\">Twoje spersonalizowane rozwi\u0105zanie dostarczamy bezpo\u015brednio do Twojej plac\u00f3wki, gotowe do natychmiastowego u\u017cycia. Gwarantujemy, \u017ce produkt ko\u0144cowy zwi\u0119kszy Twoj\u0105 wydajno\u015b\u0107 operacyjn\u0105 i rozwi\u0105\u017ce Twoje specyficzne problemy sprz\u0119towe. <\/p>\n<\/div>\n<\/div>\n<\/div>\n<\/div>\n<\/div>\n\n\n\n<figure class=\"wp-block-image alignleft size-large\"><img decoding=\"async\" width=\"1024\" height=\"273\" src=\"https:\/\/shop.steel-containers.com\/wp-content\/uploads\/2026\/02\/teeeskt-1024x273.png\" alt=\"\" class=\"wp-image-3218\" srcset=\"https:\/\/shop.steel-containers.com\/wp-content\/uploads\/2026\/02\/teeeskt-1024x273.png 1024w, https:\/\/shop.steel-containers.com\/wp-content\/uploads\/2026\/02\/teeeskt-300x80.png 300w, https:\/\/shop.steel-containers.com\/wp-content\/uploads\/2026\/02\/teeeskt-768x205.png 768w, https:\/\/shop.steel-containers.com\/wp-content\/uploads\/2026\/02\/teeeskt-1536x410.png 1536w, https:\/\/shop.steel-containers.com\/wp-content\/uploads\/2026\/02\/teeeskt-600x160.png 600w, https:\/\/shop.steel-containers.com\/wp-content\/uploads\/2026\/02\/teeeskt.png 1800w\" sizes=\"(max-width: 1024px) 100vw, 1024px\" \/><\/figure>\n\n\n\n<div style=\"height:100px\" aria-hidden=\"true\" class=\"wp-block-spacer\"><\/div>\n\n\n\n<div class=\"wp-block-group alignfull is-style-ext-preset--group--natural-1--section has-background-background-color has-background has-global-padding is-layout-constrained wp-block-group-is-layout-constrained\" style=\"margin-top:0;margin-bottom:0;padding-top:var(--wp--preset--spacing--70);padding-bottom:var(--wp--preset--spacing--70)\">\n<div class=\"wp-block-columns alignwide are-vertically-aligned-center is-layout-flex wp-container-core-columns-is-layout-174606dc wp-block-columns-is-layout-flex\">\n<div class=\"wp-block-column is-vertically-aligned-center is-layout-flow wp-block-column-is-layout-flow\">\n<div class=\"wp-block-group alignwide is-vertical is-layout-flex wp-container-core-group-is-layout-c35747d5 wp-block-group-is-layout-flex\">\n<div class=\"wp-block-group has-global-padding is-layout-constrained wp-container-core-group-is-layout-dd32767c wp-block-group-is-layout-constrained\">\n<h2 class=\"wp-block-heading\">Kontener samoza\u0142adowczy TK z ekranem antyrozpryskowym<\/h2>\n\n\n\n<p>Pojemnik jest wykonany z wysokiej jako\u015bci stali konstrukcyjnej i pokryty trwa\u0142\u0105, odporn\u0105 na korozj\u0119 pow\u0142ok\u0105 w \u017cywym, przemys\u0142owym, niebieskim kolorze. Aby zapewni\u0107 jeszcze wi\u0119ksze bezpiecze\u0144stwo eksploatacji, dodali\u015bmy dobrze widoczne pasy ostrzegawcze wzd\u0142u\u017c g\u00f3rnych kraw\u0119dzi ekranu, dzi\u0119ki czemu urz\u0105dzenie jest \u0142atwo rozpoznawalne nawet w magazynach o du\u017cym nat\u0119\u017ceniu ruchu. Ten zasobnik zachowuje wszystkie niezawodne funkcje naszej linii TK, w tym solidny mechanizm przechylania, kt\u00f3ry umo\u017cliwia bezproblemowe opr\u00f3\u017cnianie, oraz wzmocnione kieszenie na wid\u0142y dla maksymalnej stabilno\u015bci podczas transportu.  <\/p>\n<\/div>\n\n\n\n<div class=\"wp-block-buttons is-layout-flex wp-block-buttons-is-layout-flex\"><\/div>\n<\/div>\n<\/div>\n\n\n\n<div class=\"wp-block-column is-vertically-aligned-center is-layout-flow wp-block-column-is-layout-flow\">\n<figure class=\"wp-block-image size-large is-style-ext-preset--image--natural-1--image-1--content-right is-style-ext-preset--image--natural-1--image-1--content-right--8\"><img decoding=\"async\" src=\"https:\/\/shop.steel-containers.com\/wp-content\/uploads\/2026\/02\/Gemini_Generated_Image_8av0u48av0u48av0-Photoroom-1024x585.png\" alt=\"\" class=\"wp-image-3219\" style=\"aspect-ratio:4\/3;object-fit:cover\"\/><\/figure>\n<\/div>\n<\/div>\n<\/div>\n\n\n\n<div class=\"wp-block-group alignfull is-style-ext-preset--group--natural-1--section has-background-background-color has-background has-global-padding is-layout-constrained wp-block-group-is-layout-constrained\" style=\"margin-top:0;margin-bottom:0;padding-top:var(--wp--preset--spacing--70);padding-bottom:var(--wp--preset--spacing--70)\">\n<div class=\"wp-block-columns alignwide are-vertically-aligned-center is-layout-flex wp-container-core-columns-is-layout-174606dc wp-block-columns-is-layout-flex\">\n<div class=\"wp-block-column is-vertically-aligned-center is-layout-flow wp-block-column-is-layout-flow\">\n<figure class=\"wp-block-image aligncenter size-full is-resized is-style-ext-preset--image--natural-1--image-1--content-right is-style-ext-preset--image--natural-1--image-1--content-right--10\"><img decoding=\"async\" width=\"500\" height=\"500\" src=\"https:\/\/shop.steel-containers.com\/wp-content\/uploads\/2026\/02\/aaaa.png\" alt=\"\" class=\"wp-image-3223\" style=\"aspect-ratio:1.3333333333333333;object-fit:cover;width:560px;height:auto\" srcset=\"https:\/\/shop.steel-containers.com\/wp-content\/uploads\/2026\/02\/aaaa.png 500w, https:\/\/shop.steel-containers.com\/wp-content\/uploads\/2026\/02\/aaaa-300x300.png 300w, https:\/\/shop.steel-containers.com\/wp-content\/uploads\/2026\/02\/aaaa-150x150.png 150w, https:\/\/shop.steel-containers.com\/wp-content\/uploads\/2026\/02\/aaaa-100x100.png 100w\" sizes=\"(max-width: 500px) 100vw, 500px\" \/><\/figure>\n<\/div>\n\n\n\n<div class=\"wp-block-column is-vertically-aligned-center is-layout-flow wp-block-column-is-layout-flow\">\n<div class=\"wp-block-group alignwide is-vertical is-layout-flex wp-container-core-group-is-layout-c35747d5 wp-block-group-is-layout-flex\">\n<div class=\"wp-block-columns is-layout-flex wp-container-core-columns-is-layout-28f84493 wp-block-columns-is-layout-flex\">\n<div class=\"wp-block-column is-layout-flow wp-block-column-is-layout-flow\" style=\"flex-basis:100%\">\n<div class=\"wp-block-group has-global-padding is-layout-constrained wp-container-core-group-is-layout-dd32767c wp-block-group-is-layout-constrained\">\n<h2 class=\"wp-block-heading\">Stalowy zbiornik na wycieki ze zintegrowan\u0105 szafk\u0105 bezpiecze\u0144stwa<\/h2>\n\n\n\n<p>Podstawa zbiornika, zaprojektowana z my\u015bl\u0105 o bezproblemowej logistyce wewn\u0119trznej, jest w pe\u0142ni kompatybilna z w\u00f3zkami wid\u0142owymi, uk\u0142adarkami i r\u0119cznymi w\u00f3zkami paletowymi, co zapewnia bezproblemowy transport w obr\u0119bie ca\u0142ego obiektu. Ca\u0142a konstrukcja pokryta jest wytrzyma\u0142\u0105 pow\u0142ok\u0105 proszkow\u0105, zapewniaj\u0105c\u0105 doskona\u0142\u0105 trwa\u0142o\u015b\u0107 i odporno\u015b\u0107 na trudne warunki przemys\u0142owe. Wdra\u017caj\u0105c ten system, firmy mog\u0105 znacznie poprawi\u0107 bezpiecze\u0144stwo w miejscu pracy, eliminuj\u0105c ryzyko po\u015blizgni\u0119\u0107 lub ska\u017cenia spowodowanego przypadkowym rozlaniem i wyciekiem. Opr\u00f3cz wydajno\u015bci operacyjnej, ta paleta wychwytowa stanowi istotne narz\u0119dzie ochrony \u015brodowiska, skutecznie zapobiegaj\u0105c przedostawaniu si\u0119 niebezpiecznych substancji do w\u00f3d gruntowych lub system\u00f3w drena\u017cowych.   <\/p>\n<\/div>\n<\/div>\n<\/div>\n\n\n\n<div class=\"wp-block-buttons is-layout-flex wp-block-buttons-is-layout-flex\"><\/div>\n<\/div>\n<\/div>\n<\/div>\n<\/div>\n\n\n\n<div class=\"wp-block-group alignfull is-style-ext-preset--group--natural-1--section has-background-background-color has-background has-global-padding is-layout-constrained wp-block-group-is-layout-constrained\" style=\"margin-top:0;margin-bottom:0;padding-top:var(--wp--preset--spacing--70);padding-bottom:var(--wp--preset--spacing--70)\">\n<div class=\"wp-block-columns alignwide are-vertically-aligned-center is-layout-flex wp-container-core-columns-is-layout-174606dc wp-block-columns-is-layout-flex\">\n<div class=\"wp-block-column is-vertically-aligned-center is-layout-flow wp-block-column-is-layout-flow\">\n<div class=\"wp-block-group alignwide is-vertical is-layout-flex wp-container-core-group-is-layout-c35747d5 wp-block-group-is-layout-flex\">\n<div class=\"wp-block-columns is-layout-flex wp-container-core-columns-is-layout-28f84493 wp-block-columns-is-layout-flex\">\n<div class=\"wp-block-column is-layout-flow wp-block-column-is-layout-flow\" style=\"flex-basis:100%\">\n<div class=\"wp-block-group has-global-padding is-layout-constrained wp-container-core-group-is-layout-dd32767c wp-block-group-is-layout-constrained\">\n<h2 class=\"wp-block-heading\">Niestandardowy pojemnik typu drop-bottom PMDB<\/h2>\n\n\n\n<p>Najbardziej godnym uwagi dodatkiem w tym niestandardowym rozwi\u0105zaniu jest zintegrowany uchwyt montowany z przodu. Podczas gdy oryginalny model PMDB charakteryzuje si\u0119 ca\u0142kowicie g\u0142adkim przodem, ta modyfikacja zapewnia operatorom dedykowany punkt r\u0119cznego kontaktu. Pozwala to na \u0142atwiejsze pozycjonowanie pojemnika pod maszynami o niskim prze\u015bwicie i bardziej kontrolowany ruch podczas korzystania z r\u0119cznego w\u00f3zka paletowego. Dzia\u0142a on zar\u00f3wno jako zderzak ochronny, jak i pomoc w manewrowaniu, zapewniaj\u0105c idealne ustawienie pojemnika do za\u0142adunku bez ryzyka uszkodzenia delikatnego sprz\u0119tu.   <\/p>\n<\/div>\n<\/div>\n<\/div>\n\n\n\n<div class=\"wp-block-buttons is-layout-flex wp-block-buttons-is-layout-flex\"><\/div>\n<\/div>\n<\/div>\n\n\n\n<div class=\"wp-block-column is-vertically-aligned-center is-layout-flow wp-block-column-is-layout-flow\">\n<figure class=\"wp-block-image aligncenter size-full is-style-ext-preset--image--natural-1--image-1--content-right is-style-ext-preset--image--natural-1--image-1--content-right--12\"><img decoding=\"async\" src=\"https:\/\/shop.steel-containers.com\/wp-content\/uploads\/2026\/02\/Gemini_Generated_Image_ouu316ouu316ouu3-Photoroom-edited.png\" alt=\"\" class=\"wp-image-3231\" style=\"aspect-ratio:1.3333333333333333;object-fit:cover\"\/><\/figure>\n<\/div>\n<\/div>\n<\/div>\n\n\n\n<div class=\"wp-block-group alignfull is-style-ext-preset--group--natural-1--section has-background-background-color has-background has-global-padding is-layout-constrained wp-container-core-group-is-layout-e96f6837 wp-block-group-is-layout-constrained\" style=\"margin-top:0;margin-bottom:0;padding-top:0;padding-right:0;padding-bottom:0;padding-left:0\">\n<div class=\"wp-block-cover alignfull is-style-ext-preset--cover--natural-1--cover-overlay-1 is-style-ext-preset--cover--natural-1--cover-overlay-1--14\" style=\"padding-top:var(--wp--preset--spacing--70);padding-right:var(--wp--preset--spacing--30);padding-bottom:var(--wp--preset--spacing--70);padding-left:var(--wp--preset--spacing--30)\"><img decoding=\"async\" width=\"1024\" height=\"576\" class=\"wp-block-cover__image-background wp-image-2746 size-large\" alt=\"\" src=\"https:\/\/shop.steel-containers.com\/wp-content\/uploads\/2026\/01\/ty-feague-gnDbEnWFMWs-unsplash-edited-1024x576.jpg\" data-object-fit=\"cover\" srcset=\"https:\/\/shop.steel-containers.com\/wp-content\/uploads\/2026\/01\/ty-feague-gnDbEnWFMWs-unsplash-edited-1024x576.jpg 1024w, https:\/\/shop.steel-containers.com\/wp-content\/uploads\/2026\/01\/ty-feague-gnDbEnWFMWs-unsplash-edited-300x169.jpg 300w, https:\/\/shop.steel-containers.com\/wp-content\/uploads\/2026\/01\/ty-feague-gnDbEnWFMWs-unsplash-edited-768x432.jpg 768w, https:\/\/shop.steel-containers.com\/wp-content\/uploads\/2026\/01\/ty-feague-gnDbEnWFMWs-unsplash-edited-1536x864.jpg 1536w, https:\/\/shop.steel-containers.com\/wp-content\/uploads\/2026\/01\/ty-feague-gnDbEnWFMWs-unsplash-edited-2048x1151.jpg 2048w, https:\/\/shop.steel-containers.com\/wp-content\/uploads\/2026\/01\/ty-feague-gnDbEnWFMWs-unsplash-edited-600x337.jpg 600w\" sizes=\"(max-width: 1024px) 100vw, 1024px\" \/><span aria-hidden=\"true\" class=\"wp-block-cover__background has-background-dim-80 has-background-dim\" style=\"background-color:#010101\"><\/span><div class=\"wp-block-cover__inner-container has-global-padding is-layout-constrained wp-container-core-cover-is-layout-5cffc2c1 wp-block-cover-is-layout-constrained\">\n<div class=\"wp-block-group alignwide is-vertical is-content-justification-center is-layout-flex wp-container-core-group-is-layout-c9ee0c5a wp-block-group-is-layout-flex\">\n<div class=\"wp-block-group has-global-padding is-layout-constrained wp-container-core-group-is-layout-2287c683 wp-block-group-is-layout-constrained\">\n<h2 class=\"wp-block-heading has-text-align-center\">Gotowy na wsp\u00f3\u0142prac\u0119?<\/h2>\n\n\n\n<p class=\"has-text-align-center\">Niezale\u017cnie od tego, czy masz ju\u017c konkretny projekt, czy dopiero chcesz pozna\u0107 dost\u0119pne mo\u017cliwo\u015bci \u2013 jeste\u015bmy tu, aby pom\u00f3c. Skontaktuj si\u0119 z naszym zespo\u0142em mailowo lub zadzwo\u0144 do nas, aby rozpocz\u0105\u0107 wsp\u00f3\u0142prac\u0119. <\/p>\n<\/div>\n\n\n\n<div class=\"wp-block-buttons is-layout-flex wp-block-buttons-is-layout-flex\">\n<div class=\"wp-block-button is-style-ext-preset--button--natural-1--button-1 is-style-ext-preset--button--natural-1--button-1--15\"><a class=\"wp-block-button__link wp-element-button dynamic-email\" href=\"mailto:sales@steel-containers.com\">WY\u015aLIJ MAILA<\/a><\/div>\n<\/div>\n<\/div>\n<\/div><\/div>\n<\/div>\n","protected":false},"excerpt":{"rendered":"<p>Odkryj nasze niestandardowe projekty. W Steel Containers zdajemy sobie spraw\u0119, \u017ce wyj\u0105tkowe wyzwania operacyjne cz\u0119sto wymagaj\u0105 czego\u015b wi\u0119cej ni\u017c tylko standardowego sprz\u0119tu. Nasza us\u0142uga Custom Projects, wykorzystuj\u0105ca dekad\u0119 do\u015bwiadczenia w produkcji, pozwala projektowa\u0107 i budowa\u0107 niestandardowe metalowe kontenery i osprz\u0119t do w\u00f3zk\u00f3w wid\u0142owych, dopasowane do Pa\u0144stwa dok\u0142adnych specyfikacji. Od zmodyfikowanych kontener\u00f3w samowy\u0142adowczych po specjalistyczne koparki [&hellip;]<\/p>\n","protected":false},"author":2,"featured_media":0,"parent":0,"menu_order":0,"comment_status":"closed","ping_status":"closed","template":"no-title","meta":{"footnotes":""},"class_list":["post-4672","page","type-page","status-publish","hentry"],"_links":{"self":[{"href":"https:\/\/shop.steel-containers.com\/pl\/wp-json\/wp\/v2\/pages\/4672","targetHints":{"allow":["GET"]}}],"collection":[{"href":"https:\/\/shop.steel-containers.com\/pl\/wp-json\/wp\/v2\/pages"}],"about":[{"href":"https:\/\/shop.steel-containers.com\/pl\/wp-json\/wp\/v2\/types\/page"}],"author":[{"embeddable":true,"href":"https:\/\/shop.steel-containers.com\/pl\/wp-json\/wp\/v2\/users\/2"}],"replies":[{"embeddable":true,"href":"https:\/\/shop.steel-containers.com\/pl\/wp-json\/wp\/v2\/comments?post=4672"}],"version-history":[{"count":2,"href":"https:\/\/shop.steel-containers.com\/pl\/wp-json\/wp\/v2\/pages\/4672\/revisions"}],"predecessor-version":[{"id":5427,"href":"https:\/\/shop.steel-containers.com\/pl\/wp-json\/wp\/v2\/pages\/4672\/revisions\/5427"}],"wp:attachment":[{"href":"https:\/\/shop.steel-containers.com\/pl\/wp-json\/wp\/v2\/media?parent=4672"}],"curies":[{"name":"wp","href":"https:\/\/api.w.org\/{rel}","templated":true}]}}