{"id":4719,"date":"2026-03-09T07:56:49","date_gmt":"2026-03-09T06:56:49","guid":{"rendered":"https:\/\/shop.steel-containers.com\/faq\/"},"modified":"2026-04-27T10:23:41","modified_gmt":"2026-04-27T08:23:41","slug":"faq","status":"publish","type":"page","link":"https:\/\/shop.steel-containers.com\/pl\/faq\/","title":{"rendered":"FAQ"},"content":{"rendered":"\n<p class=\"has-large-font-size\" style=\"margin-top:var(--wp--preset--spacing--40);margin-bottom:var(--wp--preset--spacing--40)\"><strong>FAQ<\/strong><\/p>\n\n\n\n<p class=\"has-medium-font-size\"><strong>W jakim terminie zostanie zrealizowane moje zam\u00f3wienie?<\/strong><\/p>\n\n\n\n<p>Zam\u00f3wienie zostanie zrealizowane w ci\u0105gu 3 &#8211; 5 dni roboczych, pod warunkiem \u017ce dany towar znajduje si\u0119 na magazynie. W przeciwnym wypadku czas realizacji zam\u00f3wienia mo\u017ce si\u0119 wyd\u0142u\u017cy\u0107 i wynie\u015b\u0107 od 7 do 21 dni roboczych. W\u0142a\u015bciciel sklepu zastrzega sobie prawo do przesuni\u0119cia okresu realizacji zam\u00f3wienia z przyczyn niezale\u017cnych od sprzedaj\u0105cego. O dok\u0142adnym terminie wysy\u0142ki towaru klient w takim przypadku by\u0142by informowany najp\u00f3\u017aniej po up\u0142ywie podstawowego okresu realizacji zam\u00f3wienia.<\/p>\n\n\n\n<p class=\"has-medium-font-size\"><strong>Jakie warunki musz\u0119 spe\u0142ni\u0107, aby otrzyma\u0107 towar w podanym terminie?<\/strong><\/p>\n\n\n\n<p>Dla zam\u00f3wie\u0144 z wybran\u0105 form\u0105 p\u0142atno\u015bci przelewem \u2013 kwota przelewu musi zosta\u0107 zaksi\u0119gowana na koncie w\u0142a\u015bciciela sklepu firmy WIM Micha\u0142 Olejarz. Standardowy koszt przesy\u0142ki to 390 z\u0142 netto. Przy produktach wielkogabarytowych cena ta mo\u017ce ulec zmianie i wynie\u015b\u0107 do 690 z\u0142 netto za sztuk\u0119.<\/p>\n\n\n\n<p class=\"has-medium-font-size\"><strong>Kiedy towar zostanie do mnie wys\u0142any?<\/strong><\/p>\n\n\n\n<p>Z\u0142o\u017cenie zam\u00f3wienia w sklepie internetowym <a href=\"https:\/\/shop.steel-containers.com\/pl\/\">steel-containers.com<\/a> oraz wybranie sposobu p\u0142atno\u015bci jest podstawowym warunkiem dostawy towaru. Wysy\u0142ka oraz transport odbywaj\u0105 si\u0119 wy\u0142\u0105cznie w dni robocze od poniedzia\u0142ku do pi\u0105tku. <\/p>\n\n\n\n<p class=\"has-medium-font-size\"><strong>Jakie p\u0142atno\u015bci s\u0105 dost\u0119pne?<\/strong><\/p>\n\n\n\n<p>Zapewniamy swoim klientom r\u00f3\u017cnorodne metody p\u0142atno\u015bci. Klienci mog\u0105 skorzysta\u0107 z tradycyjnego przelewu bankowego, gdzie otrzymuj\u0105 niezb\u0119dne informacje dotycz\u0105ce numeru konta, na kt\u00f3re powinni dokona\u0107 p\u0142atno\u015bci. Dodatkowo wykorzystujemy platform\u0119 Przelewy24, kt\u00f3ra umo\u017cliwia szybkie i bezpieczne p\u0142atno\u015bci online.  <\/p>\n\n\n\n<p>Inn\u0105 opcj\u0105 jest wykonanie przelewu na podstawie faktury proforma, co daje klientom elastyczno\u015b\u0107 w dokonywaniu p\u0142atno\u015bci zgodnie z dostarczonymi informacjami. Dzi\u0119ki r\u00f3\u017cnorodno\u015bci dost\u0119pnych metod p\u0142atno\u015bci steel-containers stara si\u0119 zapewni\u0107 klientom wygod\u0119 i bezpiecze\u0144stwo w procesie dokonywania transakcji.<\/p>\n\n\n\n<p class=\"has-medium-font-size\"><strong>Co je\u015bli towar dotrze do mnie uszkodzony?<\/strong><\/p>\n\n\n\n<p>W przypadku kiedy opakowanie towaru posiada znaczne uszkodzenia, \u015blady otwierania itp. nale\u017cy odm\u00f3wi\u0107 odbioru przesy\u0142ki i niezw\u0142ocznie poinformowa\u0107 o tym sklep lub gdy stwierdzone zostan\u0105 uszkodzenia nale\u017cy wype\u0142ni\u0107 wraz z kurierem protok\u00f3\u0142 uszkodzenia przesy\u0142ki. <\/p>\n\n\n\n<p>W przypadku gdy kierowca nie b\u0119dzie w posiadaniu stosownego druku taki dokument nale\u017cy spisa\u0107 r\u0119cznie na zwyk\u0142ej bia\u0142ej kartce opisuj\u0105c zdarzenie i zakres szk\u00f3d. Wa\u017cne, aby by\u0142 spisany dok\u0142adnie i czytelnie, w spos\u00f3b jasno opisuj\u0105cy spos\u00f3b uszkodzenia przesy\u0142ki przez firm\u0119 kuriersk\u0105. <\/p>\n\n\n\n<p>Fakt posiadania protoko\u0142u nie gwarantuje uznania reklamacji, dlatego tak wa\u017cne jest, aby prawid\u0142owo opisa\u0107 stan paczki. W protokole nale\u017cy zaznaczy\u0107, \u017ce opakowanie zewn\u0119trzne jest uszkodzone oraz opisa\u0107 najmniejsze uszkodzenia, zadrapania czy wgniecenia. Zaznaczenie w protokole, \u017ce opakowanie zewn\u0119trzne nie by\u0142o uszkodzone wyklucza pozytywne rozpatrzenie reklamacji ze strony firmy kurierskiej.  <\/p>\n\n\n\n<p class=\"has-medium-font-size\"><strong>Jaki jest czas na zwrot od momentu otrzymania paczki z towarem?<\/strong><\/p>\n\n\n\n<p>Klientowi, b\u0119d\u0105cemu konsumentem w rozumieniu art. 22 [1] Kodeksu Cywilnego, przys\u0142uguje \u2013 na podstawie przepis\u00f3w prawa \u2013 prawo do odst\u0105pienia od umowy zawartej na odleg\u0142o\u015b\u0107, bez podania przyczyny, sk\u0142adaj\u0105c stosowne o\u015bwiadczenie na pi\u015bmie, w terminie 14 dni roboczych. <\/p>\n\n\n\n<div class=\"wp-block-cover alignfull is-style-ext-preset--cover--natural-1--cover-overlay-1 is-style-ext-preset--cover--natural-1--cover-overlay-1--1\" style=\"padding-top:var(--wp--preset--spacing--50);padding-right:var(--wp--preset--spacing--30);padding-bottom:var(--wp--preset--spacing--50);padding-left:var(--wp--preset--spacing--30)\"><img decoding=\"async\" width=\"1024\" height=\"683\" class=\"wp-block-cover__image-background wp-image-2512 size-large\" alt=\"\" src=\"https:\/\/shop.steel-containers.com\/wp-content\/uploads\/2026\/01\/ty-feague-gnDbEnWFMWs-unsplash-1024x683.jpg\" data-object-fit=\"cover\" srcset=\"https:\/\/shop.steel-containers.com\/wp-content\/uploads\/2026\/01\/ty-feague-gnDbEnWFMWs-unsplash-1024x683.jpg 1024w, https:\/\/shop.steel-containers.com\/wp-content\/uploads\/2026\/01\/ty-feague-gnDbEnWFMWs-unsplash-300x200.jpg 300w, https:\/\/shop.steel-containers.com\/wp-content\/uploads\/2026\/01\/ty-feague-gnDbEnWFMWs-unsplash-768x512.jpg 768w, https:\/\/shop.steel-containers.com\/wp-content\/uploads\/2026\/01\/ty-feague-gnDbEnWFMWs-unsplash-1536x1024.jpg 1536w, https:\/\/shop.steel-containers.com\/wp-content\/uploads\/2026\/01\/ty-feague-gnDbEnWFMWs-unsplash-2048x1365.jpg 2048w, https:\/\/shop.steel-containers.com\/wp-content\/uploads\/2026\/01\/ty-feague-gnDbEnWFMWs-unsplash-600x400.jpg 600w\" sizes=\"(max-width: 1024px) 100vw, 1024px\" \/><span aria-hidden=\"true\" class=\"wp-block-cover__background has-background-dim-80 has-background-dim\" style=\"background-color:#010101\"><\/span><div class=\"wp-block-cover__inner-container has-global-padding is-layout-constrained wp-container-core-cover-is-layout-1c074333 wp-block-cover-is-layout-constrained\">\n<div class=\"wp-block-group alignwide is-vertical is-content-justification-center is-layout-flex wp-container-core-group-is-layout-b5c398d7 wp-block-group-is-layout-flex\" style=\"padding-top:0;padding-right:0;padding-bottom:0;padding-left:0\">\n<div class=\"wp-block-group has-global-padding is-layout-constrained wp-container-core-group-is-layout-f1e34d34 wp-block-group-is-layout-constrained\" style=\"padding-top:0;padding-right:0;padding-bottom:0;padding-left:0\">\n<h2 class=\"wp-block-heading has-text-align-center has-x-large-font-size\" style=\"margin-bottom:24px\">Gotowy na wsp\u00f3\u0142prac\u0119?<\/h2>\n\n\n\n<p class=\"has-text-align-center\" style=\"font-size:clamp(14px, 0.875rem + ((1vw - 3.2px) * 0.417), 18px);\">Niezale\u017cnie od tego, czy masz ju\u017c konkretny projekt, czy dopiero chcesz pozna\u0107 dost\u0119pne mo\u017cliwo\u015bci \u2013 jeste\u015bmy tu, aby pom\u00f3c. Skontaktuj si\u0119 z naszym zespo\u0142em mailowo lub zadzwo\u0144 do nas, aby rozpocz\u0105\u0107 wsp\u00f3\u0142prac\u0119. <\/p>\n<\/div>\n\n\n\n<div class=\"wp-block-buttons is-layout-flex wp-block-buttons-is-layout-flex\">\n<div class=\"wp-block-button is-style-ext-preset--button--natural-1--button-1 is-style-ext-preset--button--natural-1--button-1--2\"><a class=\"wp-block-button__link wp-element-button\" href=\"mailto:sales@steel-containers.com\">WY\u015aLIJ MAILA<\/a><\/div>\n<\/div>\n<\/div>\n<\/div><\/div>\n","protected":false},"excerpt":{"rendered":"<p>FAQ W jakim terminie zostanie zrealizowane moje zam\u00f3wienie? Zam\u00f3wienie zostanie zrealizowane w ci\u0105gu 3 &#8211; 5 dni roboczych, pod warunkiem \u017ce dany towar znajduje si\u0119 na magazynie. W przeciwnym wypadku czas realizacji zam\u00f3wienia mo\u017ce si\u0119 wyd\u0142u\u017cy\u0107 i wynie\u015b\u0107 od 7 do 21 dni roboczych. W\u0142a\u015bciciel sklepu zastrzega sobie prawo do przesuni\u0119cia okresu realizacji zam\u00f3wienia z [&hellip;]<\/p>\n","protected":false},"author":2,"featured_media":0,"parent":0,"menu_order":0,"comment_status":"closed","ping_status":"closed","template":"no-title","meta":{"footnotes":""},"class_list":["post-4719","page","type-page","status-publish","hentry"],"_links":{"self":[{"href":"https:\/\/shop.steel-containers.com\/pl\/wp-json\/wp\/v2\/pages\/4719","targetHints":{"allow":["GET"]}}],"collection":[{"href":"https:\/\/shop.steel-containers.com\/pl\/wp-json\/wp\/v2\/pages"}],"about":[{"href":"https:\/\/shop.steel-containers.com\/pl\/wp-json\/wp\/v2\/types\/page"}],"author":[{"embeddable":true,"href":"https:\/\/shop.steel-containers.com\/pl\/wp-json\/wp\/v2\/users\/2"}],"replies":[{"embeddable":true,"href":"https:\/\/shop.steel-containers.com\/pl\/wp-json\/wp\/v2\/comments?post=4719"}],"version-history":[{"count":3,"href":"https:\/\/shop.steel-containers.com\/pl\/wp-json\/wp\/v2\/pages\/4719\/revisions"}],"predecessor-version":[{"id":5722,"href":"https:\/\/shop.steel-containers.com\/pl\/wp-json\/wp\/v2\/pages\/4719\/revisions\/5722"}],"wp:attachment":[{"href":"https:\/\/shop.steel-containers.com\/pl\/wp-json\/wp\/v2\/media?parent=4719"}],"curies":[{"name":"wp","href":"https:\/\/api.w.org\/{rel}","templated":true}]}}