{"id":1456,"date":"2026-01-22T09:32:40","date_gmt":"2026-01-22T08:32:40","guid":{"rendered":"https:\/\/shop.steel-containers.com\/?post_type=product&#038;p=1456"},"modified":"2026-04-22T09:55:06","modified_gmt":"2026-04-22T07:55:06","slug":"koleba-samowyladowcza-tk-300","status":"publish","type":"product","link":"https:\/\/shop.steel-containers.com\/pl\/produkt\/koleba-samowyladowcza-tk-300\/","title":{"rendered":"Koleba samowy\u0142adowcza TK 300"},"content":{"rendered":"<p data-path-to-node=\"4\"><b>Model TK<\/b> to uniwersalny, <b>kontener samowy\u0142adowczy<\/b> zaprojektowany do intensywnej pracy z w\u00f3zkami wid\u0142owymi. Dzi\u0119ki wzmocnionej konstrukcji i podw\u00f3jnemu systemowi wy\u0142adunku, stanowi idealne rozwi\u0105zanie do transportu odpad\u00f3w, z\u0142omu, wi\u00f3r\u00f3w oraz materia\u0142\u00f3w sypkich w zak\u0142adach produkcyjnych i magazynach.<\/p>\n<p data-path-to-node=\"6\">To, co wyr\u00f3\u017cnia ten model na tle konkurencji, to po\u0142\u0105czenie <b>bezpiecze\u0144stwa pracy<\/b> z <b>ponadprzeci\u0119tn\u0105 trwa\u0142o\u015bci\u0105<\/b>. Zbiornik zosta\u0142 wykonany z wysokogatunkowej blachy o grubo\u015bci <b>3 mm<\/b>, a jego podstawa zosta\u0142a dodatkowo wzmocniona blach\u0105 <b>4 mm<\/b>. Szereg konstrukcyjnych wzmocnie\u0144 gwarantuje, \u017ce koleba zachowa sztywno\u015b\u0107 nawet przy du\u017cych obci\u0105\u017ceniach.<\/p>\n<h5>Kluczowe cechy i funkcjonalno\u015bci<\/h5>\n<p data-path-to-node=\"8\">Aby zapewni\u0107 maksymaln\u0105 ergonomi\u0119 i bezpiecze\u0144stwo, Model TK wyposa\u017cono w zaawansowane rozwi\u0105zania techniczne:<\/p>\n<ul data-path-to-node=\"9\">\n<li>\n<p data-path-to-node=\"9,0,0\"><b>Podw\u00f3jny System Wy\u0142adowczy:<\/b> Umo\u017cliwia opr\u00f3\u017cnianie kontenera na dwa sposoby \u2013 bezwysi\u0142kowo za pomoc\u0105 <b>zbijaka czo\u0142owego<\/b> (poprzez doci\u015bni\u0119cie do kraw\u0119dzi kontenera na odpady) lub r\u0119cznie, przy u\u017cyciu <b>d\u017awigni tylnej<\/b> (z poziomu operatora).<\/p>\n<\/li>\n<li>\n<p data-path-to-node=\"9,1,0\"><b>Potr\u00f3jna Ochrona Antykorozyjna:<\/b> Pojemniki malowane s\u0105 metod\u0105 &#8222;na mokro&#8221;. Zastosowanie farby podk\u0142adowej oraz nawierzchniowej <b>farby poliuretanowej<\/b> tworzy szczeln\u0105 barier\u0119 przed deszczem, \u015bniegiem i rdz\u0105. G\u0142adka pow\u0142oka lakiernicza sprawia r\u00f3wnie\u017c, \u017ce wn\u0119trze zbiornika jest \u0142atwe do utrzymania w czysto\u015bci.<\/p>\n<\/li>\n<li>\n<p data-path-to-node=\"9,2,0\"><b>System Bezpiecze\u0144stwa:<\/b><\/p>\n<ul data-path-to-node=\"9,2,1\">\n<li>\n<p data-path-to-node=\"9,2,1,0,0\"><b>Blokada przechy\u0142u:<\/b> Znajduj\u0105ca si\u0119 z ty\u0142u podstawy blokada uniemo\u017cliwia przypadkowe otwarcie si\u0119 koleby podczas transportu.<\/p>\n<\/li>\n<li>\n<p data-path-to-node=\"9,2,1,1,0\"><b>Zabezpieczenie na wid\u0142y:<\/b> Specjalna stopa przy lewej kieszeni wid\u0142owej zapobiega niekontrolowanemu zsuni\u0119ciu si\u0119 pojemnika z wide\u0142 w\u00f3zka podczas gwa\u0142townych manewr\u00f3w.<\/p>\n<\/li>\n<\/ul>\n<\/li>\n<\/ul>\n","protected":false},"excerpt":{"rendered":"<h3><strong>Koleba samowy\u0142adowcza<\/strong><\/h3>\n","protected":false},"featured_media":147,"comment_status":"open","ping_status":"closed","template":"","meta":[],"product_brand":[],"product_cat":[296],"product_tag":[],"class_list":{"0":"post-1456","1":"product","2":"type-product","3":"status-publish","4":"has-post-thumbnail","6":"product_cat-tk","7":"product_shipping_class-kurier-390","9":"first","10":"instock","11":"taxable","12":"shipping-taxable","13":"purchasable","14":"product-type-simple"},"_links":{"self":[{"href":"https:\/\/shop.steel-containers.com\/pl\/wp-json\/wp\/v2\/product\/1456","targetHints":{"allow":["GET"]}}],"collection":[{"href":"https:\/\/shop.steel-containers.com\/pl\/wp-json\/wp\/v2\/product"}],"about":[{"href":"https:\/\/shop.steel-containers.com\/pl\/wp-json\/wp\/v2\/types\/product"}],"replies":[{"embeddable":true,"href":"https:\/\/shop.steel-containers.com\/pl\/wp-json\/wp\/v2\/comments?post=1456"}],"wp:featuredmedia":[{"embeddable":true,"href":"https:\/\/shop.steel-containers.com\/pl\/wp-json\/wp\/v2\/media\/147"}],"wp:attachment":[{"href":"https:\/\/shop.steel-containers.com\/pl\/wp-json\/wp\/v2\/media?parent=1456"}],"wp:term":[{"taxonomy":"product_brand","embeddable":true,"href":"https:\/\/shop.steel-containers.com\/pl\/wp-json\/wp\/v2\/product_brand?post=1456"},{"taxonomy":"product_cat","embeddable":true,"href":"https:\/\/shop.steel-containers.com\/pl\/wp-json\/wp\/v2\/product_cat?post=1456"},{"taxonomy":"product_tag","embeddable":true,"href":"https:\/\/shop.steel-containers.com\/pl\/wp-json\/wp\/v2\/product_tag?post=1456"}],"curies":[{"name":"wp","href":"https:\/\/api.w.org\/{rel}","templated":true}]}}