{"id":1457,"date":"2026-01-22T09:32:41","date_gmt":"2026-01-22T08:32:41","guid":{"rendered":"https:\/\/shop.steel-containers.com\/?post_type=product&#038;p=1457"},"modified":"2026-04-22T09:54:22","modified_gmt":"2026-04-22T07:54:22","slug":"koleba-samowyladowcza-tk-600","status":"publish","type":"product","link":"https:\/\/shop.steel-containers.com\/pl\/produkt\/koleba-samowyladowcza-tk-600\/","title":{"rendered":"Koleba samowy\u0142adowcza TK 600"},"content":{"rendered":"<p><b data-start-index=\"467\">Koleba samowy\u0142adowcza TK 600<\/b> to uniwersalny <b data-start-index=\"511\">pojemnik samowy\u0142adowczy<\/b> zaprojektowany z my\u015bl\u0105 o efektywnej obs\u0142udze przy u\u017cyciu <b data-start-index=\"592\">w\u00f3zk\u00f3w wid\u0142owych<\/b>. Jako <b data-start-index=\"615\">producent kontener\u00f3w metalowych<\/b>, dbamy o to, by nasze wyroby, w tym <b data-start-index=\"683\">koleba do w\u00f3zka wid\u0142owego<\/b>, usprawnia\u0142y transport i prac\u0119 wewn\u0105trz Pa\u0144stwa zak\u0142adu.<\/p>\n<h5 data-start-index=\"765\">Solidna Konstrukcja i Trwa\u0142o\u015b\u0107 Przemys\u0142owa<\/h5>\n<p>Model TK 600 wyr\u00f3\u017cnia si\u0119 trwa\u0142o\u015bci\u0105 i solidno\u015bci\u0105, co jest kluczowe dla wyposa\u017cenia magazynowego. Konstrukcja kontenera zosta\u0142a przemy\u015blana i wykonana z wysokiej jako\u015bci materia\u0142\u00f3w, aby zapewni\u0107 bezpieczne i komfortowe u\u017cytkowanie.<\/p>\n<p>Dane techniczne <b data-start-index=\"1055\">zbiornika samowy\u0142adowczego<\/b> TK 600:<br \/>\n\u2022 Cz\u0119\u015b\u0107 zbiornika wykonana jest z <b data-start-index=\"1121\">blachy 3 mm<\/b>.\u2022 Podstawa kontenera ma grubo\u015b\u0107 <b data-start-index=\"1163\">4 mm<\/b>.\u2022 Zbiornik posiada szereg wzmocnie\u0144, kt\u00f3re czyni\u0105 go solidnym i trwa\u0142ym.<\/p>\n<p>Zdaj\u0105c sobie spraw\u0119, jak istotna jest trwa\u0142o\u015b\u0107 i solidno\u015b\u0107 takiego wyposa\u017cenia, <b data-start-index=\"1318\">koleby samowy\u0142adowcze<\/b> s\u0105 malowane metod\u0105 \u201ena mokro\u201d farb\u0105 podk\u0142adow\u0105 i poliuretanow\u0105. Warstwy lakieru stanowi\u0105 zabezpieczenie przed procesem korozji (<b data-start-index=\"1468\">rdz\u0105<\/b>) oraz <b data-start-index=\"1479\">warunkami atmosferycznymi<\/b> podczas u\u017cytkowania <b data-start-index=\"1525\">kontener\u00f3w metalowych<\/b> na zewn\u0105trz. Dodatkowo, g\u0142adka struktura powierzchni u\u0142atwia czyszczenie zbiornika.<\/p>\n<h5 data-start-index=\"1630\">Funkcjonalno\u015b\u0107 i Systemy Bezpiecze\u0144stwa<\/h5>\n<p>Model TK 600 jest przyk\u0142adem, jak <b data-start-index=\"1703\">producent kontener\u00f3w samowy\u0142adowczych<\/b> stawia na innowacyjno\u015b\u0107 i funkcjonalno\u015b\u0107. Kontener ten wyposa\u017cony zosta\u0142 w podw\u00f3jny system wy\u0142adowczy:1. <b data-start-index=\"1843\">Zbijak czo\u0142owy<\/b> z przodu.2. <b data-start-index=\"1867\">D\u017awigni\u0119<\/b> przy podstawie z ty\u0142u. Jako do\u015bwiadczony <b data-start-index=\"1916\">producent kontener\u00f3w metalowych<\/b>, dobrze wiemy, jakie przeszkody mog\u0105 pojawi\u0107 si\u0119 podczas u\u017cytkowania tego typu sprz\u0119tu. W trosce o maksymalne bezpiecze\u0144stwo podczas pracy, <b data-start-index=\"2088\">koleba przemys\u0142owa<\/b> posiada szereg zabezpiecze\u0144:\u2022 <b data-start-index=\"2135\">Stopa<\/b> przy lewej kieszeni na wid\u0142y, kt\u00f3rej zadaniem jest zapobie\u017cenie zsuni\u0119ciu si\u0119 pojemnika z ramienia w\u00f3zka wid\u0142owego.\u2022 <b data-start-index=\"2256\">Blokada<\/b> z ty\u0142u przy podstawie, kt\u00f3ra uniemo\u017cliwia przechy\u0142 <b data-start-index=\"2315\">koleby<\/b> podczas transportu.<\/p>\n","protected":false},"excerpt":{"rendered":"<h3><strong>Koleba samowy\u0142adowcza<\/strong><\/h3>\n","protected":false},"featured_media":147,"comment_status":"open","ping_status":"closed","template":"","meta":[],"product_brand":[],"product_cat":[296],"product_tag":[],"class_list":{"0":"post-1457","1":"product","2":"type-product","3":"status-publish","4":"has-post-thumbnail","6":"product_cat-tk","7":"product_shipping_class-kurier-390","9":"first","10":"instock","11":"taxable","12":"shipping-taxable","13":"purchasable","14":"product-type-simple"},"_links":{"self":[{"href":"https:\/\/shop.steel-containers.com\/pl\/wp-json\/wp\/v2\/product\/1457","targetHints":{"allow":["GET"]}}],"collection":[{"href":"https:\/\/shop.steel-containers.com\/pl\/wp-json\/wp\/v2\/product"}],"about":[{"href":"https:\/\/shop.steel-containers.com\/pl\/wp-json\/wp\/v2\/types\/product"}],"replies":[{"embeddable":true,"href":"https:\/\/shop.steel-containers.com\/pl\/wp-json\/wp\/v2\/comments?post=1457"}],"wp:featuredmedia":[{"embeddable":true,"href":"https:\/\/shop.steel-containers.com\/pl\/wp-json\/wp\/v2\/media\/147"}],"wp:attachment":[{"href":"https:\/\/shop.steel-containers.com\/pl\/wp-json\/wp\/v2\/media?parent=1457"}],"wp:term":[{"taxonomy":"product_brand","embeddable":true,"href":"https:\/\/shop.steel-containers.com\/pl\/wp-json\/wp\/v2\/product_brand?post=1457"},{"taxonomy":"product_cat","embeddable":true,"href":"https:\/\/shop.steel-containers.com\/pl\/wp-json\/wp\/v2\/product_cat?post=1457"},{"taxonomy":"product_tag","embeddable":true,"href":"https:\/\/shop.steel-containers.com\/pl\/wp-json\/wp\/v2\/product_tag?post=1457"}],"curies":[{"name":"wp","href":"https:\/\/api.w.org\/{rel}","templated":true}]}}