{"id":1460,"date":"2026-01-22T09:32:41","date_gmt":"2026-01-22T08:32:41","guid":{"rendered":"https:\/\/shop.steel-containers.com\/?post_type=product&#038;p=1460"},"modified":"2026-04-22T09:54:45","modified_gmt":"2026-04-22T07:54:45","slug":"koleba-samowyladowcza-tk-1100","status":"publish","type":"product","link":"https:\/\/shop.steel-containers.com\/pl\/produkt\/koleba-samowyladowcza-tk-1100\/","title":{"rendered":"Koleba samowy\u0142adowcza TK 1100"},"content":{"rendered":"<p>&nbsp;<\/p>\n<p>Model <strong>TK 1100<\/strong> to uniwersalna <strong>koleba samowy\u0142adowcza<\/strong>, zaprojektowana jako efektywny <strong>pojemnik z wysypem do w\u00f3zka wid\u0142owego<\/strong>. Jako <strong>producent kontener\u00f3w metalowych<\/strong>, dostarczamy profesjonalne rozwi\u0105zania, kt\u00f3re maj\u0105 u\u0142atwi\u0107 wykonywanie codziennych obowi\u0105zk\u00f3w, przyspieszy\u0107 je i zwi\u0119kszy\u0107 wydajno\u015b\u0107 dzia\u0142ania ca\u0142ej firmy.<\/p>\n<h5>Solidna Konstrukcja i Zabezpieczenie Antykorozyjne<\/h5>\n<p>Zaprojektowane, by zapewnia\u0107 <strong>bezpieczne i komfortowe u\u017cytkowanie<\/strong>, <strong>kontenery samowy\u0142adowcze<\/strong> TK 1100 s\u0105 tworzone z najwy\u017csz\u0105 dba\u0142o\u015bci\u0105 oraz z wysokiej jako\u015bci materia\u0142\u00f3w. W ten spos\u00f3b tworzymy <strong>zbiorniki uniwersalne i wielozadaniowe<\/strong>.<\/p>\n<p>Szczeg\u00f3\u0142y konstrukcyjne, kt\u00f3re \u015bwiadcz\u0105 o trwa\u0142o\u015bci tego <strong>kontenera stalowego samowy\u0142adowczego<\/strong>:<\/p>\n<ul>\n<li>Cz\u0119\u015b\u0107 zbiornika wykonana jest z wytrzyma\u0142ej <strong>blachy 3 mm<\/strong>.<\/li>\n<li>Podstawa kontenera ma zwi\u0119kszon\u0105 grubo\u015b\u0107 <strong>4 mm<\/strong>.<\/li>\n<li>Pojemnik posiada szereg wzmocnie\u0144, kt\u00f3re sprawiaj\u0105, \u017ce zbiornik jest <strong>solidny i trwa\u0142y<\/strong>.<\/li>\n<\/ul>\n<p>Zdajemy sobie spraw\u0119 z tego, jak istotna jest trwa\u0142o\u015b\u0107 i solidno\u015b\u0107 takiego wyposa\u017cenia. Nasze <strong>koleby samowy\u0142adowcze<\/strong> malowane s\u0105 metod\u0105 \u201ena mokro\u201d farb\u0105 podk\u0142adow\u0105 i poliuretanow\u0105. Warstwy lakieru stanowi\u0105 kluczowe zabezpieczenie przed procesem korozji (<strong>rdz\u0105<\/strong>) oraz <strong>warunkami atmosferycznymi<\/strong> podczas u\u017cytkowania <strong>kontener\u00f3w<\/strong> na zewn\u0105trz. G\u0142adka struktura powierzchni u\u0142atwia czyszczenie zbiornika.<\/p>\n<h5>Funkcjonalno\u015b\u0107 i Systemy Bezpiecze\u0144stwa dla W\u00f3zka Wid\u0142owego<\/h5>\n<p>Model TK 1100 jest przyk\u0142adem, jak <strong>producent kontener\u00f3w wy\u0142adowczych<\/strong> stawia na innowacyjno\u015b\u0107 i funkcjonalno\u015b\u0107. Kontener ten wyposa\u017cony zosta\u0142 w <strong>podw\u00f3jny system wy\u0142adowczy<\/strong>, co sprawia, \u017ce jest to <strong>koleba z mechanizmem wysypowym<\/strong> aktywowanym:<\/p>\n<ol>\n<li>przez <strong>zbijak czo\u0142owy<\/strong> z przodu.<\/li>\n<li>za pomoc\u0105 <strong>d\u017awigni<\/strong> przy podstawie z ty\u0142u.<\/li>\n<\/ol>\n<p>Jako do\u015bwiadczony <strong>producent kontener\u00f3w metalowych<\/strong>, dobrze wiemy, jakie przeszkody mog\u0105 pojawi\u0107 si\u0119 podczas u\u017cytkowania tego typu sprz\u0119tu. Dlatego <strong>koleba do w\u00f3zka wid\u0142owego<\/strong> TK 1100 posiada rozbudowane systemy zabezpiecze\u0144:<\/p>\n<ul>\n<li><strong>Stopa<\/strong> przy lewej kieszeni na wid\u0142y, kt\u00f3rej zadaniem jest zapobie\u017cenie zsuni\u0119ciu si\u0119 pojemnika z ramienia w\u00f3zka wid\u0142owego.<\/li>\n<li><strong>Blokada<\/strong> z ty\u0142u przy podstawie, kt\u00f3ra uniemo\u017cliwia przechy\u0142 <strong>koleby do transportu odpad\u00f3w<\/strong> podczas przewo\u017cenia.<\/li>\n<\/ul>\n<p>Wybieraj\u0105c model TK 1100, zyskujesz <strong>pojemnik warsztatowy samowy\u0142adowczy<\/strong>, kt\u00f3ry charakteryzuje si\u0119 <strong>najlepszym stosunkiem jako\u015bci do ceny<\/strong>. Je\u015bli poszukujesz <strong>kontenera na odpady przemys\u0142owe<\/strong> lub potrzebujesz <strong>pojemnika na z\u0142om z wysypem<\/strong>, model TK 1100 jest idealnym wyborem. Dzi\u0119ki du\u017cemu do\u015bwiadczeniu, podejmujemy si\u0119 r\u00f3wnie\u017c projektowania pojemnik\u00f3w oraz wykonywania <strong>kontener\u00f3w metalowych na zam\u00f3wienie<\/strong> wed\u0142ug spersonalizowanych potrzeb klienta.<\/p>\n","protected":false},"excerpt":{"rendered":"<h3><strong>Koleba samowy\u0142adowcza<\/strong><\/h3>\n","protected":false},"featured_media":147,"comment_status":"open","ping_status":"closed","template":"","meta":[],"product_brand":[],"product_cat":[296],"product_tag":[],"class_list":{"0":"post-1460","1":"product","2":"type-product","3":"status-publish","4":"has-post-thumbnail","6":"product_cat-tk","7":"product_shipping_class-kurier-450","9":"first","10":"instock","11":"taxable","12":"shipping-taxable","13":"purchasable","14":"product-type-simple"},"_links":{"self":[{"href":"https:\/\/shop.steel-containers.com\/pl\/wp-json\/wp\/v2\/product\/1460","targetHints":{"allow":["GET"]}}],"collection":[{"href":"https:\/\/shop.steel-containers.com\/pl\/wp-json\/wp\/v2\/product"}],"about":[{"href":"https:\/\/shop.steel-containers.com\/pl\/wp-json\/wp\/v2\/types\/product"}],"replies":[{"embeddable":true,"href":"https:\/\/shop.steel-containers.com\/pl\/wp-json\/wp\/v2\/comments?post=1460"}],"wp:featuredmedia":[{"embeddable":true,"href":"https:\/\/shop.steel-containers.com\/pl\/wp-json\/wp\/v2\/media\/147"}],"wp:attachment":[{"href":"https:\/\/shop.steel-containers.com\/pl\/wp-json\/wp\/v2\/media?parent=1460"}],"wp:term":[{"taxonomy":"product_brand","embeddable":true,"href":"https:\/\/shop.steel-containers.com\/pl\/wp-json\/wp\/v2\/product_brand?post=1460"},{"taxonomy":"product_cat","embeddable":true,"href":"https:\/\/shop.steel-containers.com\/pl\/wp-json\/wp\/v2\/product_cat?post=1460"},{"taxonomy":"product_tag","embeddable":true,"href":"https:\/\/shop.steel-containers.com\/pl\/wp-json\/wp\/v2\/product_tag?post=1460"}],"curies":[{"name":"wp","href":"https:\/\/api.w.org\/{rel}","templated":true}]}}