{"id":1500,"date":"2026-01-22T09:33:01","date_gmt":"2026-01-22T08:33:01","guid":{"rendered":"https:\/\/shop.steel-containers.com\/?post_type=product&#038;p=1500"},"modified":"2026-04-22T09:48:18","modified_gmt":"2026-04-22T07:48:18","slug":"koleba-samowyladowcza-pmmc-light-800","status":"publish","type":"product","link":"https:\/\/shop.steel-containers.com\/pl\/produkt\/koleba-samowyladowcza-pmmc-light-800\/","title":{"rendered":"Koleba samowy\u0142adowcza PMMC Light 800"},"content":{"rendered":"<p><span style=\"font-family: 'din-next-w01-light', 'din-next-w02-light', 'din-next-w10-light', sans-serif; font-size: 16px;\">Koleba samowy\u0142adowcza PMMC Light to lekki zbiornik do w\u00f3zk\u00f3w wid\u0142owych oraz obs\u0142ugi r\u0119cznej. Konstrukcja wykonana jest w cz\u0119\u015bci zbiornika z blachy 2 mm i 3 mm w podstawie. Spawana jest dwustronnie oraz wzmocniona w g\u00f3rnej kraw\u0119dzi co zapewnia stabilno\u015b\u0107 i szczelno\u015b\u0107 pojemnika. Wyposa\u017cony jest w 3 ko\u0142a, w tym jedno skr\u0119tne z hamulcem oraz kieszenie na wid\u0142y. Model ten nie posiada d\u017awigni lecz zamek r\u0119czny do odbezpieczania blokady i spowodowania przechy\u0142u pojemnika. Kontener zwykle stosowany jest na halach magazynowych jako w\u00f3zek do zbierania b\u0105d\u017a sortowania r\u00f3\u017cnego rodzaju lekkich odpad\u00f3w takich jak folie, papier czy tektury. Zbiornik wyko\u0144czony jest farb\u0105 poliuretanow\u0105, kt\u00f3ra stanowi zabezpieczenie przed korozj\u0105 oraz \u0142atw\u0105 piel\u0119gnacj\u0119.<\/span><\/p>\n","protected":false},"excerpt":{"rendered":"<h3><strong>Koleba samowy\u0142adowcza<\/strong><\/h3>\n","protected":false},"featured_media":292,"comment_status":"open","ping_status":"closed","template":"","meta":[],"product_brand":[],"product_cat":[430],"product_tag":[],"class_list":{"0":"post-1500","1":"product","2":"type-product","3":"status-publish","4":"has-post-thumbnail","6":"product_cat-pmmc-light","7":"product_shipping_class-kurier-450","9":"first","10":"instock","11":"taxable","12":"shipping-taxable","13":"purchasable","14":"product-type-simple"},"_links":{"self":[{"href":"https:\/\/shop.steel-containers.com\/pl\/wp-json\/wp\/v2\/product\/1500","targetHints":{"allow":["GET"]}}],"collection":[{"href":"https:\/\/shop.steel-containers.com\/pl\/wp-json\/wp\/v2\/product"}],"about":[{"href":"https:\/\/shop.steel-containers.com\/pl\/wp-json\/wp\/v2\/types\/product"}],"replies":[{"embeddable":true,"href":"https:\/\/shop.steel-containers.com\/pl\/wp-json\/wp\/v2\/comments?post=1500"}],"wp:featuredmedia":[{"embeddable":true,"href":"https:\/\/shop.steel-containers.com\/pl\/wp-json\/wp\/v2\/media\/292"}],"wp:attachment":[{"href":"https:\/\/shop.steel-containers.com\/pl\/wp-json\/wp\/v2\/media?parent=1500"}],"wp:term":[{"taxonomy":"product_brand","embeddable":true,"href":"https:\/\/shop.steel-containers.com\/pl\/wp-json\/wp\/v2\/product_brand?post=1500"},{"taxonomy":"product_cat","embeddable":true,"href":"https:\/\/shop.steel-containers.com\/pl\/wp-json\/wp\/v2\/product_cat?post=1500"},{"taxonomy":"product_tag","embeddable":true,"href":"https:\/\/shop.steel-containers.com\/pl\/wp-json\/wp\/v2\/product_tag?post=1500"}],"curies":[{"name":"wp","href":"https:\/\/api.w.org\/{rel}","templated":true}]}}