{"id":1509,"date":"2026-01-22T09:33:02","date_gmt":"2026-01-22T08:33:02","guid":{"rendered":"https:\/\/shop.steel-containers.com\/?post_type=product&#038;p=1509"},"modified":"2026-02-05T14:33:25","modified_gmt":"2026-02-05T13:33:25","slug":"kontener-z-otwieranym-dnem-pmdc-1100","status":"publish","type":"product","link":"https:\/\/shop.steel-containers.com\/pl\/produkt\/kontener-z-otwieranym-dnem-pmdc-1100\/","title":{"rendered":"Kontener z otwieranym dnem PMDC 1100"},"content":{"rendered":"<p data-path-to-node=\"3\"><b data-path-to-node=\"3\" data-index-in-node=\"0\">Kontener z otwieranym dnem PMDC 1100<\/b> to solidny, wielkogabarytowy zbiornik o pojemno\u015bci 1100 litr\u00f3w, stworzony do zada\u0144 wagi ci\u0119\u017ckiej. Ten model wyr\u00f3\u017cnia si\u0119 na rynku po\u0142\u0105czeniem du\u017cej \u0142adowno\u015bci z pancern\u0105 konstrukcj\u0105 oraz niespotykan\u0105 wszechstronno\u015bci\u0105 logistyczn\u0105, umo\u017cliwiaj\u0105c prac\u0119 z ka\u017cdym typem sprz\u0119tu transportowego dost\u0119pnym w zak\u0142adzie.<\/p>\n<h3 data-path-to-node=\"4\">Wszechstronno\u015b\u0107 3w1: Suwnica, W\u00f3zek, Paleciak<\/h3>\n<p data-path-to-node=\"5\">PMDC 1100 zosta\u0142 zaprojektowany tak, aby wyeliminowa\u0107 ograniczenia w transporcie wewn\u0119trznym. Jego unikalna budowa pozwala na obs\u0142ug\u0119 trzema metodami:<\/p>\n<ol start=\"1\" data-path-to-node=\"6\">\n<li>\n<p data-path-to-node=\"6,0,0\"><b data-path-to-node=\"6,0,0\" data-index-in-node=\"0\">Transport suwnic\u0105:<\/b> W g\u00f3rnej cz\u0119\u015bci zbiornika znajduj\u0105 si\u0119 solidne, przyspawane <b data-path-to-node=\"6,0,0\" data-index-in-node=\"79\">uszy i uchwyty transportowe<\/b>, co pozwala na bezpieczne przenoszenie kontenera g\u00f3r\u0105 (np. nad liniami produkcyjnymi).<\/p>\n<\/li>\n<li>\n<p data-path-to-node=\"6,1,0\"><b data-path-to-node=\"6,1,0\" data-index-in-node=\"0\">Transport w\u00f3zkiem wid\u0142owym:<\/b> Stabilna podstawa zapewnia pewny chwyt wid\u0142ami.<\/p>\n<\/li>\n<li>\n<p data-path-to-node=\"6,2,0\"><b data-path-to-node=\"6,2,0\" data-index-in-node=\"0\">Obs\u0142uga &#8222;paleciakiem&#8221;:<\/b> Specjalna konstrukcja n\u00f3\u017cek w podstawie umo\u017cliwia wjazd i manewrowanie standardowym <b data-path-to-node=\"6,2,0\" data-index-in-node=\"107\">r\u0119cznym w\u00f3zkiem paletowym<\/b>.<\/p>\n<\/li>\n<\/ol>\n<h3 data-path-to-node=\"7\">Wzmocniona konstrukcja 3 mm \/ 4 mm<\/h3>\n<p data-path-to-node=\"8\">Przy pojemno\u015bci 1100 litr\u00f3w wytrzyma\u0142o\u015b\u0107 jest kluczowa. Dlatego \u015bciany boczne tego modelu wykonano z blachy o grubo\u015bci <b data-path-to-node=\"8\" data-index-in-node=\"119\">3 mm<\/b>, a podstaw\u0119 \u2013 przenosz\u0105c\u0105 najwi\u0119ksze obci\u0105\u017cenia \u2013 ze stali o grubo\u015bci <b data-path-to-node=\"8\" data-index-in-node=\"194\">4 mm<\/b>. G\u00f3rna kraw\u0119d\u017a posiada dodatkowe wzmocnienie obwodowe, co usztywnia ca\u0142\u0105 bry\u0142\u0119 i chroni j\u0105 przed deformacj\u0105. Dzi\u0119ki temu kontener doskonale radzi sobie ze zbi\u00f3rk\u0105 ci\u0119\u017ckiego z\u0142omu, odlew\u00f3w czy gruzu.<\/p>\n<h3 data-path-to-node=\"9\">Funkcjonalno\u015b\u0107 i ochrona<\/h3>\n<p data-path-to-node=\"10\">System <b data-path-to-node=\"10\" data-index-in-node=\"7\">otwieranego dna<\/b> umo\u017cliwia b\u0142yskawiczne opr\u00f3\u017cnienie ca\u0142ej zawarto\u015bci zbiornika (1,1 m\u00b3). Mechanizm zwalniany jest manualnie za pomoc\u0105 wygodnej d\u017awigni umieszczonej z boku kontenera. Ca\u0142o\u015b\u0107 pokryta jest systemem malarskim (podk\u0142ad + farba poliuretanowa), kt\u00f3ry tworzy <b data-path-to-node=\"10\" data-index-in-node=\"273\">g\u0142adk\u0105, \u0142atw\u0105 w czyszczeniu pow\u0142ok\u0119<\/b>, skutecznie zabezpieczaj\u0105c\u0105 stal przed korozj\u0105 i dzia\u0142aniem czynnik\u00f3w chemicznych.<\/p>\n<p data-path-to-node=\"11\">Wybierz <b data-path-to-node=\"11\" data-index-in-node=\"8\">Kontener PMDC 1100<\/b>, je\u015bli potrzebujesz du\u017cego, pancernego pojemnika, kt\u00f3ry zapewni Ci pe\u0142n\u0105 elastyczno\u015b\u0107 transportu \u2013 od posadzki po suwnic\u0119.<\/p>\n","protected":false},"excerpt":{"rendered":"<p data-path-to-node=\"14\">Maksymalna wytrzyma\u0142o\u015b\u0107 i uniwersalno\u015b\u0107 \u2013 <b data-path-to-node=\"14\" data-index-in-node=\"42\">kontener z otwieranym dnem PMDC 1100<\/b>. Wykonany z grubych blach (3 mm boki \/ 4 mm podstawa). Przystosowany do obs\u0142ugi <b data-path-to-node=\"14\" data-index-in-node=\"159\">suwnic\u0105 (uszy), w\u00f3zkiem wid\u0142owym i paletowym<\/b>. Posiada wzmocnion\u0105 kraw\u0119d\u017a.<\/p>\n<p data-path-to-node=\"15\"><b data-path-to-node=\"15\" data-index-in-node=\"0\">Najwa\u017cniejsze cechy:<\/b><\/p>\n<ul data-path-to-node=\"16\">\n<li>\n<p data-path-to-node=\"16,0,0\"><b data-path-to-node=\"16,0,0\" data-index-in-node=\"0\">Pojemno\u015b\u0107:<\/b> 1100 litr\u00f3w<\/p>\n<\/li>\n<li>\n<p data-path-to-node=\"16,1,0\"><b data-path-to-node=\"16,1,0\" data-index-in-node=\"0\">Materia\u0142:<\/b> Blacha 3 mm (boki) \/ 4 mm (podstawa)<\/p>\n<\/li>\n<li>\n<p data-path-to-node=\"16,2,0\"><b data-path-to-node=\"16,2,0\" data-index-in-node=\"0\">Obs\u0142uga 3w1:<\/b> Suwnica, W\u00f3zek wid\u0142owy, Paleciak<\/p>\n<\/li>\n<li>\n<p data-path-to-node=\"16,3,0\"><b data-path-to-node=\"16,3,0\" data-index-in-node=\"0\">Wyposa\u017cenie:<\/b> Uszy transportowe, wzmocniona kraw\u0119d\u017a<\/p>\n<\/li>\n<li>\n<p data-path-to-node=\"16,4,0\"><b data-path-to-node=\"16,4,0\" data-index-in-node=\"0\">System:<\/b> Otwierane dno (d\u017awignia boczna)<\/p>\n<\/li>\n<\/ul>\n","protected":false},"featured_media":333,"comment_status":"open","ping_status":"closed","template":"","meta":[],"product_brand":[],"product_cat":[50],"product_tag":[],"class_list":{"0":"post-1509","1":"product","2":"type-product","3":"status-publish","4":"has-post-thumbnail","6":"product_cat-pmdc","7":"product_shipping_class-kurier-450","9":"first","10":"instock","11":"taxable","12":"shipping-taxable","13":"purchasable","14":"product-type-simple"},"_links":{"self":[{"href":"https:\/\/shop.steel-containers.com\/pl\/wp-json\/wp\/v2\/product\/1509","targetHints":{"allow":["GET"]}}],"collection":[{"href":"https:\/\/shop.steel-containers.com\/pl\/wp-json\/wp\/v2\/product"}],"about":[{"href":"https:\/\/shop.steel-containers.com\/pl\/wp-json\/wp\/v2\/types\/product"}],"replies":[{"embeddable":true,"href":"https:\/\/shop.steel-containers.com\/pl\/wp-json\/wp\/v2\/comments?post=1509"}],"wp:featuredmedia":[{"embeddable":true,"href":"https:\/\/shop.steel-containers.com\/pl\/wp-json\/wp\/v2\/media\/333"}],"wp:attachment":[{"href":"https:\/\/shop.steel-containers.com\/pl\/wp-json\/wp\/v2\/media?parent=1509"}],"wp:term":[{"taxonomy":"product_brand","embeddable":true,"href":"https:\/\/shop.steel-containers.com\/pl\/wp-json\/wp\/v2\/product_brand?post=1509"},{"taxonomy":"product_cat","embeddable":true,"href":"https:\/\/shop.steel-containers.com\/pl\/wp-json\/wp\/v2\/product_cat?post=1509"},{"taxonomy":"product_tag","embeddable":true,"href":"https:\/\/shop.steel-containers.com\/pl\/wp-json\/wp\/v2\/product_tag?post=1509"}],"curies":[{"name":"wp","href":"https:\/\/api.w.org\/{rel}","templated":true}]}}