{"id":1565,"date":"2026-01-22T09:33:16","date_gmt":"2026-01-22T08:33:16","guid":{"rendered":"https:\/\/shop.steel-containers.com\/?post_type=product&#038;p=1565"},"modified":"2026-03-16T14:45:30","modified_gmt":"2026-03-16T13:45:30","slug":"kontener-z-otwieranym-dnem-pmdb-2000","status":"publish","type":"product","link":"https:\/\/shop.steel-containers.com\/pl\/produkt\/kontener-z-otwieranym-dnem-pmdb-2000\/","title":{"rendered":"Kontener z otwieranym dnem PMDB 2000"},"content":{"rendered":"<p data-path-to-node=\"3\"><b data-path-to-node=\"3\" data-index-in-node=\"0\">Kontener z otwieranym dnem PMDB 2000<\/b> to najwi\u0119kszy dost\u0119pny model w serii PMDB, oferuj\u0105cy imponuj\u0105c\u0105 pojemno\u015b\u0107 <b data-path-to-node=\"3\" data-index-in-node=\"111\">2000 litr\u00f3w (2 m\u00b3)<\/b>. Jest to rozwi\u0105zanie dedykowane dla przedsi\u0119biorstw o najwi\u0119kszym zapotrzebowaniu na przestrze\u0144 \u0142adunkow\u0105, kt\u00f3re chc\u0105 gromadzi\u0107 masowe ilo\u015bci odpad\u00f3w, zachowuj\u0105c przy tym elastyczno\u015b\u0107 transportu typow\u0105 dla znacznie mniejszych pojemnik\u00f3w.<\/p>\n<h3 data-path-to-node=\"4\">2000 litr\u00f3w pojemno\u015bci z obs\u0142ug\u0105 &#8222;paleciakiem&#8221;<\/h3>\n<p data-path-to-node=\"5\">Model PMDB 2000 to logistyczny fenomen. Mimo swoich gabaryt\u00f3w, jego unikalna konstrukcja podstawy pozwala na przemieszczanie go za pomoc\u0105 standardowego <b data-path-to-node=\"5\" data-index-in-node=\"152\">r\u0119cznego w\u00f3zka paletowego<\/b> (na utwardzonej nawierzchni). Dzi\u0119ki temu nawet w halach bez sta\u0142ego dost\u0119pu do w\u00f3zka wid\u0142owego mo\u017cna sprawnie zarz\u0105dza\u0107 ogromn\u0105 ilo\u015bci\u0105 odpad\u00f3w. Dodatkowo, kontener wyposa\u017cono w naro\u017cniki umo\u017cliwiaj\u0105ce bezpieczne <b data-path-to-node=\"5\" data-index-in-node=\"392\">pi\u0119trowanie (sztaplowanie)<\/b>, co pozwala zaoszcz\u0119dzi\u0107 cenn\u0105 powierzchni\u0119 magazynow\u0105, tworz\u0105c pionowe strefy buforowe. N\u00f3\u017cki s\u0105 fabrycznie <b data-path-to-node=\"5\" data-index-in-node=\"528\">przystosowane do monta\u017cu k\u00f3\u0142<\/b>, co daje opcj\u0119 pe\u0142nej mobilno\u015bci.<\/p>\n<h3 data-path-to-node=\"6\">Niski profil przy maksymalnej kubaturze<\/h3>\n<p data-path-to-node=\"7\">Wyr\u00f3\u017cnikiem tej serii jest zachowanie <b data-path-to-node=\"7\" data-index-in-node=\"38\">niewielkiej wysoko\u015bci<\/b> nawet przy tak du\u017cej pojemno\u015bci. Konstrukcja PMDB 2000 jest szeroka i d\u0142uga, dzi\u0119ki czemu idealnie wpasowuje si\u0119 pod wyloty du\u017cych system\u00f3w odpylania, linii produkcyjnych czy zsyp\u00f3w. Niski profil u\u0142atwia r\u00f3wnie\u017c r\u0119czny za\u0142adunek obj\u0119to\u015bciowych odpad\u00f3w (jak folia, karton, styropian), nie zmuszaj\u0105c pracownik\u00f3w do wysokiego podnoszenia \u0142adunku.<\/p>\n<h3 data-path-to-node=\"8\">Wytrzyma\u0142o\u015b\u0107 i b\u0142yskawiczny zrzut<\/h3>\n<p data-path-to-node=\"9\">Pojemnik wykonany jest z blachy o grubo\u015bci <b data-path-to-node=\"9\" data-index-in-node=\"43\">2-3 mm<\/b> (boki) oraz <b data-path-to-node=\"9\" data-index-in-node=\"62\">3 mm<\/b> (podstawa), co zapewnia sztywno\u015b\u0107 niezb\u0119dn\u0105 dla tak du\u017cej bry\u0142y. Kieszenie na wid\u0142y w d\u0142u\u017cszych \u015bcianach zosta\u0142y solidnie wzmocnione. System <b data-path-to-node=\"9\" data-index-in-node=\"208\">otwieranego dna<\/b> obs\u0142ugiwany jest za pomoc\u0105 d\u017awigni umieszczonej na boku kontenera, co pozwala na natychmiastowe opr\u00f3\u017cnienie 2000 litr\u00f3w wsadu bez wysi\u0142ku fizycznego. Ca\u0142o\u015b\u0107 pokryta jest farb\u0105 antykorozyjn\u0105 o <b data-path-to-node=\"9\" data-index-in-node=\"416\">g\u0142adkiej strukturze<\/b>, co u\u0142atwia utrzymanie czysto\u015bci.<\/p>\n<p data-path-to-node=\"10\">Wybierz <b data-path-to-node=\"10\" data-index-in-node=\"8\">Kontener PMDB 2000<\/b>, je\u015bli potrzebujesz &#8222;magazynu w kontenerze&#8221; \u2013 najwi\u0119kszej pojemno\u015bci na rynku, kt\u00f3r\u0105 obs\u0142u\u017cysz prostym w\u00f3zkiem paletowym.<\/p>\n","protected":false},"excerpt":{"rendered":"<p data-path-to-node=\"13\">Gigantyczna pojemno\u015b\u0107 i funkcjonalno\u015b\u0107 \u2013 <b data-path-to-node=\"13\" data-index-in-node=\"41\">kontener z otwieranym dnem PMDB 2000<\/b>. A\u017c 2000 l obj\u0119to\u015bci, obs\u0142uga w\u00f3zkiem wid\u0142owym i <b data-path-to-node=\"13\" data-index-in-node=\"127\">paleciakiem<\/b>. Mo\u017cliwo\u015b\u0107 <b data-path-to-node=\"13\" data-index-in-node=\"150\">sztaplowania<\/b> i monta\u017cu k\u00f3\u0142. Niski profil, szybki system dolnego wysypu.<\/p>\n<p data-path-to-node=\"14\"><b data-path-to-node=\"14\" data-index-in-node=\"0\">Najwa\u017cniejsze cechy:<\/b><\/p>\n<ul data-path-to-node=\"15\">\n<li>\n<p data-path-to-node=\"15,0,0\"><b data-path-to-node=\"15,0,0\" data-index-in-node=\"0\">Pojemno\u015b\u0107:<\/b> 2000 litr\u00f3w (2 m\u00b3)<\/p>\n<\/li>\n<li>\n<p data-path-to-node=\"15,1,0\"><b data-path-to-node=\"15,1,0\" data-index-in-node=\"0\">Logistyka:<\/b> W\u00f3zek wid\u0142owy + Paleciak + Sztaplowanie<\/p>\n<\/li>\n<li>\n<p data-path-to-node=\"15,2,0\"><b data-path-to-node=\"15,2,0\" data-index-in-node=\"0\">Konstrukcja:<\/b> Niski profil, blacha 2-3 mm<\/p>\n<\/li>\n<li>\n<p data-path-to-node=\"15,3,0\"><b data-path-to-node=\"15,3,0\" data-index-in-node=\"0\">Mobilno\u015b\u0107:<\/b> Przystosowany do monta\u017cu k\u00f3\u0142<\/p>\n<\/li>\n<li>\n<p data-path-to-node=\"15,4,0\"><b data-path-to-node=\"15,4,0\" data-index-in-node=\"0\">System:<\/b> Otwierane dno (d\u017awignia boczna)<\/p>\n<\/li>\n<\/ul>\n","protected":false},"featured_media":348,"comment_status":"open","ping_status":"closed","template":"","meta":[],"product_brand":[],"product_cat":[439],"product_tag":[],"class_list":{"0":"post-1565","1":"product","2":"type-product","3":"status-publish","4":"has-post-thumbnail","6":"product_cat-pmdb","7":"product_shipping_class-kurier-590","9":"first","10":"instock","11":"taxable","12":"shipping-taxable","13":"purchasable","14":"product-type-simple"},"_links":{"self":[{"href":"https:\/\/shop.steel-containers.com\/pl\/wp-json\/wp\/v2\/product\/1565","targetHints":{"allow":["GET"]}}],"collection":[{"href":"https:\/\/shop.steel-containers.com\/pl\/wp-json\/wp\/v2\/product"}],"about":[{"href":"https:\/\/shop.steel-containers.com\/pl\/wp-json\/wp\/v2\/types\/product"}],"replies":[{"embeddable":true,"href":"https:\/\/shop.steel-containers.com\/pl\/wp-json\/wp\/v2\/comments?post=1565"}],"wp:featuredmedia":[{"embeddable":true,"href":"https:\/\/shop.steel-containers.com\/pl\/wp-json\/wp\/v2\/media\/348"}],"wp:attachment":[{"href":"https:\/\/shop.steel-containers.com\/pl\/wp-json\/wp\/v2\/media?parent=1565"}],"wp:term":[{"taxonomy":"product_brand","embeddable":true,"href":"https:\/\/shop.steel-containers.com\/pl\/wp-json\/wp\/v2\/product_brand?post=1565"},{"taxonomy":"product_cat","embeddable":true,"href":"https:\/\/shop.steel-containers.com\/pl\/wp-json\/wp\/v2\/product_cat?post=1565"},{"taxonomy":"product_tag","embeddable":true,"href":"https:\/\/shop.steel-containers.com\/pl\/wp-json\/wp\/v2\/product_tag?post=1565"}],"curies":[{"name":"wp","href":"https:\/\/api.w.org\/{rel}","templated":true}]}}