{"id":1587,"date":"2026-01-22T09:33:19","date_gmt":"2026-01-22T08:33:19","guid":{"rendered":"https:\/\/shop.steel-containers.com\/?post_type=product&#038;p=1587"},"modified":"2026-01-22T09:33:28","modified_gmt":"2026-01-22T08:33:28","slug":"stojak-magazynowy","status":"publish","type":"product","link":"https:\/\/shop.steel-containers.com\/pl\/produkt\/stojak-magazynowy\/","title":{"rendered":"Stojak magazynowy"},"content":{"rendered":"<p><span style=\"font-family: 'din-next-w01-light', 'din-next-w02-light', 'din-next-w10-light', sans-serif; font-size: 16px;\">Stojak magazynowy to konstrukcja wykonana z profili stalowych. Jest dwustronny i bardzo stabilny. W bocznych cz\u0119\u015bciach wyposa\u017cony jest w du\u017ce uchwyty dla \u0142atwiejszego manewrowania. Istnieje mo\u017cliwo\u015b\u0107 przykr\u0119cenia do niego k\u00f3\u0142 aby mo\u017cna by\u0142o przemieszcza\u0107 go bez u\u017cycia dodatkowego sprz\u0119tu.\u00a0<\/span><span style=\"font-family: 'din-next-w01-light', 'din-next-w02-light', 'din-next-w10-light', sans-serif; font-size: 16px;\">Jego zadaniem jest bezpieczny transport i przechowywanie towaru. <\/span><span style=\"font-family: 'din-next-w01-light', 'din-next-w02-light', 'din-next-w10-light', sans-serif; font-size: 16px;\">Istnieje mo\u017cliwo\u015b\u0107 obicia ca\u0142o\u015bci drewnianymi deskami montowanymi do stojaka przy pomocy \u015brub. Dzi\u0119ki temu w przypadku konieczno\u015bci ich wymiany b\u0105d\u017a ch\u0119ci demonta\u017cu jest szybkie i sprawne. Konstrukcja wyko\u0144czona zosta\u0142a farb\u0105 poliuretanow\u0105 stanowi\u0105c\u0105 zabezpieczenie antykorozyjne.<\/span><\/p>\n","protected":false},"excerpt":{"rendered":"<p><strong>Do transportu i magazynowania<\/strong><\/p>\n","protected":false},"featured_media":443,"comment_status":"open","ping_status":"closed","template":"","meta":[],"product_brand":[],"product_cat":[71],"product_tag":[],"class_list":{"0":"post-1587","1":"product","2":"type-product","3":"status-publish","4":"has-post-thumbnail","6":"product_cat-stojaki-magazynowe","7":"product_shipping_class-kurier-450","9":"first","10":"instock","11":"taxable","12":"shipping-taxable","13":"purchasable","14":"product-type-simple"},"_links":{"self":[{"href":"https:\/\/shop.steel-containers.com\/pl\/wp-json\/wp\/v2\/product\/1587","targetHints":{"allow":["GET"]}}],"collection":[{"href":"https:\/\/shop.steel-containers.com\/pl\/wp-json\/wp\/v2\/product"}],"about":[{"href":"https:\/\/shop.steel-containers.com\/pl\/wp-json\/wp\/v2\/types\/product"}],"replies":[{"embeddable":true,"href":"https:\/\/shop.steel-containers.com\/pl\/wp-json\/wp\/v2\/comments?post=1587"}],"wp:featuredmedia":[{"embeddable":true,"href":"https:\/\/shop.steel-containers.com\/pl\/wp-json\/wp\/v2\/media\/443"}],"wp:attachment":[{"href":"https:\/\/shop.steel-containers.com\/pl\/wp-json\/wp\/v2\/media?parent=1587"}],"wp:term":[{"taxonomy":"product_brand","embeddable":true,"href":"https:\/\/shop.steel-containers.com\/pl\/wp-json\/wp\/v2\/product_brand?post=1587"},{"taxonomy":"product_cat","embeddable":true,"href":"https:\/\/shop.steel-containers.com\/pl\/wp-json\/wp\/v2\/product_cat?post=1587"},{"taxonomy":"product_tag","embeddable":true,"href":"https:\/\/shop.steel-containers.com\/pl\/wp-json\/wp\/v2\/product_tag?post=1587"}],"curies":[{"name":"wp","href":"https:\/\/api.w.org\/{rel}","templated":true}]}}