{"id":1590,"date":"2026-01-22T09:33:20","date_gmt":"2026-01-22T08:33:20","guid":{"rendered":"https:\/\/shop.steel-containers.com\/?post_type=product&#038;p=1590"},"modified":"2026-02-03T10:16:01","modified_gmt":"2026-02-03T09:16:01","slug":"wanna-wychwytowa-pmb-50","status":"publish","type":"product","link":"https:\/\/shop.steel-containers.com\/pl\/produkt\/wanna-wychwytowa-pmb-50\/","title":{"rendered":"Wanna wychwytowa PMB 50"},"content":{"rendered":"<h3 data-path-to-node=\"11\"><b data-path-to-node=\"11\" data-index-in-node=\"0\">Wanna wychwytowa stalowa<\/b><\/h3>\n<p data-path-to-node=\"13\">Prezentowana <b data-path-to-node=\"13\" data-index-in-node=\"13\">wanna wychwytowa<\/b> (model PMB 50) to profesjonalny osprz\u0119t magazynowy, zaprojektowany w celu ochrony \u015brodowiska pracy przed wyciekami substancji niebezpiecznych. Jest to niezb\u0119dne rozwi\u0105zanie w ka\u017cdym zak\u0142adzie, gdzie sk\u0142aduje si\u0119 oleje, lakiery czy chemi\u0119 techniczn\u0105. Konstrukcja zbiornika zosta\u0142a wykonana z wysokogatunkowej blachy stalowej o grubo\u015bci 2 mm w cz\u0119\u015bci ch\u0142onnej, natomiast podstawa zosta\u0142a dodatkowo wzmocniona blach\u0105 o grubo\u015bci od 2 do 2,5 mm. Gwarantuje to wyj\u0105tkow\u0105 odporno\u015b\u0107 na uszkodzenia mechaniczne, kt\u00f3re mog\u0105 zdarzy\u0107 si\u0119 w dynamicznym \u015brodowisku magazynowym.<\/p>\n<p data-path-to-node=\"14\">Ka\u017cda <b data-path-to-node=\"14\" data-index-in-node=\"6\">wanna wychwytowa<\/b> z tej serii wyposa\u017cona jest w solidn\u0105, ocynkowan\u0105 kratownic\u0119 (ruszt). Jest ona elementem wyjmowanym, co kluczowo wp\u0142ywa na ergonomi\u0119 u\u017cytkowania \u2013 w przypadku wycieku mo\u017cna \u0142atwo zdemontowa\u0107 krat\u0119 i szybko wyczy\u015bci\u0107 wn\u0119trze ociekacza. Ca\u0142o\u015b\u0107 pokryta jest specjalistyczn\u0105 farb\u0105 poliuretanow\u0105, tworz\u0105c\u0105 szczeln\u0105 pow\u0142ok\u0119 antykorozyjn\u0105, odporn\u0105 na dzia\u0142anie wilgoci i agresywnych cieczy. Projektanci zadbali r\u00f3wnie\u017c o logistyk\u0119 \u2013 n\u00f3\u017cki w podstawie tworz\u0105 odpowiedni prze\u015bwit, dzi\u0119ki czemu zbiornik mo\u017ce by\u0107 bezpiecznie transportowany za pomoc\u0105 w\u00f3zk\u00f3w wid\u0142owych oraz r\u0119cznych w\u00f3zk\u00f3w paletowych.<\/p>\n","protected":false},"excerpt":{"rendered":"<p>Profesjonalna <b data-path-to-node=\"9\" data-index-in-node=\"14\">wanna wychwytowa<\/b> PMB 50 o wzmocnionej konstrukcji stalowej. Wykonana z blachy o grubo\u015bci 2 mm, wyposa\u017cona w wyjmowany, ocynkowany ruszt. Przystosowana do transportu w\u00f3zkiem wid\u0142owym i paletowym. Skutecznie chroni \u015brodowisko pracy przed wyciekami substancji niebezpiecznych.<\/p>\n","protected":false},"featured_media":452,"comment_status":"open","ping_status":"closed","template":"","meta":[],"product_brand":[],"product_cat":[484],"product_tag":[],"class_list":{"0":"post-1590","1":"product","2":"type-product","3":"status-publish","4":"has-post-thumbnail","6":"product_cat-pmb","7":"product_shipping_class-kurier-390","9":"first","10":"instock","11":"taxable","12":"shipping-taxable","13":"purchasable","14":"product-type-simple"},"_links":{"self":[{"href":"https:\/\/shop.steel-containers.com\/pl\/wp-json\/wp\/v2\/product\/1590","targetHints":{"allow":["GET"]}}],"collection":[{"href":"https:\/\/shop.steel-containers.com\/pl\/wp-json\/wp\/v2\/product"}],"about":[{"href":"https:\/\/shop.steel-containers.com\/pl\/wp-json\/wp\/v2\/types\/product"}],"replies":[{"embeddable":true,"href":"https:\/\/shop.steel-containers.com\/pl\/wp-json\/wp\/v2\/comments?post=1590"}],"wp:featuredmedia":[{"embeddable":true,"href":"https:\/\/shop.steel-containers.com\/pl\/wp-json\/wp\/v2\/media\/452"}],"wp:attachment":[{"href":"https:\/\/shop.steel-containers.com\/pl\/wp-json\/wp\/v2\/media?parent=1590"}],"wp:term":[{"taxonomy":"product_brand","embeddable":true,"href":"https:\/\/shop.steel-containers.com\/pl\/wp-json\/wp\/v2\/product_brand?post=1590"},{"taxonomy":"product_cat","embeddable":true,"href":"https:\/\/shop.steel-containers.com\/pl\/wp-json\/wp\/v2\/product_cat?post=1590"},{"taxonomy":"product_tag","embeddable":true,"href":"https:\/\/shop.steel-containers.com\/pl\/wp-json\/wp\/v2\/product_tag?post=1590"}],"curies":[{"name":"wp","href":"https:\/\/api.w.org\/{rel}","templated":true}]}}