{"id":1607,"date":"2026-01-22T09:33:34","date_gmt":"2026-01-22T08:33:34","guid":{"rendered":"https:\/\/shop.steel-containers.com\/?post_type=product&#038;p=1607"},"modified":"2026-01-22T09:33:42","modified_gmt":"2026-01-22T08:33:42","slug":"nadstawka-paletowa-mz-400","status":"publish","type":"product","link":"https:\/\/shop.steel-containers.com\/pl\/produkt\/nadstawka-paletowa-mz-400\/","title":{"rendered":"Nadstawka paletowa MZ 400"},"content":{"rendered":"<p><span style=\"font-family: 'din-next-w01-light', 'din-next-w02-light', 'din-next-w10-light', sans-serif; font-size: 16px;\">Nadstawka paletowa to kosz siatkowy przystosowany do u\u017cytku z paletami drewnianymi i metalowymi o wymiarach 1200\u00d7800. Jest wykonana z drutu o grubo\u015bci 3,8 zespawanego w siatk\u0119 o oczkach 100x50mm oraz stalowych rur. Zadaniem pojemnika<\/span><span style=\"font-family: 'din-next-w01-light', 'din-next-w02-light', 'din-next-w10-light', sans-serif; font-size: 16px;\"> jest zabezpieczanie magazynowanie i bezpieczny transport towaru. Obejma siatkowa jest trwalsza od swojego drewnianego odpowiednika. Nadstawki s\u0105 tak\u017ce bardzo praktyczne.<\/span><span style=\"font-family: 'din-next-w01-light', 'din-next-w02-light', 'din-next-w10-light', sans-serif; font-size: 16px;\">\u00a0<\/span><span style=\"font-family: 'din-next-w01-light', 'din-next-w02-light', 'din-next-w10-light', sans-serif; font-size: 16px;\">Jej du\u017cy ud\u017awig i sk\u0142adana konstrukcja gwarantuje oszcz\u0119dno\u015b\u0107 miejsca na magazynie, wygod\u0119 i d\u0142ugotrwa\u0142e u\u017cytkowanie. Monta\u017c i demonta\u017c kosza jest szybki i nie wymaga u\u017cywania \u017cadnych narz\u0119dzi. \u015aciana przednia jest w po\u0142owie uchylna co zapewnia \u0142atwiejszy dost\u0119p do przechowywanych materia\u0142\u00f3w. Konstrukcja mo\u017ce by\u0107 pi\u0119trowana w wymiarze 1+3.<\/span><\/p>\n","protected":false},"excerpt":{"rendered":"<p><strong>Kosz magazynowo-transportowy<\/strong><\/p>\n","protected":false},"featured_media":516,"comment_status":"open","ping_status":"closed","template":"","meta":[],"product_brand":[],"product_cat":[81],"product_tag":[],"class_list":{"0":"post-1607","1":"product","2":"type-product","3":"status-publish","4":"has-post-thumbnail","6":"product_cat-zanurzeniowe","8":"first","9":"instock","10":"taxable","11":"shipping-taxable","12":"purchasable","13":"product-type-simple"},"_links":{"self":[{"href":"https:\/\/shop.steel-containers.com\/pl\/wp-json\/wp\/v2\/product\/1607","targetHints":{"allow":["GET"]}}],"collection":[{"href":"https:\/\/shop.steel-containers.com\/pl\/wp-json\/wp\/v2\/product"}],"about":[{"href":"https:\/\/shop.steel-containers.com\/pl\/wp-json\/wp\/v2\/types\/product"}],"replies":[{"embeddable":true,"href":"https:\/\/shop.steel-containers.com\/pl\/wp-json\/wp\/v2\/comments?post=1607"}],"wp:featuredmedia":[{"embeddable":true,"href":"https:\/\/shop.steel-containers.com\/pl\/wp-json\/wp\/v2\/media\/516"}],"wp:attachment":[{"href":"https:\/\/shop.steel-containers.com\/pl\/wp-json\/wp\/v2\/media?parent=1607"}],"wp:term":[{"taxonomy":"product_brand","embeddable":true,"href":"https:\/\/shop.steel-containers.com\/pl\/wp-json\/wp\/v2\/product_brand?post=1607"},{"taxonomy":"product_cat","embeddable":true,"href":"https:\/\/shop.steel-containers.com\/pl\/wp-json\/wp\/v2\/product_cat?post=1607"},{"taxonomy":"product_tag","embeddable":true,"href":"https:\/\/shop.steel-containers.com\/pl\/wp-json\/wp\/v2\/product_tag?post=1607"}],"curies":[{"name":"wp","href":"https:\/\/api.w.org\/{rel}","templated":true}]}}