{"id":1639,"date":"2026-01-22T09:33:49","date_gmt":"2026-01-22T08:33:49","guid":{"rendered":"https:\/\/shop.steel-containers.com\/?post_type=product&#038;p=1639"},"modified":"2026-02-24T08:34:31","modified_gmt":"2026-02-24T07:34:31","slug":"gitterbox-skladany-drewniana-podloga-hd","status":"publish","type":"product","link":"https:\/\/shop.steel-containers.com\/pl\/produkt\/gitterbox-skladany-drewniana-podloga-hd\/","title":{"rendered":"Gitterbox sk\u0142adany drewniana pod\u0142oga HD"},"content":{"rendered":"<p><span style=\"font-family: 'din-next-w01-light', 'din-next-w02-light', 'din-next-w10-light', sans-serif; font-size: 16px;\">Gitterbox to transportowo-magazynowy pojemnik siatkowy z metalowo drewnian\u0105 podstaw\u0105. Wykonany jest z profili stalowych, drutu oraz desek.\u00a0 Wyposa\u017cony jest w uchyln\u0105 klap\u0119 otwieran\u0105 w po\u0142owie wysoko\u015bci od do\u0142u i od g\u00f3ry. U\u0142atwia ona za\u0142adunek oraz roz\u0142adunek towar\u00f3w. W g\u00f3rnej cz\u0119\u015bci pojemnik posiada ograniczniki, kt\u00f3rych zadaniem jest stabilizacja koszy podczas uk\u0142adania jeden na drugim. <\/span><span style=\"font-family: 'din-next-w01-light', 'din-next-w02-light', 'din-next-w10-light', sans-serif; font-size: 16px;\">Pojemniki mo\u017cna sztaplowa\u0107 w stosunku 1+3. <\/span><span style=\"font-family: 'din-next-w01-light', 'din-next-w02-light', 'din-next-w10-light', sans-serif; font-size: 16px;\">W podstawie znajduj\u0105 si\u0119 wysokie n\u00f3\u017cki, dzi\u0119ki kt\u00f3rym gitterbox mo\u017ce by\u0107 obs\u0142ugiwany przez r\u0119czne w\u00f3zki paletowe.<\/span><\/p>\n","protected":false},"excerpt":{"rendered":"<p><strong>Kosz magazynowo-transportowy<\/strong><\/p>\n","protected":false},"featured_media":559,"comment_status":"open","ping_status":"closed","template":"","meta":[],"product_brand":[],"product_cat":[514],"product_tag":[],"class_list":{"0":"post-1639","1":"product","2":"type-product","3":"status-publish","4":"has-post-thumbnail","6":"product_cat-gitterbox-skladany","7":"product_shipping_class-kurier-450","9":"first","10":"instock","11":"taxable","12":"shipping-taxable","13":"purchasable","14":"product-type-simple"},"_links":{"self":[{"href":"https:\/\/shop.steel-containers.com\/pl\/wp-json\/wp\/v2\/product\/1639","targetHints":{"allow":["GET"]}}],"collection":[{"href":"https:\/\/shop.steel-containers.com\/pl\/wp-json\/wp\/v2\/product"}],"about":[{"href":"https:\/\/shop.steel-containers.com\/pl\/wp-json\/wp\/v2\/types\/product"}],"replies":[{"embeddable":true,"href":"https:\/\/shop.steel-containers.com\/pl\/wp-json\/wp\/v2\/comments?post=1639"}],"wp:featuredmedia":[{"embeddable":true,"href":"https:\/\/shop.steel-containers.com\/pl\/wp-json\/wp\/v2\/media\/559"}],"wp:attachment":[{"href":"https:\/\/shop.steel-containers.com\/pl\/wp-json\/wp\/v2\/media?parent=1639"}],"wp:term":[{"taxonomy":"product_brand","embeddable":true,"href":"https:\/\/shop.steel-containers.com\/pl\/wp-json\/wp\/v2\/product_brand?post=1639"},{"taxonomy":"product_cat","embeddable":true,"href":"https:\/\/shop.steel-containers.com\/pl\/wp-json\/wp\/v2\/product_cat?post=1639"},{"taxonomy":"product_tag","embeddable":true,"href":"https:\/\/shop.steel-containers.com\/pl\/wp-json\/wp\/v2\/product_tag?post=1639"}],"curies":[{"name":"wp","href":"https:\/\/api.w.org\/{rel}","templated":true}]}}