{"id":1653,"date":"2026-01-22T09:33:51","date_gmt":"2026-01-22T08:33:51","guid":{"rendered":"https:\/\/shop.steel-containers.com\/?post_type=product&#038;p=1653"},"modified":"2026-02-06T08:23:39","modified_gmt":"2026-02-06T07:23:39","slug":"kontener-z-otwieranym-dnem-pmdc-mini-150","status":"publish","type":"product","link":"https:\/\/shop.steel-containers.com\/pl\/produkt\/kontener-z-otwieranym-dnem-pmdc-mini-150\/","title":{"rendered":"Kontener z otwieranym dnem PMDC mini 150"},"content":{"rendered":"<p>PMDC mini to zbiornik stalowy z systemem otwieranego dna. Mo\u017ce by\u0107 obs\u0142ugiwany przez w\u00f3zki wid\u0142owe, paletowe oraz d\u017awigi. W g\u00f3rnej cz\u0119\u015bci znajduj\u0105 si\u0119 uszy transportowe a w podstawie niskie k\u00f3\u0142ka o \u015brednicy 80 mm i wysoko\u015bci 11,5 cm. Pojemnik wykonywany jest z blachy o grubo\u015bci 3 mm w bokach i 4 mm w podstawie. Dzi\u0119ki solidnej konstrukcji kontener pomimo niewielkich rozmiar\u00f3w ma bardzo du\u017c\u0105 no\u015bno\u015b\u0107. Do wy\u0142adunku zawarto\u015bci s\u0142u\u017cy mechanizm, kt\u00f3ry odbezpieczany jest przy pomocy d\u017awigni znajduj\u0105cej si\u0119 z boku zbiornika. Mo\u017cna j\u0105 r\u00f3wnie\u017c obs\u0142ugiwa\u0107 przy pomocy linki stalowej z pozycji siedz\u0105cej kierowcy pojazdu. Kontener lakierowany jest dwukrotnie farb\u0105 podk\u0142adow\u0105 i poliuretanow\u0105, kt\u00f3re stanowi\u0105 zabezpieczenie antykorozyjne oraz u\u0142atwiaj\u0105, dzi\u0119ki g\u0142adkiej powierzchni, utrzymanie pojemnika w czysto\u015bci.<\/p>\n","protected":false},"excerpt":{"rendered":"<p>Otwierane dno<\/p>\n","protected":false},"featured_media":561,"comment_status":"open","ping_status":"closed","template":"","meta":[],"product_brand":[],"product_cat":[86],"product_tag":[],"class_list":{"0":"post-1653","1":"product","2":"type-product","3":"status-publish","4":"has-post-thumbnail","6":"product_cat-pmdc-mini","7":"product_shipping_class-kurier-390","9":"first","10":"instock","11":"taxable","12":"shipping-taxable","13":"purchasable","14":"product-type-simple"},"_links":{"self":[{"href":"https:\/\/shop.steel-containers.com\/pl\/wp-json\/wp\/v2\/product\/1653","targetHints":{"allow":["GET"]}}],"collection":[{"href":"https:\/\/shop.steel-containers.com\/pl\/wp-json\/wp\/v2\/product"}],"about":[{"href":"https:\/\/shop.steel-containers.com\/pl\/wp-json\/wp\/v2\/types\/product"}],"replies":[{"embeddable":true,"href":"https:\/\/shop.steel-containers.com\/pl\/wp-json\/wp\/v2\/comments?post=1653"}],"wp:featuredmedia":[{"embeddable":true,"href":"https:\/\/shop.steel-containers.com\/pl\/wp-json\/wp\/v2\/media\/561"}],"wp:attachment":[{"href":"https:\/\/shop.steel-containers.com\/pl\/wp-json\/wp\/v2\/media?parent=1653"}],"wp:term":[{"taxonomy":"product_brand","embeddable":true,"href":"https:\/\/shop.steel-containers.com\/pl\/wp-json\/wp\/v2\/product_brand?post=1653"},{"taxonomy":"product_cat","embeddable":true,"href":"https:\/\/shop.steel-containers.com\/pl\/wp-json\/wp\/v2\/product_cat?post=1653"},{"taxonomy":"product_tag","embeddable":true,"href":"https:\/\/shop.steel-containers.com\/pl\/wp-json\/wp\/v2\/product_tag?post=1653"}],"curies":[{"name":"wp","href":"https:\/\/api.w.org\/{rel}","templated":true}]}}