{"id":1654,"date":"2026-01-22T09:33:59","date_gmt":"2026-01-22T08:33:59","guid":{"rendered":"https:\/\/shop.steel-containers.com\/?post_type=product&#038;p=1654"},"modified":"2026-03-25T13:54:09","modified_gmt":"2026-03-25T12:54:09","slug":"stojak-na-kamien-tpm","status":"publish","type":"product","link":"https:\/\/shop.steel-containers.com\/pl\/produkt\/stojak-na-kamien-tpm\/","title":{"rendered":"Stojak na kamie\u0144 TPM"},"content":{"rendered":"<p>Stojak na kamie\u0144 TPM to solidna konstrukcja s\u0142u\u017c\u0105c do magazynowania p\u0142yt kamiennych. Sk\u0142ada si\u0119 z 2\u00f3ch d\u0142ugich na 3000 mm szyn stalowych. W ka\u017cdej z nich znajduje si\u0119 41 otwor\u00f3w. S\u0142u\u017c\u0105 do montowania s\u0142upk\u00f3w, kt\u00f3rych w komplecie znajduje si\u0119 a\u017c 16 szt. Wszystkie wykonane s\u0105 z profila 60x60x3 i maj\u0105 po 1500 mm wysoko\u015bci. Dodatkowym atutem jest wychylanie si\u0119 podp\u00f3r pod niewielkim k\u0105tem wraz ze sk\u0142adowanym towarem. Podpieraj\u0105 w ten spos\u00f3b ca\u0142\u0105 powierzchni\u0119 p\u0142yt co minimalizuje ryzyko p\u0119kania p\u0142yt lub ich odkszta\u0142cania. Ca\u0142o\u015b\u0107 element\u00f3w jest zabezpieczona antykorozyjnie w procesie cynkowania ogniowego co zapewnia trwa\u0142o\u015b\u0107 i d\u0142ugoletnie u\u017cytkowanie.<\/p>\n","protected":false},"excerpt":{"rendered":"<p>Stojak na kamie\u0144 TPM<\/p>\n","protected":false},"featured_media":564,"comment_status":"open","ping_status":"closed","template":"","meta":[],"product_brand":[],"product_cat":[71],"product_tag":[],"class_list":{"0":"post-1654","1":"product","2":"type-product","3":"status-publish","4":"has-post-thumbnail","6":"product_cat-stojaki-magazynowe","7":"product_shipping_class-kurier-690","9":"first","10":"instock","11":"taxable","12":"shipping-taxable","13":"purchasable","14":"product-type-simple"},"_links":{"self":[{"href":"https:\/\/shop.steel-containers.com\/pl\/wp-json\/wp\/v2\/product\/1654","targetHints":{"allow":["GET"]}}],"collection":[{"href":"https:\/\/shop.steel-containers.com\/pl\/wp-json\/wp\/v2\/product"}],"about":[{"href":"https:\/\/shop.steel-containers.com\/pl\/wp-json\/wp\/v2\/types\/product"}],"replies":[{"embeddable":true,"href":"https:\/\/shop.steel-containers.com\/pl\/wp-json\/wp\/v2\/comments?post=1654"}],"wp:featuredmedia":[{"embeddable":true,"href":"https:\/\/shop.steel-containers.com\/pl\/wp-json\/wp\/v2\/media\/564"}],"wp:attachment":[{"href":"https:\/\/shop.steel-containers.com\/pl\/wp-json\/wp\/v2\/media?parent=1654"}],"wp:term":[{"taxonomy":"product_brand","embeddable":true,"href":"https:\/\/shop.steel-containers.com\/pl\/wp-json\/wp\/v2\/product_brand?post=1654"},{"taxonomy":"product_cat","embeddable":true,"href":"https:\/\/shop.steel-containers.com\/pl\/wp-json\/wp\/v2\/product_cat?post=1654"},{"taxonomy":"product_tag","embeddable":true,"href":"https:\/\/shop.steel-containers.com\/pl\/wp-json\/wp\/v2\/product_tag?post=1654"}],"curies":[{"name":"wp","href":"https:\/\/api.w.org\/{rel}","templated":true}]}}