{"id":1656,"date":"2026-01-22T09:34:00","date_gmt":"2026-01-22T08:34:00","guid":{"rendered":"https:\/\/shop.steel-containers.com\/?post_type=product&#038;p=1656"},"modified":"2026-02-26T14:32:24","modified_gmt":"2026-02-26T13:32:24","slug":"skrzynia-skladana-pmpf","status":"publish","type":"product","link":"https:\/\/shop.steel-containers.com\/pl\/produkt\/skrzynia-skladana-pmpf\/","title":{"rendered":"Skrzynia sk\u0142adana PMPF"},"content":{"rendered":"<p data-path-to-node=\"12\" data-rm-block-id=\"block-1\"><b data-path-to-node=\"12\" data-index-in-node=\"0\">Skrzynia sk\u0142adana<\/b> model PMPF to kompaktowy, ale niezwykle wytrzyma\u0142y pojemnik stalowy, zaprojektowany z my\u015bl\u0105 o elastycznej logistyce i oszcz\u0119dno\u015bci miejsca. Konstrukcja zbiornika oparta jest na wysokiej jako\u015bci blasze o grubo\u015bci 1,5 mm w cz\u0119\u015bci \u0142adunkowej oraz wzmocnionej podstawie o grubo\u015bci 2 mm. Dodatkowo \u015bciany boczne zosta\u0142y usztywnione specjalnymi profilami, co nadaje ca\u0142o\u015bci wysok\u0105 odporno\u015b\u0107 na odkszta\u0142cenia i uszkodzenia mechaniczne, nawet przy intensywnej eksploatacji przemys\u0142owej.<\/p>\n<h2 data-path-to-node=\"13\" data-rm-block-id=\"block-2\">Oszcz\u0119dno\u015b\u0107 miejsca i logistyka zwrotna<\/h2>\n<p data-path-to-node=\"14\" data-rm-block-id=\"block-3\">Kluczowym atutem tego modelu jest praktyczny system sk\u0142adania \u015bcian. Gdy <b data-path-to-node=\"14\" data-index-in-node=\"73\">skrzynia sk\u0142adana<\/b> nie jest u\u017cywana lub wraca &#8222;na pusto&#8221; w transporcie, mo\u017cna j\u0105 szybko z\u0142o\u017cy\u0107, drastycznie redukuj\u0105c jej obj\u0119to\u015b\u0107. Rozwi\u0105zanie to pozwala na efektywne zarz\u0105dzanie przestrzeni\u0105 magazynow\u0105 oraz \u0142adunkow\u0105 pojazd\u00f3w. Z\u0142o\u017cone pojemniki s\u0105 przystosowane do bezpiecznego pi\u0119trowania (sztaplowania) w stosy o wysoko\u015bci do 6 sztuk, co jest idealnym rozwi\u0105zaniem dla firm dbaj\u0105cych o optymalizacj\u0119 koszt\u00f3w.<\/p>\n<h2 data-path-to-node=\"15\" data-rm-block-id=\"block-4\">Transport i ochrona antykorozyjna<\/h2>\n<p data-path-to-node=\"16\" data-rm-block-id=\"block-5\">W podstawie kontenera zamontowano solidne n\u00f3\u017cki, kt\u00f3re umo\u017cliwiaj\u0105 stabilny i bezpieczny transport przy pomocy w\u00f3zk\u00f3w wid\u0142owych. Produkt zosta\u0142 wyko\u0144czony z dba\u0142o\u015bci\u0105 o detale \u2013 powierzchnia metalu jest pokryta podk\u0142adem antykorozyjnym oraz nawierzchniow\u0105 farb\u0105 poliuretanow\u0105 w p\u00f3\u0142macie. Taka pow\u0142oka skutecznie chroni stal przed warunkami atmosferycznymi i rdz\u0105, umo\u017cliwiaj\u0105c u\u017cytkowanie pojemnik\u00f3w r\u00f3wnie\u017c na zewn\u0105trz. G\u0142adka struktura lakieru u\u0142atwia tak\u017ce czyszczenie i utrzymanie higieny wewn\u0105trz skrzyni.<\/p>\n","protected":false},"excerpt":{"rendered":"<p>Niewielka, stalowa <b data-path-to-node=\"9\" data-index-in-node=\"19\">skrzynia sk\u0142adana<\/b> PMPF o wzmocnionej konstrukcji. Wykonana z blachy 1,5 mm (boki) i 2 mm (podstawa). Posiada funkcj\u0119 sk\u0142adania na p\u0142asko, mo\u017cliwo\u015b\u0107 pi\u0119trowania pustych pojemnik\u00f3w do 6 sztuk oraz solidne zabezpieczenie antykorozyjne do u\u017cytku zewn\u0119trznego.<\/p>\n","protected":false},"featured_media":571,"comment_status":"open","ping_status":"closed","template":"","meta":[],"product_brand":[],"product_cat":[475],"product_tag":[],"class_list":{"0":"post-1656","1":"product","2":"type-product","3":"status-publish","4":"has-post-thumbnail","6":"product_cat-pmpf","7":"product_shipping_class-kurier-390","9":"first","10":"instock","11":"taxable","12":"shipping-taxable","13":"purchasable","14":"product-type-simple"},"_links":{"self":[{"href":"https:\/\/shop.steel-containers.com\/pl\/wp-json\/wp\/v2\/product\/1656","targetHints":{"allow":["GET"]}}],"collection":[{"href":"https:\/\/shop.steel-containers.com\/pl\/wp-json\/wp\/v2\/product"}],"about":[{"href":"https:\/\/shop.steel-containers.com\/pl\/wp-json\/wp\/v2\/types\/product"}],"replies":[{"embeddable":true,"href":"https:\/\/shop.steel-containers.com\/pl\/wp-json\/wp\/v2\/comments?post=1656"}],"wp:featuredmedia":[{"embeddable":true,"href":"https:\/\/shop.steel-containers.com\/pl\/wp-json\/wp\/v2\/media\/571"}],"wp:attachment":[{"href":"https:\/\/shop.steel-containers.com\/pl\/wp-json\/wp\/v2\/media?parent=1656"}],"wp:term":[{"taxonomy":"product_brand","embeddable":true,"href":"https:\/\/shop.steel-containers.com\/pl\/wp-json\/wp\/v2\/product_brand?post=1656"},{"taxonomy":"product_cat","embeddable":true,"href":"https:\/\/shop.steel-containers.com\/pl\/wp-json\/wp\/v2\/product_cat?post=1656"},{"taxonomy":"product_tag","embeddable":true,"href":"https:\/\/shop.steel-containers.com\/pl\/wp-json\/wp\/v2\/product_tag?post=1656"}],"curies":[{"name":"wp","href":"https:\/\/api.w.org\/{rel}","templated":true}]}}