{"id":1657,"date":"2026-01-22T09:34:00","date_gmt":"2026-01-22T08:34:00","guid":{"rendered":"https:\/\/shop.steel-containers.com\/?post_type=product&#038;p=1657"},"modified":"2026-02-27T12:25:36","modified_gmt":"2026-02-27T11:25:36","slug":"paleta-stalowa-manurak-maly","status":"publish","type":"product","link":"https:\/\/shop.steel-containers.com\/pl\/produkt\/paleta-stalowa-manurak-maly\/","title":{"rendered":"Paleta stalowa Manurak ma\u0142y"},"content":{"rendered":"<p><span style=\"font-family: 'din-next-w01-light', 'din-next-w02-light', 'din-next-w10-light', sans-serif; font-size: 16px;\">Manurak to paleta stalowa przystosowania do transportu przez w\u00f3zki wid\u0142owe. Zbudowane s\u0105 z profili zamkni\u0119tych. Jest bardzo solidna i trwa\u0142a. W podstawie znajduj\u0105 si\u0119 uchwyty transportowe dzi\u0119ki kt\u00f3rym no\u015bnik nie przesuwa si\u0119 podczas transportu. W podstawie znajduj\u0105 si\u0119 okr\u0105g\u0142e n\u00f3\u017cki, w g\u00f3rnej cz\u0119\u015bci za\u015b otwory, kt\u00f3re s\u0105 przystosowane do rur stalowych. Poprzez ich dodanie palety mo\u017cna pi\u0119trowa\u0107 jedna na drugiej i \u0142atwy i szybki spos\u00f3b zmieni\u0107 palety w rega\u0142 sk\u0142adany. Konstrukcja jest idealnym rozwi\u0105zaniem dla optymalizacji miejsca w halach produkcyjnych czy magazynach. Zapewnia lepsze wykorzystanie przestrzeni, identyfikacj\u0119 produktu i u\u0142atwia dost\u0119p do niego. Zalety manuraka to prosta obs\u0142uga, \u0142atwy monta\u017c i demonta\u017c bez u\u017cycia narz\u0119dzi, du\u017ca no\u015bno\u015b\u0107 i oszcz\u0119dno\u015b\u0107 miejsca podczas przechowywania w wersji z\u0142o\u017conej. Palety mo\u017cna stosowa\u0107 tak\u017ce w przewozie r\u00f3\u017cnych towar\u00f3w. Ca\u0142o\u015b\u0107 zosta\u0142a wyko\u0144czona farb\u0105 poliuretanow\u0105, kt\u00f3ra stanowi ochron\u0119 antykorozyjn\u0105.<\/span><\/p>\n","protected":false},"excerpt":{"rendered":"<p><strong>Do transportu i magazynowania<\/strong><\/p>\n","protected":false},"featured_media":576,"comment_status":"open","ping_status":"closed","template":"","meta":[],"product_brand":[],"product_cat":[501],"product_tag":[],"class_list":{"0":"post-1657","1":"product","2":"type-product","3":"status-publish","4":"has-post-thumbnail","6":"product_cat-palety-slupkowe-manuraki","7":"product_shipping_class-kurier-450","9":"first","10":"instock","11":"taxable","12":"shipping-taxable","13":"purchasable","14":"product-type-simple"},"_links":{"self":[{"href":"https:\/\/shop.steel-containers.com\/pl\/wp-json\/wp\/v2\/product\/1657","targetHints":{"allow":["GET"]}}],"collection":[{"href":"https:\/\/shop.steel-containers.com\/pl\/wp-json\/wp\/v2\/product"}],"about":[{"href":"https:\/\/shop.steel-containers.com\/pl\/wp-json\/wp\/v2\/types\/product"}],"replies":[{"embeddable":true,"href":"https:\/\/shop.steel-containers.com\/pl\/wp-json\/wp\/v2\/comments?post=1657"}],"wp:featuredmedia":[{"embeddable":true,"href":"https:\/\/shop.steel-containers.com\/pl\/wp-json\/wp\/v2\/media\/576"}],"wp:attachment":[{"href":"https:\/\/shop.steel-containers.com\/pl\/wp-json\/wp\/v2\/media?parent=1657"}],"wp:term":[{"taxonomy":"product_brand","embeddable":true,"href":"https:\/\/shop.steel-containers.com\/pl\/wp-json\/wp\/v2\/product_brand?post=1657"},{"taxonomy":"product_cat","embeddable":true,"href":"https:\/\/shop.steel-containers.com\/pl\/wp-json\/wp\/v2\/product_cat?post=1657"},{"taxonomy":"product_tag","embeddable":true,"href":"https:\/\/shop.steel-containers.com\/pl\/wp-json\/wp\/v2\/product_tag?post=1657"}],"curies":[{"name":"wp","href":"https:\/\/api.w.org\/{rel}","templated":true}]}}