{"id":1692,"date":"2026-01-22T09:34:17","date_gmt":"2026-01-22T08:34:17","guid":{"rendered":"https:\/\/shop.steel-containers.com\/?post_type=product&#038;p=1692"},"modified":"2026-01-30T12:56:08","modified_gmt":"2026-01-30T11:56:08","slug":"wanna-wychwytowa-jonesco-250-l-na-2-beczki","status":"publish","type":"product","link":"https:\/\/shop.steel-containers.com\/pl\/produkt\/wanna-wychwytowa-jonesco-250-l-na-2-beczki\/","title":{"rendered":"Wanna wychwytowa Jonesco 250 l na 2 beczki"},"content":{"rendered":"<p data-start=\"0\" data-end=\"354\">Wykonana z bardzo trwa\u0142ego i odpornego na chemikalia polietylenu, paleta wychwytowa zapewnia niezawodn\u0105 ochron\u0119 przed wyciekami substancji niebezpiecznych. Doskonale sprawdza si\u0119 do sk\u0142adowania beczek i pojemnik\u00f3w z olejami oraz chemikaliami, r\u00f3wnie\u017c o wysokiej agresywno\u015bci, i jest przystosowana do intensywnej eksploatacji w \u015brodowiskach przemys\u0142owych.<\/p>\n<p data-start=\"356\" data-end=\"810\">Wanna spe\u0142nia wymagania obowi\u0105zuj\u0105cych dyrektyw europejskich dotycz\u0105cych palet (wanien) wychwytowych i przeznaczona jest do sta\u0142ego wychwytywania wyciek\u00f3w z beczek i pojemnik\u00f3w magazynowanych wewn\u0105trz budynk\u00f3w. Solidna, samoustawiaj\u0105ca si\u0119 kratownica jest stabilna, nieprzesuwna i \u0142atwa do demonta\u017cu, co u\u0142atwia czyszczenie i konserwacj\u0119. Odpowiednie wymiary oraz pojemno\u015b\u0107 wychwytowa spe\u0142niaj\u0105 rygorystyczne normy zak\u0142adowe w zakresie kontroli wyciek\u00f3w.<\/p>\n<p data-start=\"812\" data-end=\"982\">Konstrukcja palety umo\u017cliwia bezpieczny transport przy u\u017cyciu w\u00f3zka wid\u0142owego. Czarny kolor skutecznie maskuje zabrudzenia i wp\u0142ywa na estetyczny wygl\u0105d stanowiska pracy.<\/p>\n<p data-start=\"984\" data-end=\"1159\"><strong data-start=\"984\" data-end=\"1009\">Parametry techniczne:<\/strong><br data-start=\"1009\" data-end=\"1012\" \/>Wymiary (D \u00d7 S \u00d7 W): 1300 \u00d7 750 \u00d7 440 mm<br data-start=\"1052\" data-end=\"1055\" \/>Pojemno\u015b\u0107 wychwytowa: 250 l<br data-start=\"1082\" data-end=\"1085\" \/>No\u015bno\u015b\u0107: 650 kg<br data-start=\"1100\" data-end=\"1103\" \/>Magazynowanie: 2 \u00d7 200 l<br data-start=\"1127\" data-end=\"1130\" \/>Waga: 20 kg<br data-start=\"1141\" data-end=\"1144\" \/>Kolor: czarny<\/p>\n","protected":false},"excerpt":{"rendered":"<p><strong>Wanna wychwytowa<\/strong><\/p>\n","protected":false},"featured_media":696,"comment_status":"open","ping_status":"closed","template":"","meta":[],"product_brand":[],"product_cat":[100],"product_tag":[],"class_list":{"0":"post-1692","1":"product","2":"type-product","3":"status-publish","4":"has-post-thumbnail","6":"product_cat-wanny-wychwytowe-polietylenowe","7":"product_shipping_class-kurier-450","9":"first","10":"instock","11":"taxable","12":"shipping-taxable","13":"purchasable","14":"product-type-simple"},"_links":{"self":[{"href":"https:\/\/shop.steel-containers.com\/pl\/wp-json\/wp\/v2\/product\/1692","targetHints":{"allow":["GET"]}}],"collection":[{"href":"https:\/\/shop.steel-containers.com\/pl\/wp-json\/wp\/v2\/product"}],"about":[{"href":"https:\/\/shop.steel-containers.com\/pl\/wp-json\/wp\/v2\/types\/product"}],"replies":[{"embeddable":true,"href":"https:\/\/shop.steel-containers.com\/pl\/wp-json\/wp\/v2\/comments?post=1692"}],"wp:featuredmedia":[{"embeddable":true,"href":"https:\/\/shop.steel-containers.com\/pl\/wp-json\/wp\/v2\/media\/696"}],"wp:attachment":[{"href":"https:\/\/shop.steel-containers.com\/pl\/wp-json\/wp\/v2\/media?parent=1692"}],"wp:term":[{"taxonomy":"product_brand","embeddable":true,"href":"https:\/\/shop.steel-containers.com\/pl\/wp-json\/wp\/v2\/product_brand?post=1692"},{"taxonomy":"product_cat","embeddable":true,"href":"https:\/\/shop.steel-containers.com\/pl\/wp-json\/wp\/v2\/product_cat?post=1692"},{"taxonomy":"product_tag","embeddable":true,"href":"https:\/\/shop.steel-containers.com\/pl\/wp-json\/wp\/v2\/product_tag?post=1692"}],"curies":[{"name":"wp","href":"https:\/\/api.w.org\/{rel}","templated":true}]}}