{"id":1696,"date":"2026-01-22T09:34:17","date_gmt":"2026-01-22T08:34:17","guid":{"rendered":"https:\/\/shop.steel-containers.com\/?post_type=product&#038;p=1696"},"modified":"2026-03-16T13:51:15","modified_gmt":"2026-03-16T12:51:15","slug":"wanna-wychwytowa-justrite-low-na-1-beczke","status":"publish","type":"product","link":"https:\/\/shop.steel-containers.com\/pl\/produkt\/wanna-wychwytowa-justrite-low-na-1-beczke\/","title":{"rendered":"Wanna wychwytowa Justrite LOW na 1 beczk\u0119"},"content":{"rendered":"<p data-start=\"0\" data-end=\"360\">Wykonana z bardzo trwa\u0142ego i odpornego na chemikalia polietylenu, w 100% pochodz\u0105cego z surowc\u00f3w wt\u00f3rnych, skutecznie wspiera ochron\u0119 \u015brodowiska. Wanna wychwytowa zapobiega skutkom niekontrolowanych wyciek\u00f3w substancji niebezpiecznych, a jednocze\u015bnie umo\u017cliwia zagospodarowanie materia\u0142\u00f3w z recyklingu, kt\u00f3re w innym przypadku mog\u0142yby zanieczyszcza\u0107 otoczenie.<\/p>\n<p data-start=\"362\" data-end=\"637\">Doskonale nadaje si\u0119 do sk\u0142adowania akumulator\u00f3w oraz beczek i pojemnik\u00f3w z olejami i chemikaliami, r\u00f3wnie\u017c tymi najbardziej agresywnymi. Mo\u017ce by\u0107 stosowana zar\u00f3wno do sta\u0142ego wychwytywania wyciek\u00f3w, jak i jako bezpieczne stanowisko do dozowania p\u0142yn\u00f3w z beczek i pojemnik\u00f3w.<\/p>\n<p data-start=\"639\" data-end=\"1086\">Opcjonalne zaciski \u0142\u0105cz\u0105ce (28926) pozwalaj\u0105 na stabilne po\u0142\u0105czenie modu\u0142\u00f3w palet (wanien) w jedn\u0105 platform\u0119 robocz\u0105. W celu zwi\u0119kszenia ca\u0142kowitej pojemno\u015bci wychwytowej dost\u0119pny jest zestaw przelewowy (28927), umo\u017cliwiaj\u0105cy wzajemne po\u0142\u0105czenie modu\u0142\u00f3w. Opcjonalna rampa podjazdowa (28650), mocowana za pomoc\u0105 zaczep\u00f3w i o niewielkim k\u0105cie nachylenia, u\u0142atwia bezpieczne ustawianie i zdejmowanie ci\u0119\u017ckich beczek przy u\u017cyciu w\u00f3zk\u00f3w transportowych.<\/p>\n<p data-start=\"1088\" data-end=\"1456\">Antypo\u015blizgowe \u017cebrowanie rampy oraz powierzchni roboczej zapewnia wysoki poziom bezpiecze\u0144stwa u\u017cytkowania. Czarny kolor maskuje zabrudzenia i wp\u0142ywa na estetyczny wygl\u0105d stanowiska pracy. Solidna, samoustawiaj\u0105ca si\u0119 kratownica o grubo\u015bci 64 mm jest stabilna, nieprzesuwna i \u0142atwa do demonta\u017cu w celu czyszczenia. Produkt posiada \u201ezielony\u201d certyfikat UL Environment.<\/p>\n<p data-start=\"1458\" data-end=\"1630\"><strong data-start=\"1458\" data-end=\"1483\">Parametry techniczne:<\/strong><br data-start=\"1483\" data-end=\"1486\" \/>Wymiary (D \u00d7 S \u00d7 W): 635 \u00d7 635 \u00d7 140 mm<br data-start=\"1525\" data-end=\"1528\" \/>Pojemno\u015b\u0107 wychwytowa: 45 l<br data-start=\"1554\" data-end=\"1557\" \/>No\u015bno\u015b\u0107: 567 kg<br data-start=\"1572\" data-end=\"1575\" \/>Magazynowanie: 1 \u00d7 200 l<br data-start=\"1599\" data-end=\"1602\" \/>Waga: 8 kg<br data-start=\"1612\" data-end=\"1615\" \/>Kolor: czarny<\/p>\n","protected":false},"excerpt":{"rendered":"<p><strong>Wanna wychwytowa<\/strong><\/p>\n","protected":false},"featured_media":700,"comment_status":"open","ping_status":"closed","template":"","meta":[],"product_brand":[],"product_cat":[100],"product_tag":[],"class_list":{"0":"post-1696","1":"product","2":"type-product","3":"status-publish","4":"has-post-thumbnail","6":"product_cat-wanny-wychwytowe-polietylenowe","7":"product_shipping_class-kurier-450","9":"first","10":"instock","11":"taxable","12":"shipping-taxable","13":"purchasable","14":"product-type-simple"},"_links":{"self":[{"href":"https:\/\/shop.steel-containers.com\/pl\/wp-json\/wp\/v2\/product\/1696","targetHints":{"allow":["GET"]}}],"collection":[{"href":"https:\/\/shop.steel-containers.com\/pl\/wp-json\/wp\/v2\/product"}],"about":[{"href":"https:\/\/shop.steel-containers.com\/pl\/wp-json\/wp\/v2\/types\/product"}],"replies":[{"embeddable":true,"href":"https:\/\/shop.steel-containers.com\/pl\/wp-json\/wp\/v2\/comments?post=1696"}],"wp:featuredmedia":[{"embeddable":true,"href":"https:\/\/shop.steel-containers.com\/pl\/wp-json\/wp\/v2\/media\/700"}],"wp:attachment":[{"href":"https:\/\/shop.steel-containers.com\/pl\/wp-json\/wp\/v2\/media?parent=1696"}],"wp:term":[{"taxonomy":"product_brand","embeddable":true,"href":"https:\/\/shop.steel-containers.com\/pl\/wp-json\/wp\/v2\/product_brand?post=1696"},{"taxonomy":"product_cat","embeddable":true,"href":"https:\/\/shop.steel-containers.com\/pl\/wp-json\/wp\/v2\/product_cat?post=1696"},{"taxonomy":"product_tag","embeddable":true,"href":"https:\/\/shop.steel-containers.com\/pl\/wp-json\/wp\/v2\/product_tag?post=1696"}],"curies":[{"name":"wp","href":"https:\/\/api.w.org\/{rel}","templated":true}]}}