{"id":1697,"date":"2026-01-22T09:34:18","date_gmt":"2026-01-22T08:34:18","guid":{"rendered":"https:\/\/shop.steel-containers.com\/?post_type=product&#038;p=1697"},"modified":"2026-03-16T13:46:53","modified_gmt":"2026-03-16T12:46:53","slug":"wanna-wychwytowa-justrite-low-na-2-beczki","status":"publish","type":"product","link":"https:\/\/shop.steel-containers.com\/pl\/produkt\/wanna-wychwytowa-justrite-low-na-2-beczki\/","title":{"rendered":"Wanna wychwytowa Justrite LOW na 2 beczki"},"content":{"rendered":"<p data-start=\"0\" data-end=\"370\">Wykonana z wyj\u0105tkowo trwa\u0142ego i odpornego na chemikalia polietylenu, w 100% pochodz\u0105cego z surowc\u00f3w wt\u00f3rnych, skutecznie \u0142\u0105czy wysok\u0105 wytrzyma\u0142o\u015b\u0107 z trosk\u0105 o \u015brodowisko. Chroni przed skutkami niekontrolowanych wyciek\u00f3w substancji niebezpiecznych, a jednocze\u015bnie wspiera ponowne wykorzystanie odpad\u00f3w surowcowych, kt\u00f3re w innym przypadku mog\u0142yby zanieczyszcza\u0107 otoczenie.<\/p>\n<p data-start=\"372\" data-end=\"660\">Wanna wychwytowa doskonale sprawdza si\u0119 do sk\u0142adowania akumulator\u00f3w, beczek oraz pojemnik\u00f3w z olejami i chemikaliami, r\u00f3wnie\u017c o wysokiej agresywno\u015bci. Mo\u017ce by\u0107 stosowana zar\u00f3wno do sta\u0142ego wychwytywania wyciek\u00f3w, jak i jako bezpieczne stanowisko do dozowania p\u0142yn\u00f3w z beczek i pojemnik\u00f3w.<\/p>\n<p data-start=\"662\" data-end=\"1142\">Opcjonalne zaciski \u0142\u0105cz\u0105ce (28926) umo\u017cliwiaj\u0105 stabilne po\u0142\u0105czenie modu\u0142\u00f3w palet (wanien) w jedn\u0105, wsp\u00f3ln\u0105 platform\u0119 robocz\u0105. W przypadku potrzeby zwi\u0119kszenia ca\u0142kowitej pojemno\u015bci wychwytowej dost\u0119pny jest zestaw przelewowy (28927), pozwalaj\u0105cy na wzajemne po\u0142\u0105czenie modu\u0142\u00f3w. Dodatkowo opcjonalna rampa podjazdowa (28650), mocowana za pomoc\u0105 zaczep\u00f3w i o niewielkim k\u0105cie nachylenia, u\u0142atwia bezpieczne ustawianie i zdejmowanie ci\u0119\u017ckich beczek przy u\u017cyciu w\u00f3zk\u00f3w transportowych.<\/p>\n<p data-start=\"1144\" data-end=\"1534\">Antypo\u015blizgowe \u017cebrowanie rampy oraz powierzchni roboczej zwi\u0119ksza bezpiecze\u0144stwo u\u017cytkowania. Czarny kolor skutecznie maskuje zabrudzenia, dzi\u0119ki czemu stanowisko pracy zachowuje estetyczny wygl\u0105d. Solidna, samoustawiaj\u0105ca si\u0119 kratownica o grubo\u015bci 64 mm jest stabilna, nieprzesuwna i \u0142atwa do demonta\u017cu w celu czyszczenia. Produkt posiada \u201ezielony\u201d certyfikat wydany przez UL Environment.<\/p>\n<p data-start=\"1536\" data-end=\"1711\"><strong data-start=\"1536\" data-end=\"1561\">Parametry techniczne:<\/strong><br data-start=\"1561\" data-end=\"1564\" \/>Wymiary (D \u00d7 S \u00d7 W): 1245 \u00d7 635 \u00d7 140 mm<br data-start=\"1604\" data-end=\"1607\" \/>Pojemno\u015b\u0107 wychwytowa: 90 l<br data-start=\"1633\" data-end=\"1636\" \/>No\u015bno\u015b\u0107: 1134 kg<br data-start=\"1652\" data-end=\"1655\" \/>Magazynowanie: 2 \u00d7 200 l<br data-start=\"1679\" data-end=\"1682\" \/>Waga: 15 kg<br data-start=\"1693\" data-end=\"1696\" \/>Kolor: czarny<\/p>\n","protected":false},"excerpt":{"rendered":"<p><strong>Wanna wychwytowa<\/strong><\/p>\n","protected":false},"featured_media":701,"comment_status":"open","ping_status":"closed","template":"","meta":[],"product_brand":[],"product_cat":[100],"product_tag":[],"class_list":{"0":"post-1697","1":"product","2":"type-product","3":"status-publish","4":"has-post-thumbnail","6":"product_cat-wanny-wychwytowe-polietylenowe","7":"product_shipping_class-kurier-200","9":"first","10":"instock","11":"taxable","12":"shipping-taxable","13":"purchasable","14":"product-type-simple"},"_links":{"self":[{"href":"https:\/\/shop.steel-containers.com\/pl\/wp-json\/wp\/v2\/product\/1697","targetHints":{"allow":["GET"]}}],"collection":[{"href":"https:\/\/shop.steel-containers.com\/pl\/wp-json\/wp\/v2\/product"}],"about":[{"href":"https:\/\/shop.steel-containers.com\/pl\/wp-json\/wp\/v2\/types\/product"}],"replies":[{"embeddable":true,"href":"https:\/\/shop.steel-containers.com\/pl\/wp-json\/wp\/v2\/comments?post=1697"}],"wp:featuredmedia":[{"embeddable":true,"href":"https:\/\/shop.steel-containers.com\/pl\/wp-json\/wp\/v2\/media\/701"}],"wp:attachment":[{"href":"https:\/\/shop.steel-containers.com\/pl\/wp-json\/wp\/v2\/media?parent=1697"}],"wp:term":[{"taxonomy":"product_brand","embeddable":true,"href":"https:\/\/shop.steel-containers.com\/pl\/wp-json\/wp\/v2\/product_brand?post=1697"},{"taxonomy":"product_cat","embeddable":true,"href":"https:\/\/shop.steel-containers.com\/pl\/wp-json\/wp\/v2\/product_cat?post=1697"},{"taxonomy":"product_tag","embeddable":true,"href":"https:\/\/shop.steel-containers.com\/pl\/wp-json\/wp\/v2\/product_tag?post=1697"}],"curies":[{"name":"wp","href":"https:\/\/api.w.org\/{rel}","templated":true}]}}