{"id":1698,"date":"2026-01-22T09:34:18","date_gmt":"2026-01-22T08:34:18","guid":{"rendered":"https:\/\/shop.steel-containers.com\/?post_type=product&#038;p=1698"},"modified":"2026-01-29T14:21:11","modified_gmt":"2026-01-29T13:21:11","slug":"wanna-wychwytowa-justrite-low-na-4-beczki","status":"publish","type":"product","link":"https:\/\/shop.steel-containers.com\/pl\/produkt\/wanna-wychwytowa-justrite-low-na-4-beczki\/","title":{"rendered":"Wanna wychwytowa Justrite LOW na 4 beczki"},"content":{"rendered":"<p data-start=\"0\" data-end=\"369\">Wykonana z wyj\u0105tkowo trwa\u0142ego i odpornego na dzia\u0142anie chemikali\u00f3w polietylenu, w 100% pochodz\u0105cego z recyklingu, skutecznie \u0142\u0105czy wysok\u0105 funkcjonalno\u015b\u0107 z trosk\u0105 o \u015brodowisko. Chroni przed skutkami niekontrolowanych wyciek\u00f3w substancji niebezpiecznych, a jednocze\u015bnie wspiera zagospodarowanie surowc\u00f3w wt\u00f3rnych, kt\u00f3re w innym przypadku mog\u0142yby zanieczyszcza\u0107 otoczenie.<\/p>\n<p data-start=\"371\" data-end=\"678\">Wanna wychwytowa doskonale sprawdza si\u0119 przy sk\u0142adowaniu akumulator\u00f3w, beczek oraz pojemnik\u00f3w z olejami i chemikaliami, w tym tak\u017ce substancjami o wysokiej agresywno\u015bci. Mo\u017ce by\u0107 stosowana zar\u00f3wno do sta\u0142ego wychwytywania wyciek\u00f3w, jak i jako bezpieczne stanowisko do dozowania p\u0142yn\u00f3w z beczek i pojemnik\u00f3w.<\/p>\n<p data-start=\"680\" data-end=\"1167\">Opcjonalne zaciski \u0142\u0105cz\u0105ce (28926) umo\u017cliwiaj\u0105 stabilne po\u0142\u0105czenie kilku modu\u0142\u00f3w w jedn\u0105, wsp\u00f3ln\u0105 platform\u0119 robocz\u0105. W przypadku potrzeby zwi\u0119kszenia ca\u0142kowitej pojemno\u015bci wychwytowej dost\u0119pny jest zestaw przelewowy (28927), pozwalaj\u0105cy na wzajemne po\u0142\u0105czenie modu\u0142\u00f3w. Dodatkowo, opcjonalna rampa podjazdowa (28650), mocowana za pomoc\u0105 zaczep\u00f3w i charakteryzuj\u0105ca si\u0119 niewielkim k\u0105tem nachylenia, znacz\u0105co u\u0142atwia za\u0142adunek i roz\u0142adunek ci\u0119\u017ckich beczek przy u\u017cyciu w\u00f3zk\u00f3w transportowych.<\/p>\n<p data-start=\"1169\" data-end=\"1503\">Antypo\u015blizgowe \u017cebrowanie rampy oraz powierzchni roboczej zapewnia bezpieczn\u0105 i komfortow\u0105 eksploatacj\u0119. Czarny kolor skutecznie maskuje zabrudzenia, dzi\u0119ki czemu stanowisko pracy zachowuje estetyczny wygl\u0105d. Solidna, samoustawiaj\u0105ca si\u0119 kratownica o grubo\u015bci 64 mm jest stabilna, nieprzesuwna i \u0142atwa do demonta\u017cu w celu czyszczenia.<\/p>\n<p data-start=\"1505\" data-end=\"1581\">Produkt posiada certyfikat \u015brodowiskowy \u201eGreen\u201d wydany przez UL Environment.<\/p>\n<p data-start=\"1583\" data-end=\"1760\"><strong data-start=\"1583\" data-end=\"1608\">Parametry techniczne:<\/strong><br data-start=\"1608\" data-end=\"1611\" \/>Wymiary (D \u00d7 S \u00d7 W): 1245 \u00d7 1245 \u00d7 140 mm<br data-start=\"1652\" data-end=\"1655\" \/>Pojemno\u015b\u0107 wychwytowa: 185 l<br data-start=\"1682\" data-end=\"1685\" \/>No\u015bno\u015b\u0107: 2268 kg<br data-start=\"1701\" data-end=\"1704\" \/>Magazynowanie: 4 \u00d7 200 l<br data-start=\"1728\" data-end=\"1731\" \/>Waga: 28 kg<br data-start=\"1742\" data-end=\"1745\" \/>Kolor: czarny<\/p>\n","protected":false},"excerpt":{"rendered":"<p><strong>Wanna wychwytowa<\/strong><\/p>\n","protected":false},"featured_media":702,"comment_status":"open","ping_status":"closed","template":"","meta":[],"product_brand":[],"product_cat":[100],"product_tag":[],"class_list":{"0":"post-1698","1":"product","2":"type-product","3":"status-publish","4":"has-post-thumbnail","6":"product_cat-wanny-wychwytowe-polietylenowe","7":"product_shipping_class-kurier-450","9":"first","10":"instock","11":"taxable","12":"shipping-taxable","13":"purchasable","14":"product-type-simple"},"_links":{"self":[{"href":"https:\/\/shop.steel-containers.com\/pl\/wp-json\/wp\/v2\/product\/1698","targetHints":{"allow":["GET"]}}],"collection":[{"href":"https:\/\/shop.steel-containers.com\/pl\/wp-json\/wp\/v2\/product"}],"about":[{"href":"https:\/\/shop.steel-containers.com\/pl\/wp-json\/wp\/v2\/types\/product"}],"replies":[{"embeddable":true,"href":"https:\/\/shop.steel-containers.com\/pl\/wp-json\/wp\/v2\/comments?post=1698"}],"wp:featuredmedia":[{"embeddable":true,"href":"https:\/\/shop.steel-containers.com\/pl\/wp-json\/wp\/v2\/media\/702"}],"wp:attachment":[{"href":"https:\/\/shop.steel-containers.com\/pl\/wp-json\/wp\/v2\/media?parent=1698"}],"wp:term":[{"taxonomy":"product_brand","embeddable":true,"href":"https:\/\/shop.steel-containers.com\/pl\/wp-json\/wp\/v2\/product_brand?post=1698"},{"taxonomy":"product_cat","embeddable":true,"href":"https:\/\/shop.steel-containers.com\/pl\/wp-json\/wp\/v2\/product_cat?post=1698"},{"taxonomy":"product_tag","embeddable":true,"href":"https:\/\/shop.steel-containers.com\/pl\/wp-json\/wp\/v2\/product_tag?post=1698"}],"curies":[{"name":"wp","href":"https:\/\/api.w.org\/{rel}","templated":true}]}}