{"id":1699,"date":"2026-01-22T09:34:18","date_gmt":"2026-01-22T08:34:18","guid":{"rendered":"https:\/\/shop.steel-containers.com\/?post_type=product&#038;p=1699"},"modified":"2026-03-16T13:47:27","modified_gmt":"2026-03-16T12:47:27","slug":"rampa-podjazdowa-do-modulow-platform-roboczych","status":"publish","type":"product","link":"https:\/\/shop.steel-containers.com\/pl\/produkt\/rampa-podjazdowa-do-modulow-platform-roboczych\/","title":{"rendered":"Rampa podjazdowa do modu\u0142\u00f3w platform roboczych"},"content":{"rendered":"<p data-start=\"0\" data-end=\"447\">Wykonana z bardzo trwa\u0142ego polietylenu odpornego na dzia\u0142anie chemikali\u00f3w, w 100% pochodz\u0105cego z recyklingu. Rampa montowana jest do modu\u0142u za pomoc\u0105 solidnych zaczep\u00f3w, a jej niewielki k\u0105t nachylenia u\u0142atwia bezpieczne ustawianie oraz zdejmowanie ci\u0119\u017ckich beczek przy u\u017cyciu w\u00f3zk\u00f3w transportowych. Antypo\u015blizgowe \u017cebrowanie zwi\u0119ksza stabilno\u015b\u0107 i bezpiecze\u0144stwo podczas transportu beczek i pojemnik\u00f3w w zastosowaniach przemys\u0142owych i magazynowych.<\/p>\n<p data-start=\"449\" data-end=\"469\"><strong data-start=\"449\" data-end=\"469\">Dane techniczne:<\/strong><\/p>\n<ul data-start=\"470\" data-end=\"582\">\n<li data-start=\"470\" data-end=\"518\">\n<p data-start=\"472\" data-end=\"518\"><strong data-start=\"472\" data-end=\"496\">Wymiary (D \u00d7 S \u00d7 W):<\/strong> 1219 \u00d7 838 \u00d7 159 mm<\/p>\n<\/li>\n<li data-start=\"519\" data-end=\"538\">\n<p data-start=\"521\" data-end=\"538\"><strong data-start=\"521\" data-end=\"530\">Waga:<\/strong> 19 kg<\/p>\n<\/li>\n<li data-start=\"539\" data-end=\"562\">\n<p data-start=\"541\" data-end=\"562\"><strong data-start=\"541\" data-end=\"553\">No\u015bno\u015b\u0107:<\/strong> 455 kg<\/p>\n<\/li>\n<li data-start=\"563\" data-end=\"582\">\n<p data-start=\"565\" data-end=\"582\"><strong data-start=\"565\" data-end=\"575\">Kolor:<\/strong> czarny<\/p>\n<\/li>\n<\/ul>\n","protected":false},"excerpt":{"rendered":"<p><strong>Wanna wychwytowa<\/strong><\/p>\n","protected":false},"featured_media":703,"comment_status":"open","ping_status":"closed","template":"","meta":[],"product_brand":[],"product_cat":[100],"product_tag":[],"class_list":{"0":"post-1699","1":"product","2":"type-product","3":"status-publish","4":"has-post-thumbnail","6":"product_cat-wanny-wychwytowe-polietylenowe","7":"product_shipping_class-kurier-200","9":"first","10":"instock","11":"taxable","12":"shipping-taxable","13":"purchasable","14":"product-type-simple"},"_links":{"self":[{"href":"https:\/\/shop.steel-containers.com\/pl\/wp-json\/wp\/v2\/product\/1699","targetHints":{"allow":["GET"]}}],"collection":[{"href":"https:\/\/shop.steel-containers.com\/pl\/wp-json\/wp\/v2\/product"}],"about":[{"href":"https:\/\/shop.steel-containers.com\/pl\/wp-json\/wp\/v2\/types\/product"}],"replies":[{"embeddable":true,"href":"https:\/\/shop.steel-containers.com\/pl\/wp-json\/wp\/v2\/comments?post=1699"}],"wp:featuredmedia":[{"embeddable":true,"href":"https:\/\/shop.steel-containers.com\/pl\/wp-json\/wp\/v2\/media\/703"}],"wp:attachment":[{"href":"https:\/\/shop.steel-containers.com\/pl\/wp-json\/wp\/v2\/media?parent=1699"}],"wp:term":[{"taxonomy":"product_brand","embeddable":true,"href":"https:\/\/shop.steel-containers.com\/pl\/wp-json\/wp\/v2\/product_brand?post=1699"},{"taxonomy":"product_cat","embeddable":true,"href":"https:\/\/shop.steel-containers.com\/pl\/wp-json\/wp\/v2\/product_cat?post=1699"},{"taxonomy":"product_tag","embeddable":true,"href":"https:\/\/shop.steel-containers.com\/pl\/wp-json\/wp\/v2\/product_tag?post=1699"}],"curies":[{"name":"wp","href":"https:\/\/api.w.org\/{rel}","templated":true}]}}