{"id":1700,"date":"2026-01-22T09:34:18","date_gmt":"2026-01-22T08:34:18","guid":{"rendered":"https:\/\/shop.steel-containers.com\/?post_type=product&#038;p=1700"},"modified":"2026-03-16T13:48:08","modified_gmt":"2026-03-16T12:48:08","slug":"stanowisko-robocze-250-l-na-4-beczki-lub-1-ibc-z-wanna-wychwytowa","status":"publish","type":"product","link":"https:\/\/shop.steel-containers.com\/pl\/produkt\/stanowisko-robocze-250-l-na-4-beczki-lub-1-ibc-z-wanna-wychwytowa\/","title":{"rendered":"Stanowisko robocze 250 l na 4 beczki lub 1 IBC z wann\u0105 wychwytow\u0105"},"content":{"rendered":"<p data-start=\"0\" data-end=\"325\">Trwa\u0142y kontener magazynowy z polietylenu, odporny na chemikalia oraz niekorzystne warunki atmosferyczne, przeznaczony do bezpiecznego sk\u0142adowania beczek i zbiornik\u00f3w IBC. Konstrukcja skutecznie minimalizuje ryzyko wyciek\u00f3w substancji niebezpiecznych i zapewnia zgodno\u015b\u0107 z wymaganiami bezpiecze\u0144stwa oraz ochrony \u015brodowiska.<\/p>\n<p data-start=\"327\" data-end=\"632\">Kontener mie\u015bci do <strong data-start=\"346\" data-end=\"377\">4 beczek o pojemno\u015bci 200 l<\/strong> lub <strong data-start=\"382\" data-end=\"407\">1 zbiornik IBC 1000 l<\/strong> i wyposa\u017cony jest w zintegrowan\u0105 <strong data-start=\"441\" data-end=\"491\">wann\u0119 wychwytow\u0105 o pojemno\u015bci 250 l (SJ100007)<\/strong>, kt\u00f3ra zbiera wszelkie przypadkowe wycieki. Dostarczany w p\u0142askich paczkach, co znacz\u0105co u\u0142atwia transport i magazynowanie przed monta\u017cem.<\/p>\n<p data-start=\"634\" data-end=\"1049\">Dwustronne otwieranie za pomoc\u0105 <strong data-start=\"666\" data-end=\"721\">dw\u00f3ch wytrzyma\u0142ych, \u017cebrowanych \u017caluzji przesuwnych<\/strong> umo\u017cliwia wygodny dost\u0119p do wn\u0119trza (otwieranie tylko z jednej strony jednocze\u015bnie). Du\u017ca przestrze\u0144 robocza nad beczkami pozwala na monta\u017c pomp lub lejk\u00f3w. Po z\u0142o\u017ceniu kontener tworzy <strong data-start=\"907\" data-end=\"938\">sztywn\u0105, zwart\u0105 konstrukcj\u0119<\/strong>, zintegrowan\u0105 z palet\u0105 wychwytow\u0105, z mo\u017cliwo\u015bci\u0105 podnoszenia pustego kontenera w\u00f3zkiem wid\u0142owym z obu stron.<\/p>\n<p data-start=\"1051\" data-end=\"1441\">Wanna ociekowa pe\u0142ni\u0105ca funkcj\u0119 pod\u0142ogi stanowiska roboczego zosta\u0142a wyposa\u017cona w <strong data-start=\"1133\" data-end=\"1194\">samoustawiaj\u0105c\u0105, stabiln\u0105 i \u0142atwo demontowaln\u0105 kratownic\u0119<\/strong>. Szerokie wej\u015bcie u\u0142atwia ustawianie beczek na paletach, a <strong data-start=\"1254\" data-end=\"1300\">cztery wn\u0119ki monta\u017cowe w bocznych \u015bcianach<\/strong> umo\u017cliwiaj\u0105 trwa\u0142e przymocowanie kontenera do pod\u0142o\u017ca. Produkt doskonale sprawdza si\u0119 jako <strong data-start=\"1392\" data-end=\"1438\">zewn\u0119trzne stanowisko robocze i magazynowe<\/strong>.<\/p>\n<p data-start=\"1443\" data-end=\"1465\"><strong data-start=\"1443\" data-end=\"1463\">Dane techniczne:<\/strong><\/p>\n<ul data-start=\"1466\" data-end=\"1696\">\n<li data-start=\"1466\" data-end=\"1516\">\n<p data-start=\"1468\" data-end=\"1516\">wymiary (D \u00d7 S \u00d7 W): <strong data-start=\"1489\" data-end=\"1514\">2100 \u00d7 1565 \u00d7 1620 mm<\/strong><\/p>\n<\/li>\n<li data-start=\"1517\" data-end=\"1537\">\n<p data-start=\"1519\" data-end=\"1537\">waga: <strong data-start=\"1525\" data-end=\"1535\">147 kg<\/strong><\/p>\n<\/li>\n<li data-start=\"1538\" data-end=\"1607\">\n<p data-start=\"1540\" data-end=\"1607\">pojemno\u015b\u0107 sk\u0142adowania: <strong data-start=\"1563\" data-end=\"1605\">4 \u00d7 200 l (pionowo) lub 1 \u00d7 1000 l IBC<\/strong><\/p>\n<\/li>\n<li data-start=\"1608\" data-end=\"1632\">\n<p data-start=\"1610\" data-end=\"1632\">no\u015bno\u015b\u0107: <strong data-start=\"1619\" data-end=\"1630\">1250 kg<\/strong><\/p>\n<\/li>\n<li data-start=\"1633\" data-end=\"1668\">\n<p data-start=\"1635\" data-end=\"1668\">pojemno\u015b\u0107 wychwytowa: <strong data-start=\"1657\" data-end=\"1666\">250 l<\/strong><\/p>\n<\/li>\n<li data-start=\"1669\" data-end=\"1696\">\n<p data-start=\"1671\" data-end=\"1696\">kolor: <strong data-start=\"1678\" data-end=\"1694\">\u017c\u00f3\u0142to-czarny<\/strong><\/p>\n<\/li>\n<\/ul>\n<p data-start=\"1698\" data-end=\"1825\">Idealne rozwi\u0105zanie do bezpiecznego magazynowania beczek i IBC w zak\u0142adach przemys\u0142owych, magazynach oraz na zewn\u0105trz obiekt\u00f3w.<\/p>\n","protected":false},"excerpt":{"rendered":"<p><strong>Wanna wychwytowa<\/strong><\/p>\n","protected":false},"featured_media":704,"comment_status":"open","ping_status":"closed","template":"","meta":[],"product_brand":[],"product_cat":[100],"product_tag":[],"class_list":{"0":"post-1700","1":"product","2":"type-product","3":"status-publish","4":"has-post-thumbnail","6":"product_cat-wanny-wychwytowe-polietylenowe","7":"product_shipping_class-kurier-690","9":"first","10":"instock","11":"taxable","12":"shipping-taxable","13":"purchasable","14":"product-type-simple"},"_links":{"self":[{"href":"https:\/\/shop.steel-containers.com\/pl\/wp-json\/wp\/v2\/product\/1700","targetHints":{"allow":["GET"]}}],"collection":[{"href":"https:\/\/shop.steel-containers.com\/pl\/wp-json\/wp\/v2\/product"}],"about":[{"href":"https:\/\/shop.steel-containers.com\/pl\/wp-json\/wp\/v2\/types\/product"}],"replies":[{"embeddable":true,"href":"https:\/\/shop.steel-containers.com\/pl\/wp-json\/wp\/v2\/comments?post=1700"}],"wp:featuredmedia":[{"embeddable":true,"href":"https:\/\/shop.steel-containers.com\/pl\/wp-json\/wp\/v2\/media\/704"}],"wp:attachment":[{"href":"https:\/\/shop.steel-containers.com\/pl\/wp-json\/wp\/v2\/media?parent=1700"}],"wp:term":[{"taxonomy":"product_brand","embeddable":true,"href":"https:\/\/shop.steel-containers.com\/pl\/wp-json\/wp\/v2\/product_brand?post=1700"},{"taxonomy":"product_cat","embeddable":true,"href":"https:\/\/shop.steel-containers.com\/pl\/wp-json\/wp\/v2\/product_cat?post=1700"},{"taxonomy":"product_tag","embeddable":true,"href":"https:\/\/shop.steel-containers.com\/pl\/wp-json\/wp\/v2\/product_tag?post=1700"}],"curies":[{"name":"wp","href":"https:\/\/api.w.org\/{rel}","templated":true}]}}