{"id":1710,"date":"2026-01-22T09:34:20","date_gmt":"2026-01-22T08:34:20","guid":{"rendered":"https:\/\/shop.steel-containers.com\/?post_type=product&#038;p=1710"},"modified":"2026-01-29T11:28:50","modified_gmt":"2026-01-29T10:28:50","slug":"fork-wozek-podnosnikowy-polelektryczny-gp20-25","status":"publish","type":"product","link":"https:\/\/shop.steel-containers.com\/pl\/produkt\/fork-wozek-podnosnikowy-polelektryczny-gp20-25\/","title":{"rendered":"FORK W\u00f3zek podno\u015bnikowy p\u00f3\u0142elektryczny GP20-25"},"content":{"rendered":"<p>W\u00f3zki p\u00f3\u0142elektryczne to praktyczne i wydajne w\u00f3zki do transportu materia\u0142\u00f3w, kt\u00f3re \u0142\u0105cz\u0105 w sobie zalety operacji elektrycznych i r\u0119cznych. Maszyny te zapewniaj\u0105 szybkie i \u0142atwe podnoszenie, przenoszenie i opuszczanie \u0142adunk\u00f3w, zmniejszaj\u0105c obci\u0105\u017cenie fizyczne operatora. Dzi\u0119ki r\u0119cznemu sterowaniu wio\u015blarzy s\u0105 \u0142atwe w manewrowaniu i przystosowane do r\u00f3\u017cnych potrzeb pracy.<\/p>\n<p>W\u00f3zki p\u00f3\u0142elektryczne maj\u0105 szerokie zastosowanie, mo\u017cna je stosowa\u0107 w magazynach, fabrykach, sklepach i innych miejsca pracy wymagaj\u0105ce przenoszenia \u0142adunk\u00f3w. Te w\u00f3zki podno\u015bnikowe mo\u017cna przystosowa\u0107 i oferuj\u0105 r\u00f3\u017cnorodne funkcje umo\u017cliwiaj\u0105ce wydajn\u0105 obs\u0142ug\u0119 zada\u0144 zwi\u0105zanych z prze\u0142adunkiem \u0142adunku.<\/p>\n<p>Dzi\u0119ki dzia\u0142aniu p\u00f3\u0142elektrycznemu te w\u00f3zki podno\u015bnikowe optymalizuj\u0105 proces pracy, zwi\u0119kszaj\u0105c produktywno\u015b\u0107 i zmniejszaj\u0105c zm\u0119czenie pracownika. Dzi\u0119ki ergonomicznej konstrukcji i funkcjom bezpiecze\u0144stwa s\u0105 to niezb\u0119dne narz\u0119dzia do wydajnego i bezpiecznego transportu materia\u0142\u00f3w w miejscu pracy.<\/p>\n<p><strong>P\u00f3\u0142elektryczny w\u00f3zek podno\u015bnikowy GP20-25:<\/strong><\/p>\n<ul>\n<li><strong>No\u015bno\u015b\u0107<\/strong>&#8211; 2000kg;<\/li>\n<li><strong>Wysoko\u015b\u0107 podnoszenia<\/strong> &#8211; 2500mm;<\/li>\n<li><strong>Wysoko\u015b\u0107<\/strong> &#8211; 3035mm;<\/li>\n<li>Bezpieczne parkowanie w ka\u017cdej sytuacji dzi\u0119ki <strong>mechanicznemu hamulcowi postojowemu;<\/strong><\/li>\n<li><strong>Solidny chromowany t\u0142ok;<\/strong><\/li>\n<li><strong>Regulowany \u0142a\u0144cuch podnosz\u0105cy;<\/strong><\/li>\n<li><strong>Mocny silnik podnosz\u0105cy <\/strong>1,5 kW.<\/li>\n<\/ul>\n","protected":false},"excerpt":{"rendered":"<p>GP20-25<\/p>\n","protected":false},"featured_media":737,"comment_status":"open","ping_status":"closed","template":"","meta":[],"product_brand":[],"product_cat":[104],"product_tag":[],"class_list":{"0":"post-1710","1":"product","2":"type-product","3":"status-publish","4":"has-post-thumbnail","6":"product_cat-wozki-platformowe","7":"product_shipping_class-kurier-450","9":"first","10":"instock","11":"taxable","12":"shipping-taxable","13":"purchasable","14":"product-type-simple"},"_links":{"self":[{"href":"https:\/\/shop.steel-containers.com\/pl\/wp-json\/wp\/v2\/product\/1710","targetHints":{"allow":["GET"]}}],"collection":[{"href":"https:\/\/shop.steel-containers.com\/pl\/wp-json\/wp\/v2\/product"}],"about":[{"href":"https:\/\/shop.steel-containers.com\/pl\/wp-json\/wp\/v2\/types\/product"}],"replies":[{"embeddable":true,"href":"https:\/\/shop.steel-containers.com\/pl\/wp-json\/wp\/v2\/comments?post=1710"}],"wp:featuredmedia":[{"embeddable":true,"href":"https:\/\/shop.steel-containers.com\/pl\/wp-json\/wp\/v2\/media\/737"}],"wp:attachment":[{"href":"https:\/\/shop.steel-containers.com\/pl\/wp-json\/wp\/v2\/media?parent=1710"}],"wp:term":[{"taxonomy":"product_brand","embeddable":true,"href":"https:\/\/shop.steel-containers.com\/pl\/wp-json\/wp\/v2\/product_brand?post=1710"},{"taxonomy":"product_cat","embeddable":true,"href":"https:\/\/shop.steel-containers.com\/pl\/wp-json\/wp\/v2\/product_cat?post=1710"},{"taxonomy":"product_tag","embeddable":true,"href":"https:\/\/shop.steel-containers.com\/pl\/wp-json\/wp\/v2\/product_tag?post=1710"}],"curies":[{"name":"wp","href":"https:\/\/api.w.org\/{rel}","templated":true}]}}