{"id":1712,"date":"2026-01-22T09:34:20","date_gmt":"2026-01-22T08:34:20","guid":{"rendered":"https:\/\/shop.steel-containers.com\/?post_type=product&#038;p=1712"},"modified":"2026-01-22T09:34:28","modified_gmt":"2026-01-22T08:34:28","slug":"fork-wozek-paletowy-z-waga-i-drukarka-spr-25","status":"publish","type":"product","link":"https:\/\/shop.steel-containers.com\/pl\/produkt\/fork-wozek-paletowy-z-waga-i-drukarka-spr-25\/","title":{"rendered":"FORK W\u00f3zek paletowy z wag\u0105 i drukark\u0105 SPR 25"},"content":{"rendered":"<p>W\u00f3zki paletowe FORK s\u0105 dost\u0119pne w szerokiej gamie typ\u00f3w i specyfikacji. W\u00f3zki paletowe wykonane s\u0105 z wysokiej jako\u015bci surowc\u00f3w, kt\u00f3re zapewniaj\u0105 d\u0142ug\u0105 \u017cywotno\u015b\u0107 i niskie koszty utrzymania ka\u017cdego elementu maszyny.<\/p>\n<p>Zautomatyzowana produkcja w\u00f3zk\u00f3w paletowych zapewnia wysok\u0105 jako\u015b\u0107 wszystkich cz\u0119\u015bci. Zaawansowane i nowoczesne technologie zastosowane w procesie produkcyjnym sprawiaj\u0105, \u017ce w\u00f3zki paletowe FORK s\u0105 niezawodnymi pomocnikami dla ka\u017cdego u\u017cytkownika.<\/p>\n<p>W\u00f3zki paletowe to jedno z najpopularniejszych na \u015bwiecie rozwi\u0105za\u0144 do obs\u0142ugi palet, prosty, a zarazem wszechstronny spos\u00f3b przemieszczania si\u0119, organizuj i umieszczaj towary w swoim magazynie. Ergonomiczna konstrukcja w\u00f3zka paletowego zapewnia mo\u017cliwo\u015b\u0107 sprawnego przemieszczania bardzo ci\u0119\u017ckich i du\u017cych obiekt\u00f3w przy mniejszym wysi\u0142ku fizycznym i ogranicza zapotrzebowanie na du\u017c\u0105 kadr\u0119.<\/p>\n<p><strong>W\u00f3zek paletowy z wag\u0105 SPR25:<\/strong><\/p>\n<ul>\n<li><strong>Opcja drukarki &#8211; wbudowana drukarka z bogatym formatem druku i protoko\u0142em komunikacyjnym.<\/strong><\/li>\n<li>Wska\u017anik elektroniczny z <strong>6-cyfrowym 32 mm wysoki czerwony wy\u015bwietlacz LED;<\/strong><\/li>\n<li>Cztery czujniki wagowe zapewniaj\u0105 dok\u0142adne <strong>odczyty w kg lub funtach;<\/strong><\/li>\n<li>Dobrze zaprojektowana konstrukcja &#8211; <strong>standard szeroko\u015b\u0107 wide\u0142<\/strong> 540\/680 mm (nie 570\/700 mm);<\/li>\n<li>Wytrzyma\u0142e widelce wykonane ze stali o grubo\u015bci <strong>4 mm;<\/strong><\/li>\n<li>Niski profil &#8211; Minimalna wysoko\u015b\u0107 wide\u0142 78 mm;<\/li>\n<li>Akumulator wewn\u0119trzny o d\u0142ugiej \u017cywotno\u015bci \u2013 akumulator 6V\/4Ah, <strong>40 godzin pracy.<\/strong><\/li>\n<\/ul>\n<p><strong>Precyzyjny, wielofunkcyjny ekran LED:<\/strong><\/p>\n<ul>\n<li>7 klawiszy funkcyjnych, prosta i wygodna obs\u0142uga;<\/li>\n<li>7 lampek kontrolnych stanu;<\/li>\n<li>D\u0142uga \u017cywotno\u015b\u0107 i odporno\u015b\u0107 na uderzenia;<\/li>\n<li>Automatyczna ochrona ekranu i funkcja oszcz\u0119dzania energii automatycznego wy\u0142\u0105czania.<\/li>\n<\/ul>\n","protected":false},"excerpt":{"rendered":"<p>SPR25P<\/p>\n","protected":false},"featured_media":741,"comment_status":"open","ping_status":"closed","template":"","meta":[],"product_brand":[],"product_cat":[105],"product_tag":[],"class_list":{"0":"post-1712","1":"product","2":"type-product","3":"status-publish","4":"has-post-thumbnail","6":"product_cat-wozki-paletowe","7":"product_shipping_class-kurier-450","9":"first","10":"instock","11":"taxable","12":"shipping-taxable","13":"purchasable","14":"product-type-simple"},"_links":{"self":[{"href":"https:\/\/shop.steel-containers.com\/pl\/wp-json\/wp\/v2\/product\/1712","targetHints":{"allow":["GET"]}}],"collection":[{"href":"https:\/\/shop.steel-containers.com\/pl\/wp-json\/wp\/v2\/product"}],"about":[{"href":"https:\/\/shop.steel-containers.com\/pl\/wp-json\/wp\/v2\/types\/product"}],"replies":[{"embeddable":true,"href":"https:\/\/shop.steel-containers.com\/pl\/wp-json\/wp\/v2\/comments?post=1712"}],"wp:featuredmedia":[{"embeddable":true,"href":"https:\/\/shop.steel-containers.com\/pl\/wp-json\/wp\/v2\/media\/741"}],"wp:attachment":[{"href":"https:\/\/shop.steel-containers.com\/pl\/wp-json\/wp\/v2\/media?parent=1712"}],"wp:term":[{"taxonomy":"product_brand","embeddable":true,"href":"https:\/\/shop.steel-containers.com\/pl\/wp-json\/wp\/v2\/product_brand?post=1712"},{"taxonomy":"product_cat","embeddable":true,"href":"https:\/\/shop.steel-containers.com\/pl\/wp-json\/wp\/v2\/product_cat?post=1712"},{"taxonomy":"product_tag","embeddable":true,"href":"https:\/\/shop.steel-containers.com\/pl\/wp-json\/wp\/v2\/product_tag?post=1712"}],"curies":[{"name":"wp","href":"https:\/\/api.w.org\/{rel}","templated":true}]}}