{"id":1714,"date":"2026-01-22T09:34:30","date_gmt":"2026-01-22T08:34:30","guid":{"rendered":"https:\/\/shop.steel-containers.com\/?post_type=product&#038;p=1714"},"modified":"2026-03-16T13:36:29","modified_gmt":"2026-03-16T12:36:29","slug":"fork-wozek-paletowy-nozycowy-prs15d","status":"publish","type":"product","link":"https:\/\/shop.steel-containers.com\/pl\/produkt\/fork-wozek-paletowy-nozycowy-prs15d\/","title":{"rendered":"FORK W\u00f3zek paletowy no\u017cycowy PRS15D"},"content":{"rendered":"<p>Przeci\u0105\u017cenie ka\u017cdego pracownika w magazynach, kt\u00f3re wi\u0105\u017ce si\u0119 z cz\u0119stym podnoszeniem, odk\u0142adaniem lub przenoszeniem ci\u0119\u017ckich rzeczy, ma znacz\u0105cy wp\u0142yw na zdrowie personelu. W takich sytuacjach doskona\u0142ym wyborem s\u0105 hydrauliczne podno\u015bniki no\u017cycowe i w\u00f3zki paletowe z oferty GUMI. Szeroki zakres ud\u017awig\u00f3w i wysoko\u015bci podnoszenia gwarantuje, \u017ce ka\u017cdy klient znajdzie produkt najbardziej odpowiedni do jego potrzeb. W\u00f3zek no\u017cycowy mo\u017ce by\u0107 u\u017cywany zar\u00f3wno jako r\u0119czny w\u00f3zek paletowy, jak i jako platforma podnosz\u0105ca, st\u00f3\u0142 do pakowania, a nawet st\u00f3\u0142 warsztatowy.<\/p>\n<p>Konstrukcja w\u00f3zka no\u017cycowego z podno\u015bnikiem do przeno\u015bnik\u00f3w za\u0142adunkowych i roz\u0142adunkowych, pras podaj\u0105cych lub innych zastosowa\u0144, kt\u00f3re wymagaj\u0105 wymagaj\u0105 przenoszenia i pozycjonowania palet lub pojemnik\u00f3w z materia\u0142ami.<\/p>\n<p><strong>W\u00f3zek no\u017cycowy do palet GUMI PRS15D:<\/strong><\/p>\n<ul>\n<li><strong>No\u015bno\u015b\u0107<\/strong>&#8211; 1500kg;<\/li>\n<li><strong>Wysoko\u015b\u0107 podnoszenia<\/strong>&#8211; 800mm;<\/li>\n<li>Wyposa\u017cony w <strong>funkcj\u0119 szybkiego podnoszenia;<\/strong><\/li>\n<li><strong>Podw\u00f3jna pr\u0119dko\u015b\u0107 podnoszenia <\/strong>dla \u0142adunk\u00f3w l\u017cejszych ni\u017c 200 kg;<\/li>\n<li><strong>Z zaworem nadmiarowym ci\u015bnienia i zaworem przeci\u0105\u017ceniowym<\/strong>, aby zapobiec uszkodzeniu pompy, gdy \u0142adunek przekracza limit masy;<\/li>\n<li><strong>Zamkni\u0119te ko\u0144c\u00f3wki wide\u0142 i wzmocniona rama widelca<\/strong> zapewniaj\u0105 d\u0142ug\u0105 \u017cywotno\u015b\u0107.<\/li>\n<\/ul>\n","protected":false},"excerpt":{"rendered":"<p>PRS15D<\/p>\n","protected":false},"featured_media":742,"comment_status":"open","ping_status":"closed","template":"","meta":[],"product_brand":[],"product_cat":[105],"product_tag":[],"class_list":{"0":"post-1714","1":"product","2":"type-product","3":"status-publish","4":"has-post-thumbnail","6":"product_cat-wozki-paletowe","7":"product_shipping_class-kurier-450","9":"first","10":"instock","11":"taxable","12":"shipping-taxable","13":"purchasable","14":"product-type-simple"},"_links":{"self":[{"href":"https:\/\/shop.steel-containers.com\/pl\/wp-json\/wp\/v2\/product\/1714","targetHints":{"allow":["GET"]}}],"collection":[{"href":"https:\/\/shop.steel-containers.com\/pl\/wp-json\/wp\/v2\/product"}],"about":[{"href":"https:\/\/shop.steel-containers.com\/pl\/wp-json\/wp\/v2\/types\/product"}],"replies":[{"embeddable":true,"href":"https:\/\/shop.steel-containers.com\/pl\/wp-json\/wp\/v2\/comments?post=1714"}],"wp:featuredmedia":[{"embeddable":true,"href":"https:\/\/shop.steel-containers.com\/pl\/wp-json\/wp\/v2\/media\/742"}],"wp:attachment":[{"href":"https:\/\/shop.steel-containers.com\/pl\/wp-json\/wp\/v2\/media?parent=1714"}],"wp:term":[{"taxonomy":"product_brand","embeddable":true,"href":"https:\/\/shop.steel-containers.com\/pl\/wp-json\/wp\/v2\/product_brand?post=1714"},{"taxonomy":"product_cat","embeddable":true,"href":"https:\/\/shop.steel-containers.com\/pl\/wp-json\/wp\/v2\/product_cat?post=1714"},{"taxonomy":"product_tag","embeddable":true,"href":"https:\/\/shop.steel-containers.com\/pl\/wp-json\/wp\/v2\/product_tag?post=1714"}],"curies":[{"name":"wp","href":"https:\/\/api.w.org\/{rel}","templated":true}]}}