{"id":1715,"date":"2026-01-22T09:34:30","date_gmt":"2026-01-22T08:34:30","guid":{"rendered":"https:\/\/shop.steel-containers.com\/?post_type=product&#038;p=1715"},"modified":"2026-03-16T13:36:53","modified_gmt":"2026-03-16T12:36:53","slug":"fork-wozek-paletowy-reczny-paleciak-pr25","status":"publish","type":"product","link":"https:\/\/shop.steel-containers.com\/pl\/produkt\/fork-wozek-paletowy-reczny-paleciak-pr25\/","title":{"rendered":"FORK W\u00f3zek paletowy r\u0119czny Paleciak PR25"},"content":{"rendered":"<p>Standardowy r\u0119czny w\u00f3zek paletowy jest prostym, wydajnym i niezb\u0119dnym narz\u0119dziem do stosowania w r\u00f3\u017cnych ga\u0142\u0119ziach przemys\u0142u i miejscach pracy. W\u00f3zki te s\u0105 przeznaczone do przemieszczania i podnoszenia palet z towarami przy u\u017cyciu si\u0142y ludzkiej i hydraulicznych mechanizm\u00f3w podnosz\u0105cych. S\u0105 \u0142atwe w prowadzeniu i manewrowaniu oraz zapewniaj\u0105 bezpieczny i wydajny spos\u00f3b przemieszczania \u0142adunk\u00f3w w magazynach, fabrykach i innych lokalizacjach. Standardowe r\u0119czne w\u00f3zki paletowe s\u0105 trwa\u0142e i mo\u017cna je dostosowa\u0107 do r\u00f3\u017cnych potrzeb i zada\u0144. S\u0105 cz\u0119sto u\u017cywane jako podstawowy wyb\u00f3r do transportu materia\u0142\u00f3w, poniewa\u017c oferuj\u0105 dobr\u0105 wydajno\u015b\u0107 w przyst\u0119pnej i op\u0142acalnej cenie. W\u00f3zki te s\u0105 niezb\u0119dne na wielu stanowiskach pracy, gdzie konieczne jest przemieszczanie i sk\u0142adowanie \u0142adunku, s\u0105 tak\u017ce niezb\u0119dnym narz\u0119dziem do sprawnej organizacji proces\u00f3w pracy.<\/p>\n<p><strong>R\u0119czny w\u00f3zek paletowy standardowy PR25:<\/strong><\/p>\n<ul>\n<li><strong>Ud\u017awig<\/strong> &#8211; 2500kg;<\/li>\n<li>Wyposa\u017cony w <strong>wysokiej jako\u015bci i \u0142atw\u0105 w utrzymaniu pomp\u0119<\/strong> ;<\/li>\n<li><strong>Ma\u0142y korpus pompy z mo\u017cliwo\u015bci\u0105 demonta\u017cu <\/strong> \u2013 je\u015bli wyst\u0105pi jakakolwiek usterka w ma\u0142ej pompie, mo\u017cna j\u0105 naprawi\u0107, wymieniaj\u0105c tylko j\u0105, a nie ca\u0142y zesp\u00f3\u0142 pompy;<\/li>\n<li><strong>Wysokiej jako\u015bci spr\u0119\u017cyna<\/strong> zapewnia d\u0142ug\u0105 \u017cywotno\u015b\u0107;<\/li>\n<li>Dobrze zaprojektowany otw\u00f3r na ko\u0142o \u0142aduj\u0105ce (lepsza ochrona ko\u0142a, popychacza, wide\u0142ek ko\u0142a itp.) .);<\/li>\n<li><strong>Wytrzyma\u0142a konstrukcja podwozia<\/strong> zapewniaj\u0105ca stabilno\u015b\u0107 i niezawodno\u015b\u0107;<\/li>\n<li>Unikalna konstrukcja widelca \u2013 widelce z rowkami, dziurkowane ci\u0119\u017ckim dociskiem, znacznie mocniejsze ni\u017c normalne wid\u0142y p\u0142askie;<\/li>\n<li><strong>Regulowana konstrukcja popychacza<\/strong> \u2013 w przypadku u\u017cywania w\u00f3zka paletowego d\u0142u\u017cej ni\u017c rok, w przypadku tej konstrukcji oba wid\u0142y mog\u0105 nie znajdowa\u0107 si\u0119 na tym samym poziomie, nadal mo\u017cna go \u0142atwo regulowa\u0107;<\/li>\n<li>Standardowe usztywnienie pod widelcami;<\/li>\n<li><strong>Mo\u017cliwo\u015b\u0107 zastosowania r\u00f3\u017cnych materia\u0142\u00f3w pow\u0142okowych<\/strong> zar\u00f3wno dla rolek kierownicy, jak i widelca;<\/li>\n<li>Niezawodna jako\u015b\u0107 rolek \u0142aduj\u0105cych i prowadz\u0105cych;<\/li>\n<li>Dobrej jako\u015bci ko\u0142a i \u0142o\u017cyska.<\/li>\n<\/ul>\n","protected":false},"excerpt":{"rendered":"<p>PR25<\/p>\n","protected":false},"featured_media":743,"comment_status":"open","ping_status":"closed","template":"","meta":[],"product_brand":[],"product_cat":[105],"product_tag":[],"class_list":{"0":"post-1715","1":"product","2":"type-product","3":"status-publish","4":"has-post-thumbnail","6":"product_cat-wozki-paletowe","7":"product_shipping_class-kurier-450","9":"first","10":"instock","11":"taxable","12":"shipping-taxable","13":"purchasable","14":"product-type-simple"},"_links":{"self":[{"href":"https:\/\/shop.steel-containers.com\/pl\/wp-json\/wp\/v2\/product\/1715","targetHints":{"allow":["GET"]}}],"collection":[{"href":"https:\/\/shop.steel-containers.com\/pl\/wp-json\/wp\/v2\/product"}],"about":[{"href":"https:\/\/shop.steel-containers.com\/pl\/wp-json\/wp\/v2\/types\/product"}],"replies":[{"embeddable":true,"href":"https:\/\/shop.steel-containers.com\/pl\/wp-json\/wp\/v2\/comments?post=1715"}],"wp:featuredmedia":[{"embeddable":true,"href":"https:\/\/shop.steel-containers.com\/pl\/wp-json\/wp\/v2\/media\/743"}],"wp:attachment":[{"href":"https:\/\/shop.steel-containers.com\/pl\/wp-json\/wp\/v2\/media?parent=1715"}],"wp:term":[{"taxonomy":"product_brand","embeddable":true,"href":"https:\/\/shop.steel-containers.com\/pl\/wp-json\/wp\/v2\/product_brand?post=1715"},{"taxonomy":"product_cat","embeddable":true,"href":"https:\/\/shop.steel-containers.com\/pl\/wp-json\/wp\/v2\/product_cat?post=1715"},{"taxonomy":"product_tag","embeddable":true,"href":"https:\/\/shop.steel-containers.com\/pl\/wp-json\/wp\/v2\/product_tag?post=1715"}],"curies":[{"name":"wp","href":"https:\/\/api.w.org\/{rel}","templated":true}]}}