{"id":1716,"date":"2026-01-22T09:34:30","date_gmt":"2026-01-22T08:34:30","guid":{"rendered":"https:\/\/shop.steel-containers.com\/?post_type=product&#038;p=1716"},"modified":"2026-03-16T13:37:14","modified_gmt":"2026-03-16T12:37:14","slug":"fork-wozek-paletowy-reczny-paleciak-pr30","status":"publish","type":"product","link":"https:\/\/shop.steel-containers.com\/pl\/produkt\/fork-wozek-paletowy-reczny-paleciak-pr30\/","title":{"rendered":"FORK W\u00f3zek paletowy r\u0119czny Paleciak PR30"},"content":{"rendered":"<p>&nbsp;<\/p>\n<p><span class=\"HwtZe jCAhz ChMk0b ryNqvb\" lang=\"ru\">Standardowy r\u0119czny w\u00f3zek paletowy jest prosty, wydajny i stanowi niezb\u0119dne narz\u0119dzie do stosowania w r\u00f3\u017cnych ga\u0142\u0119ziach przemys\u0142u i miejscach pracy. W\u00f3zki te s\u0105 przeznaczone do przemieszczania i podnoszenia palet z towarami przy u\u017cyciu si\u0142y ludzkiej i hydraulicznych mechanizm\u00f3w podnosz\u0105cych. S\u0105 \u0142atwe w prowadzeniu i manewrowaniu oraz zapewniaj\u0105 bezpieczny i wydajny spos\u00f3b przemieszczania \u0142adunk\u00f3w w magazynach, fabrykach i innych lokalizacjach. Standardowe r\u0119czne w\u00f3zki paletowe s\u0105 trwa\u0142e i mo\u017cna je dostosowa\u0107 do r\u00f3\u017cnych potrzeb i zada\u0144. S\u0105 cz\u0119sto u\u017cywane jako podstawowy wyb\u00f3r do transportu materia\u0142\u00f3w, poniewa\u017c oferuj\u0105 dobr\u0105 wydajno\u015b\u0107 w przyst\u0119pnej i op\u0142acalnej cenie. W\u00f3zki te s\u0105 niezb\u0119dne w wielu zak\u0142adach pracy, gdzie konieczne jest przemieszczanie i przechowywanie \u0142adunk\u00f3w, a tak\u017ce s\u0105 niezast\u0105pionym narz\u0119dziem do sprawnej organizacji proces\u00f3w pracy.<\/span><\/p>\n<p><span class=\"HwtZe jCAhz ChMk0b ryNqvb\" lang=\"ru\"><strong>Podr\u0119cznik standardowy w\u00f3zek paletowy PR30:<\/strong><\/span><\/p>\n<ul>\n<li><span class=\"HwtZe jCAhz ChMk0b ryNqvb\" lang=\"ru\"><strong>No\u015bno\u015b\u0107<\/strong> &#8211; 3000kg;<\/span><\/li>\n<li><span class=\"HwtZe jCAhz ChMk0b ryNqvb\" lang=\"ru\">Wyposa\u017cony w <strong>wysokiej jako\u015bci i \u0142atw\u0105 w utrzymaniu pomp\u0119;<\/strong><\/span><\/li>\n<li><span class=\"HwtZe jCAhz ChMk0b ryNqvb\" lang=\"ru\"><strong>Ma\u0142a konstrukcja z zdejmowanym korpusem pompy<\/strong> &#8211; je\u015bli wyst\u0105pi jakakolwiek usterka w ma\u0142ej pompie, mo\u017cna j\u0105 naprawi\u0107 wymiana tylko jego, a nie ca\u0142ego zespo\u0142u pompy;<\/span><\/li>\n<li><span class=\"HwtZe jCAhz ChMk0b ryNqvb\" lang=\"ru\"><strong>Wysokiej jako\u015bci spr\u0119\u017cyna <\/strong>zapewnia d\u0142ug\u0105 \u017cywotno\u015b\u0107;<\/span><\/li>\n<li><span class=\"HwtZe jCAhz ChMk0b ryNqvb\" lang=\"ru\">Dobrze zaprojektowany otw\u00f3r na ko\u0142o \u0142aduj\u0105ce (lepsza ochrona ko\u0142a, popychacza, widelca ko\u0142a itp.);<\/span><\/li>\n<li><span class=\"HwtZe jCAhz ChMk0b ryNqvb\" lang=\"ru\"><strong>Wytrzyma\u0142a konstrukcja obudowy<\/strong> zapewniaj\u0105ca stabilno\u015b\u0107 i niezawodno\u015b\u0107;<\/span><\/li>\n<li><strong>Unikalna konstrukcja widelca <\/strong>&#8211; widelce z rowkami, dziurkowane ci\u0119\u017ckim dociskiem, znacznie mocniejsze ni\u017c zwyk\u0142y p\u0142aski widelec;<\/li>\n<li><span class=\"HwtZe jCAhz ChMk0b ryNqvb\" lang=\"ru\"><strong>Konstrukcja z regulowanym popychaczem <\/strong>&#8211; w przypadku u\u017cywania w\u00f3zka paletowego przez ponad rok, dwa wid\u0142y mo\u017ce nie by\u0107 na tym samym poziomie, przy tym projekcie nadal mo\u017cna go \u0142atwo dostosowa\u0107;<\/span><\/li>\n<li><span class=\"HwtZe jCAhz ChMk0b ryNqvb\" lang=\"ru\">Standardowe usztywnienie wzmacniaj\u0105ce pod wid\u0142ami;<\/span><\/li>\n<li><span class=\"HwtZe jCAhz ChMk0b ryNqvb\" lang=\"ru\"><strong>Mo\u017cliwo\u015b\u0107 zastosowania r\u00f3\u017cnych materia\u0142\u00f3w pow\u0142okowych<\/strong> zar\u00f3wno dla rolek kierownicy, jak i widelca;<\/span><\/li>\n<li><span class=\"HwtZe jCAhz ChMk0b ryNqvb\" lang=\"ru\">Niezawodna jako\u015b\u0107 rolki \u0142aduj\u0105cej i prowadz\u0105cej;<\/span><\/li>\n<li><span class=\"HwtZe jCAhz ChMk0b ryNqvb\" lang=\"ru\">Dobrej jako\u015bci ko\u0142a i \u0142o\u017cyska.<\/span><\/li>\n<\/ul>\n","protected":false},"excerpt":{"rendered":"<p>PR30<\/p>\n","protected":false},"featured_media":744,"comment_status":"open","ping_status":"closed","template":"","meta":[],"product_brand":[],"product_cat":[105],"product_tag":[],"class_list":{"0":"post-1716","1":"product","2":"type-product","3":"status-publish","4":"has-post-thumbnail","6":"product_cat-wozki-paletowe","7":"product_shipping_class-kurier-450","9":"first","10":"instock","11":"taxable","12":"shipping-taxable","13":"purchasable","14":"product-type-simple"},"_links":{"self":[{"href":"https:\/\/shop.steel-containers.com\/pl\/wp-json\/wp\/v2\/product\/1716","targetHints":{"allow":["GET"]}}],"collection":[{"href":"https:\/\/shop.steel-containers.com\/pl\/wp-json\/wp\/v2\/product"}],"about":[{"href":"https:\/\/shop.steel-containers.com\/pl\/wp-json\/wp\/v2\/types\/product"}],"replies":[{"embeddable":true,"href":"https:\/\/shop.steel-containers.com\/pl\/wp-json\/wp\/v2\/comments?post=1716"}],"wp:featuredmedia":[{"embeddable":true,"href":"https:\/\/shop.steel-containers.com\/pl\/wp-json\/wp\/v2\/media\/744"}],"wp:attachment":[{"href":"https:\/\/shop.steel-containers.com\/pl\/wp-json\/wp\/v2\/media?parent=1716"}],"wp:term":[{"taxonomy":"product_brand","embeddable":true,"href":"https:\/\/shop.steel-containers.com\/pl\/wp-json\/wp\/v2\/product_brand?post=1716"},{"taxonomy":"product_cat","embeddable":true,"href":"https:\/\/shop.steel-containers.com\/pl\/wp-json\/wp\/v2\/product_cat?post=1716"},{"taxonomy":"product_tag","embeddable":true,"href":"https:\/\/shop.steel-containers.com\/pl\/wp-json\/wp\/v2\/product_tag?post=1716"}],"curies":[{"name":"wp","href":"https:\/\/api.w.org\/{rel}","templated":true}]}}