{"id":1717,"date":"2026-01-22T09:34:30","date_gmt":"2026-01-22T08:34:30","guid":{"rendered":"https:\/\/shop.steel-containers.com\/?post_type=product&#038;p=1717"},"modified":"2026-03-16T13:37:35","modified_gmt":"2026-03-16T12:37:35","slug":"fork-wozek-paletowy-reczny-paleciak-krotkie-widly-800mm-pr25-800","status":"publish","type":"product","link":"https:\/\/shop.steel-containers.com\/pl\/produkt\/fork-wozek-paletowy-reczny-paleciak-krotkie-widly-800mm-pr25-800\/","title":{"rendered":"FORK W\u00f3zek paletowy r\u0119czny Paleciak kr\u00f3tkie wid\u0142y 800mm PR25-800"},"content":{"rendered":"<p>R\u0119czne w\u00f3zki paletowe s\u0105 proste, wydajne i stanowi\u0105 niezb\u0119dne narz\u0119dzie do stosowania w r\u00f3\u017cnych ga\u0142\u0119ziach przemys\u0142u i miejscach pracy. <strong>Kr\u00f3tsze wid\u0142y dobrze nadaj\u0105 si\u0119 do r\u00f3\u017cnych \u0142adunk\u00f3w lub sytuacji, w kt\u00f3rych niezwykle wa\u017cna jest zwrotno\u015b\u0107 w ciasnych przestrzeniach.<\/strong> Umo\u017cliwiaj\u0105 wykonywanie ciasnych zakr\u0119t\u00f3w i \u0142atwiejsze poruszanie si\u0119 po zat\u0142oczonych obszarach.<\/p>\n<p>Te w\u00f3zki przeznaczone s\u0105 do przenoszenia i podnoszenia palet z towarami za pomoc\u0105 si\u0142y ludzkiej i hydraulicznych mechanizm\u00f3w podnosz\u0105cych. S\u0105 \u0142atwe w prowadzeniu i manewrowaniu oraz zapewniaj\u0105 bezpieczny i wydajny spos\u00f3b przemieszczania \u0142adunk\u00f3w w magazynach, fabrykach i innych lokalizacjach. R\u0119czne w\u00f3zki paletowe s\u0105 trwa\u0142e i mo\u017cna je dostosowa\u0107 do r\u00f3\u017cnych potrzeb i zada\u0144. S\u0105 cz\u0119sto u\u017cywane jako podstawowy wyb\u00f3r do transportu materia\u0142\u00f3w, poniewa\u017c oferuj\u0105 dobr\u0105 wydajno\u015b\u0107 w przyst\u0119pnej i op\u0142acalnej cenie. W\u00f3zki te s\u0105 niezb\u0119dne na wielu stanowiskach pracy, gdzie konieczne jest przemieszczanie i magazynowanie \u0142adunk\u00f3w oraz s\u0105 niezast\u0105pionym narz\u0119dziem do sprawnej organizacji proces\u00f3w pracy.<\/p>\n<p><strong>Kr\u00f3tki r\u0119czny w\u00f3zek paletowy PR25-800:<\/strong><\/p>\n<ul>\n<li style=\"list-style-type: none;\">\n<ul>\n<li><strong>D\u0142ugo\u015b\u0107 wide\u0142<\/strong> &#8211; 800mm;<\/li>\n<li><strong>No\u015bno\u015b\u0107<\/strong> &#8211; 2500kg;<\/li>\n<li>Wyposa\u017cona w <strong>wysokiej jako\u015bci i \u0142atw\u0105 w utrzymaniu pomp\u0119;<\/strong><\/li>\n<li><strong>Ma\u0142y korpus pompy, kt\u00f3ry mo\u017cna zdejmowa\u0107<\/strong>&#8211; w przypadku jakiejkolwiek usterki ma\u0142ej pomp\u0119, mo\u017cna j\u0105 naprawi\u0107 poprzez wymian\u0119 samej pompy, a nie ca\u0142ego zespo\u0142u pompy;<\/li>\n<li><strong>Wysokiej jako\u015bci spr\u0119\u017cyna <\/strong>zapewnia d\u0142ug\u0105 \u017cywotno\u015b\u0107;<\/li>\n<li>Dobrze zaprojektowany otw\u00f3r na ko\u0142o za\u0142adowcze (lepsza ochrona ko\u0142a, popychacza, wide\u0142ek ko\u0142a itp.);<\/li>\n<li><strong>Wytrzyma\u0142a konstrukcja podwozia<\/strong> zapewniaj\u0105ca stabilno\u015b\u0107 i niezawodno\u015b\u0107;Unikalna konstrukcja wide\u0142 &#8211; wid\u0142y rowkowane, uderzane ci\u0119\u017ckim dociskiem, znacznie mocniejsze ni\u017c zwyk\u0142e wid\u0142y p\u0142askie;<\/li>\n<li><strong>Konstrukcja popychacza z regulacj\u0105<\/strong> &#8211; w przypadku u\u017cytkowania w\u00f3zka paletowego d\u0142u\u017cej ni\u017c rok, dwa widelce mog\u0105 nie znajdowa\u0107 si\u0119 na tym samym poziomie, przy tej konstrukcji nadal mo\u017cna to \u0142atwo wyregulowa\u0107;<\/li>\n<li>Standardowe usztywnienie pod wid\u0142ami;<\/li>\n<li><strong>Mo\u017cliwo\u015b\u0107 zastosowania innej pow\u0142oki materia\u0142y<\/strong> zar\u00f3wno na rolki kierownicy, jak i wide\u0142;<\/li>\n<li>Niezawodna jako\u015b\u0107 rolek \u0142aduj\u0105cych i prowadz\u0105cych;<\/li>\n<li>Dobrej jako\u015bci ko\u0142a i \u0142o\u017cyska.<\/li>\n<\/ul>\n<\/li>\n<\/ul>\n<p>&nbsp;<\/p>\n","protected":false},"excerpt":{"rendered":"<p>PR25-800<\/p>\n","protected":false},"featured_media":745,"comment_status":"open","ping_status":"closed","template":"","meta":[],"product_brand":[],"product_cat":[105],"product_tag":[],"class_list":{"0":"post-1717","1":"product","2":"type-product","3":"status-publish","4":"has-post-thumbnail","6":"product_cat-wozki-paletowe","7":"product_shipping_class-kurier-450","9":"first","10":"instock","11":"taxable","12":"shipping-taxable","13":"purchasable","14":"product-type-simple"},"_links":{"self":[{"href":"https:\/\/shop.steel-containers.com\/pl\/wp-json\/wp\/v2\/product\/1717","targetHints":{"allow":["GET"]}}],"collection":[{"href":"https:\/\/shop.steel-containers.com\/pl\/wp-json\/wp\/v2\/product"}],"about":[{"href":"https:\/\/shop.steel-containers.com\/pl\/wp-json\/wp\/v2\/types\/product"}],"replies":[{"embeddable":true,"href":"https:\/\/shop.steel-containers.com\/pl\/wp-json\/wp\/v2\/comments?post=1717"}],"wp:featuredmedia":[{"embeddable":true,"href":"https:\/\/shop.steel-containers.com\/pl\/wp-json\/wp\/v2\/media\/745"}],"wp:attachment":[{"href":"https:\/\/shop.steel-containers.com\/pl\/wp-json\/wp\/v2\/media?parent=1717"}],"wp:term":[{"taxonomy":"product_brand","embeddable":true,"href":"https:\/\/shop.steel-containers.com\/pl\/wp-json\/wp\/v2\/product_brand?post=1717"},{"taxonomy":"product_cat","embeddable":true,"href":"https:\/\/shop.steel-containers.com\/pl\/wp-json\/wp\/v2\/product_cat?post=1717"},{"taxonomy":"product_tag","embeddable":true,"href":"https:\/\/shop.steel-containers.com\/pl\/wp-json\/wp\/v2\/product_tag?post=1717"}],"curies":[{"name":"wp","href":"https:\/\/api.w.org\/{rel}","templated":true}]}}