{"id":1719,"date":"2026-01-22T09:34:30","date_gmt":"2026-01-22T08:34:30","guid":{"rendered":"https:\/\/shop.steel-containers.com\/?post_type=product&#038;p=1719"},"modified":"2026-03-16T13:38:19","modified_gmt":"2026-03-16T12:38:19","slug":"fork-wozek-paletowy-reczny-paleciak-ocynkowany-przn25","status":"publish","type":"product","link":"https:\/\/shop.steel-containers.com\/pl\/produkt\/fork-wozek-paletowy-reczny-paleciak-ocynkowany-przn25\/","title":{"rendered":"FORK W\u00f3zek paletowy r\u0119czny Paleciak ocynkowany PRZN25"},"content":{"rendered":"<p>Ocynkowane r\u0119czne w\u00f3zki paletowe s\u0105 niezb\u0119dnym narz\u0119dziem w ka\u017cdym magazynie, w kt\u00f3rym towary lub produkty przechowywane s\u0105 na paletach. Ich ocynkowana powierzchnia poprawia odporno\u015b\u0107 na korozj\u0119 i zapewnia d\u0142ug\u0105 \u017cywotno\u015b\u0107. W\u00f3zki te zaprojektowano do wydajnego przemieszczania i podnoszenia ci\u0119\u017ckich \u0142adunk\u00f3w na paletach przy u\u017cyciu si\u0142y ludzkiej. W\u00f3zki paletowe wyposa\u017cone s\u0105 w pomp\u0119 hydrauliczn\u0105 o du\u017cej wydajno\u015bci, kt\u00f3ra zapewni wygodne i szybkie podnoszenie towaru w celu jego przeniesienia. Cz\u0119sto stosowane s\u0105 w magazynach, fabrykach i innych miejscach pracy, gdzie trzeba przewie\u017a\u0107 du\u017ce ilo\u015bci \u0142adunku. Ocynkowana pow\u0142oka ramy pomaga chroni\u0107 w\u00f3zek przed rdz\u0105 i zachowa\u0107 jego trwa\u0142o\u015b\u0107, dzi\u0119ki czemu jest trwa\u0142ym rozwi\u0105zaniem do transportu materia\u0142\u00f3w.<\/p>\n<p><strong>Wszystkie zewn\u0119trzne cz\u0119\u015bci r\u0119cznego w\u00f3zka paletowego s\u0105 ocynkowane, w tym pompa hydrauliczna, rama wide\u0142, uchwyt itd.<\/strong><\/p>\n<p>Maj\u0105 specjalne zastosowanie w zimnych i wilgotnych \u015brodowiskach, poniewa\u017c <strong>wytrzymuj\u0105 dzia\u0142anie zimna, kondensacji i mycia.<\/strong><\/p>\n<p><strong>R\u0119czny w\u00f3zek paletowy GUMI ocynkowany PRZN25 wyposa\u017cony w:<\/strong><\/p>\n<ul>\n<li><strong>Zaw\u00f3r nadmiarowy ci\u015bnienia i zaw\u00f3r przeci\u0105\u017ceniowy<\/strong> zapobiegaj\u0105cy uszkodzenie pompy, gdy obci\u0105\u017cenie przekracza dopuszczalny ci\u0119\u017car;<\/li>\n<li><strong>Jednocz\u0119\u015bciowa konstrukcja pompy<\/strong> u\u0142atwia napraw\u0119, zapewniaj\u0105c niezawodn\u0105 prac\u0119 i d\u0142ug\u0105 \u017cywotno\u015b\u0107;<\/li>\n<li>Nylonowe rolki wide\u0142kowe jako standardowa opcja do u\u017cytku w mokrych lub trudnych warunkach.<\/li>\n<\/ul>\n","protected":false},"excerpt":{"rendered":"<p>PRZN25<\/p>\n","protected":false},"featured_media":747,"comment_status":"open","ping_status":"closed","template":"","meta":[],"product_brand":[],"product_cat":[105],"product_tag":[],"class_list":{"0":"post-1719","1":"product","2":"type-product","3":"status-publish","4":"has-post-thumbnail","6":"product_cat-wozki-paletowe","7":"product_shipping_class-kurier-450","9":"first","10":"instock","11":"taxable","12":"shipping-taxable","13":"purchasable","14":"product-type-simple"},"_links":{"self":[{"href":"https:\/\/shop.steel-containers.com\/pl\/wp-json\/wp\/v2\/product\/1719","targetHints":{"allow":["GET"]}}],"collection":[{"href":"https:\/\/shop.steel-containers.com\/pl\/wp-json\/wp\/v2\/product"}],"about":[{"href":"https:\/\/shop.steel-containers.com\/pl\/wp-json\/wp\/v2\/types\/product"}],"replies":[{"embeddable":true,"href":"https:\/\/shop.steel-containers.com\/pl\/wp-json\/wp\/v2\/comments?post=1719"}],"wp:featuredmedia":[{"embeddable":true,"href":"https:\/\/shop.steel-containers.com\/pl\/wp-json\/wp\/v2\/media\/747"}],"wp:attachment":[{"href":"https:\/\/shop.steel-containers.com\/pl\/wp-json\/wp\/v2\/media?parent=1719"}],"wp:term":[{"taxonomy":"product_brand","embeddable":true,"href":"https:\/\/shop.steel-containers.com\/pl\/wp-json\/wp\/v2\/product_brand?post=1719"},{"taxonomy":"product_cat","embeddable":true,"href":"https:\/\/shop.steel-containers.com\/pl\/wp-json\/wp\/v2\/product_cat?post=1719"},{"taxonomy":"product_tag","embeddable":true,"href":"https:\/\/shop.steel-containers.com\/pl\/wp-json\/wp\/v2\/product_tag?post=1719"}],"curies":[{"name":"wp","href":"https:\/\/api.w.org\/{rel}","templated":true}]}}