{"id":1720,"date":"2026-01-22T09:34:31","date_gmt":"2026-01-22T08:34:31","guid":{"rendered":"https:\/\/shop.steel-containers.com\/?post_type=product&#038;p=1720"},"modified":"2026-03-16T13:31:58","modified_gmt":"2026-03-16T12:31:58","slug":"fork-wozek-masztowy-paletowy-gm10-16","status":"publish","type":"product","link":"https:\/\/shop.steel-containers.com\/pl\/produkt\/fork-wozek-masztowy-paletowy-gm10-16\/","title":{"rendered":"FORK W\u00f3zek masztowy paletowy GM10-16"},"content":{"rendered":"<p><strong>Standardowy r\u0119czny w\u00f3zek podno\u015bnikowy FORK GM10-16 <\/strong>&#8211; do transportu i podnoszenia, z r\u00f3\u017cnymi opcjami maszt\u00f3w i r\u00f3\u017cnorodnym ud\u017awigiem, pozwala sprosta\u0107 niezliczonym zadaniom przeprowadzkowym w magazynach lub innych obiektach.<\/p>\n<ul>\n<li><strong>No\u015bno\u015b\u0107<\/strong>&#8211; 1000kg;<\/li>\n<li><strong>Wysoko\u015b\u0107 podnoszenia<\/strong>&#8211; 1600mm;<\/li>\n<li>\u0141atwa i wygodna obs\u0142uga dzi\u0119ki <strong>ergonomicznym uchwytom<\/strong>, \u0142atwemu prowadzeniu podczas transportu;<\/li>\n<li>Bezpieczne parkowanie w ka\u017cdej sytuacji dzi\u0119ki <strong>mechanicznemu hamulcowi postojowemu<\/strong>;<\/li>\n<\/ul>\n<p><strong>G\u0142\u00f3wne zalety pilarek r\u0119cznych:<\/strong><\/p>\n<ul>\n<li>Ergonomiczna konstrukcja uchwytu, \u0142atwe sterowanie, wygodna obs\u0142uga;<\/li>\n<li>Wysokiej jako\u015bci ko\u0142a;<strong>\u00a0<\/strong><\/li>\n<li>\u0141atwa w obs\u0142udze konstrukcja, kt\u00f3ra pozwala u\u017cytkownikowi u\u017cywa\u0107 urz\u0105dzenia jako wygodnego asystenta w ka\u017cdym magazynie;<\/li>\n<li>Konstrukcja ze stali o wysokiej wytrzyma\u0142o\u015bci;<\/li>\n<li>Po\u0142\u0105czenie jako\u015bci i korzystna cena;<\/li>\n<li>Ekonomiczna opcja dla ma\u0142ej firmy lub osoby fizycznej z ma\u0142ym magazynem.<\/li>\n<\/ul>\n","protected":false},"excerpt":{"rendered":"<p>GM10-16<\/p>\n","protected":false},"featured_media":748,"comment_status":"open","ping_status":"closed","template":"","meta":[],"product_brand":[],"product_cat":[520],"product_tag":[],"class_list":{"0":"post-1720","1":"product","2":"type-product","3":"status-publish","4":"has-post-thumbnail","6":"product_cat-masztowe-wozki-paletowe","7":"product_shipping_class-kurier-450","9":"first","10":"instock","11":"taxable","12":"shipping-taxable","13":"purchasable","14":"product-type-simple"},"_links":{"self":[{"href":"https:\/\/shop.steel-containers.com\/pl\/wp-json\/wp\/v2\/product\/1720","targetHints":{"allow":["GET"]}}],"collection":[{"href":"https:\/\/shop.steel-containers.com\/pl\/wp-json\/wp\/v2\/product"}],"about":[{"href":"https:\/\/shop.steel-containers.com\/pl\/wp-json\/wp\/v2\/types\/product"}],"replies":[{"embeddable":true,"href":"https:\/\/shop.steel-containers.com\/pl\/wp-json\/wp\/v2\/comments?post=1720"}],"wp:featuredmedia":[{"embeddable":true,"href":"https:\/\/shop.steel-containers.com\/pl\/wp-json\/wp\/v2\/media\/748"}],"wp:attachment":[{"href":"https:\/\/shop.steel-containers.com\/pl\/wp-json\/wp\/v2\/media?parent=1720"}],"wp:term":[{"taxonomy":"product_brand","embeddable":true,"href":"https:\/\/shop.steel-containers.com\/pl\/wp-json\/wp\/v2\/product_brand?post=1720"},{"taxonomy":"product_cat","embeddable":true,"href":"https:\/\/shop.steel-containers.com\/pl\/wp-json\/wp\/v2\/product_cat?post=1720"},{"taxonomy":"product_tag","embeddable":true,"href":"https:\/\/shop.steel-containers.com\/pl\/wp-json\/wp\/v2\/product_tag?post=1720"}],"curies":[{"name":"wp","href":"https:\/\/api.w.org\/{rel}","templated":true}]}}