{"id":1727,"date":"2026-01-22T09:34:32","date_gmt":"2026-01-22T08:34:32","guid":{"rendered":"https:\/\/shop.steel-containers.com\/?post_type=product&#038;p=1727"},"modified":"2026-03-16T13:27:32","modified_gmt":"2026-03-16T12:27:32","slug":"fork-stol-podnosny-nozycowy-hdg150","status":"publish","type":"product","link":"https:\/\/shop.steel-containers.com\/pl\/produkt\/fork-stol-podnosny-nozycowy-hdg150\/","title":{"rendered":"FORK St\u00f3\u0142 podno\u015bny no\u017cycowy HDG150"},"content":{"rendered":"<p>R\u0119czny st\u00f3\u0142 no\u017cycowy lub hydrauliczny mo\u017ce znale\u017a\u0107 zastosowanie w serwisach, gara\u017cach, zak\u0142adach produkcyjnych, fabrykach, magazynach i innych pomieszczeniach. Hydrauliczne sto\u0142y robocze s\u0105 \u0142atwe i wygodne w u\u017cyciu w ka\u017cdej firmie. Podnoszone sto\u0142y robocze nadaj\u0105 si\u0119 do stosowania pod du\u017cym obci\u0105\u017ceniem lub w warunkach wysokiego ci\u015bnienia. Posiadaj\u0105 ergonomiczn\u0105 i wygodn\u0105 r\u0105czk\u0119, kt\u00f3ra daje ka\u017cdemu u\u017cytkownikowi mo\u017cliwo\u015b\u0107 \u0142atwej obs\u0142ugi i wykonywania niezb\u0119dnych czynno\u015bci. FORK jest profesjonalnym hurtowym dostawc\u0105 sto\u0142\u00f3w podno\u015bnych no\u017cycowych. Szeroki zakres wysoko\u015bci podnoszenia, wymiar\u00f3w i ud\u017awig\u00f3w hydraulicznych sto\u0142\u00f3w warsztatowych sprawia, \u017ce \u200b\u200bmo\u017cna je dostosowa\u0107 do r\u00f3\u017cnych zastosowa\u0144 i rodzaju pracy.<\/p>\n<p><strong>G\u0142\u00f3wne zalety sto\u0142\u00f3w podno\u015bnych GUMI:<\/strong><\/p>\n<ul>\n<li>Ergonomiczna konstrukcja uchwytu, \u0142atwe sterowanie, wygodna obs\u0142uga;<\/li>\n<li>Wysokiej jako\u015bci ko\u0142a;<\/li>\n<li>\u0141atwa w obs\u0142udze konstrukcja, kt\u00f3ra pozwala u\u017cytkownikowi korzysta\u0107 ze sprz\u0119tu jako wygodny pomocnik w ka\u017cdym magazynie;<\/li>\n<li>Ergonomia w ka\u017cdym szczeg\u00f3le;<\/li>\n<li>Konstrukcja ze stali o wysokiej wytrzyma\u0142o\u015bci;<\/li>\n<li>Po\u0142\u0105czenie jako\u015bci i dobrej ceny;<\/li>\n<li>Opcja ekonomiczna dla ma\u0142ej firmy lub osoby fizycznej z ma\u0142ym magazynem.<\/li>\n<\/ul>\n","protected":false},"excerpt":{"rendered":"<p>HDG150<\/p>\n","protected":false},"featured_media":755,"comment_status":"open","ping_status":"closed","template":"","meta":[],"product_brand":[],"product_cat":[517],"product_tag":[],"class_list":{"0":"post-1727","1":"product","2":"type-product","3":"status-publish","4":"has-post-thumbnail","6":"product_cat-nozycowe-wozki-paletowe","7":"product_shipping_class-kurier-450","9":"first","10":"instock","11":"taxable","12":"shipping-taxable","13":"purchasable","14":"product-type-simple"},"_links":{"self":[{"href":"https:\/\/shop.steel-containers.com\/pl\/wp-json\/wp\/v2\/product\/1727","targetHints":{"allow":["GET"]}}],"collection":[{"href":"https:\/\/shop.steel-containers.com\/pl\/wp-json\/wp\/v2\/product"}],"about":[{"href":"https:\/\/shop.steel-containers.com\/pl\/wp-json\/wp\/v2\/types\/product"}],"replies":[{"embeddable":true,"href":"https:\/\/shop.steel-containers.com\/pl\/wp-json\/wp\/v2\/comments?post=1727"}],"wp:featuredmedia":[{"embeddable":true,"href":"https:\/\/shop.steel-containers.com\/pl\/wp-json\/wp\/v2\/media\/755"}],"wp:attachment":[{"href":"https:\/\/shop.steel-containers.com\/pl\/wp-json\/wp\/v2\/media?parent=1727"}],"wp:term":[{"taxonomy":"product_brand","embeddable":true,"href":"https:\/\/shop.steel-containers.com\/pl\/wp-json\/wp\/v2\/product_brand?post=1727"},{"taxonomy":"product_cat","embeddable":true,"href":"https:\/\/shop.steel-containers.com\/pl\/wp-json\/wp\/v2\/product_cat?post=1727"},{"taxonomy":"product_tag","embeddable":true,"href":"https:\/\/shop.steel-containers.com\/pl\/wp-json\/wp\/v2\/product_tag?post=1727"}],"curies":[{"name":"wp","href":"https:\/\/api.w.org\/{rel}","templated":true}]}}