{"id":1741,"date":"2026-01-22T09:34:33","date_gmt":"2026-01-22T08:34:33","guid":{"rendered":"https:\/\/shop.steel-containers.com\/?post_type=product&#038;p=1741"},"modified":"2026-03-16T13:26:07","modified_gmt":"2026-03-16T12:26:07","slug":"fork-polelektryczny-nozycowy-wozek-paletowy-prsp1000s","status":"publish","type":"product","link":"https:\/\/shop.steel-containers.com\/pl\/produkt\/fork-polelektryczny-nozycowy-wozek-paletowy-prsp1000s\/","title":{"rendered":"FORK P\u00f3\u0142elektryczny no\u017cycowy w\u00f3zek paletowy  PRSP1000S"},"content":{"rendered":"<p>Przeci\u0105\u017cenie ka\u017cdego pracownika, kt\u00f3re wi\u0105\u017ce si\u0119 z cz\u0119stym podnoszeniem, umieszczaniem lub przenoszeniem ci\u0119\u017ckich przedmiot\u00f3w, ma znacz\u0105cy wp\u0142yw na zdrowie personelu. W takich sytuacjach doskona\u0142ym wyborem s\u0105 p\u00f3\u0142elektryczne no\u017cycowe w\u00f3zki paletowe z oferty FORK. Szeroki zakres ud\u017awig\u00f3w i wysoko\u015bci podnoszenia gwarantuje, \u017ce ka\u017cdy klient znajdzie produkt najbardziej odpowiedni do jego potrzeb. No\u017cycowy w\u00f3zek paletowy mo\u017ce by\u0107 u\u017cywany zar\u00f3wno jako r\u0119czny w\u00f3zek paletowy, jak i jako platforma podnosz\u0105ca, st\u00f3\u0142 do pakowania, a nawet st\u00f3\u0142 warsztatowy.<\/p>\n<p>P\u00f3\u0142elektryczne no\u017cycowe w\u00f3zki paletowe \u0142\u0105cz\u0105 w sobie mo\u017cliwo\u015bci podnoszenia elektrycznego z nap\u0119dem r\u0119cznym. Oznacza to, \u017ce chocia\u017c funkcja podnoszenia jest obs\u0142ugiwana elektrycznie, do kierowania i manewrowania wymagana jest r\u0119czna praca.<\/p>\n<p><strong>P\u00f3\u0142elektryczny no\u017cycowy w\u00f3zek paletowy PRSP1000S:<\/strong><\/p>\n<ul>\n<li style=\"list-style-type: none;\">\n<ul>\n<li><strong>Ud\u017awig<\/strong> &#8211; 1000kg;<\/li>\n<li><strong>Wysoko\u015b\u0107 podnoszenia<\/strong> &#8211; 800mm;<\/li>\n<li><strong>Wytrzyma\u0142e wid\u0142y wytrzymuj\u0105ce du\u017ce obci\u0105\u017cenia i mo\u017cna je regulowa\u0107 w celu dostosowania do r\u00f3\u017cnych rozmiar\u00f3w;<\/strong><\/li>\n<li><strong>Z<\/strong> <strong>zaworem nadmiarowym ci\u015bnienia i zaworem przeci\u0105\u017ceniowym<\/strong> zapobiegaj\u0105cym uszkodzeniu pompy, gdy obci\u0105\u017cenie przekracza limit masy;<\/li>\n<li><strong>Zamkni\u0119te ko\u0144c\u00f3wki wide\u0142 i wzmocnione ramy wide\u0142<\/strong> \u2013 zapewniaj\u0105 d\u0142ug\u0105 \u017cywotno\u015b\u0107.<\/li>\n<\/ul>\n<\/li>\n<\/ul>\n<p>&nbsp;<\/p>\n<p>Ten typ w\u00f3zk\u00f3w paletowych oferuje r\u00f3\u017cne zalety, takie jak zmniejszone obci\u0105\u017cenie fizyczne operator\u00f3w, zwi\u0119kszona wydajno\u015b\u0107 i wi\u0119ksze bezpiecze\u0144stwo, co czyni je niezb\u0119dnymi narz\u0119dziami optymalizacji proces\u00f3w pracy.<\/p>\n","protected":false},"excerpt":{"rendered":"<p>PRSP1000S<\/p>\n","protected":false},"featured_media":799,"comment_status":"open","ping_status":"closed","template":"","meta":[],"product_brand":[],"product_cat":[523],"product_tag":[],"class_list":{"0":"post-1741","1":"product","2":"type-product","3":"status-publish","4":"has-post-thumbnail","6":"product_cat-elektryczne-wozki-paletowe","7":"product_shipping_class-kurier-450","9":"first","10":"instock","11":"taxable","12":"shipping-taxable","13":"purchasable","14":"product-type-simple"},"_links":{"self":[{"href":"https:\/\/shop.steel-containers.com\/pl\/wp-json\/wp\/v2\/product\/1741","targetHints":{"allow":["GET"]}}],"collection":[{"href":"https:\/\/shop.steel-containers.com\/pl\/wp-json\/wp\/v2\/product"}],"about":[{"href":"https:\/\/shop.steel-containers.com\/pl\/wp-json\/wp\/v2\/types\/product"}],"replies":[{"embeddable":true,"href":"https:\/\/shop.steel-containers.com\/pl\/wp-json\/wp\/v2\/comments?post=1741"}],"wp:featuredmedia":[{"embeddable":true,"href":"https:\/\/shop.steel-containers.com\/pl\/wp-json\/wp\/v2\/media\/799"}],"wp:attachment":[{"href":"https:\/\/shop.steel-containers.com\/pl\/wp-json\/wp\/v2\/media?parent=1741"}],"wp:term":[{"taxonomy":"product_brand","embeddable":true,"href":"https:\/\/shop.steel-containers.com\/pl\/wp-json\/wp\/v2\/product_brand?post=1741"},{"taxonomy":"product_cat","embeddable":true,"href":"https:\/\/shop.steel-containers.com\/pl\/wp-json\/wp\/v2\/product_cat?post=1741"},{"taxonomy":"product_tag","embeddable":true,"href":"https:\/\/shop.steel-containers.com\/pl\/wp-json\/wp\/v2\/product_tag?post=1741"}],"curies":[{"name":"wp","href":"https:\/\/api.w.org\/{rel}","templated":true}]}}